{"id":959,"date":"2017-09-12T17:23:29","date_gmt":"2017-09-12T17:23:29","guid":{"rendered":"https:\/\/misviajes750.wordpress.com\/?page_id=959"},"modified":"2024-07-22T17:06:23","modified_gmt":"2024-07-22T17:06:23","slug":"la-carretera-del-grosglockner-2012","status":"publish","type":"page","link":"https:\/\/misviajes.rosaguijarro.com\/index.php\/la-carretera-del-grosglockner-2012\/","title":{"rendered":"La carretera del Gro\u00dfglockner, 2012"},"content":{"rendered":"<div class=\"postarea\">\n<div class=\"post\">\n<div id=\"msg_2805932\" class=\"inner\">\n<p style=\"text-align: left;\">En julio\u00a0 de 2012 hice la carretera del Gro\u00dfglockner, en Austria. Antes de emprender el viaje ten\u00eda muchas dudas sobre esta carretera y el motor de mi cali ya que hab\u00eda le\u00eddo que hab\u00eda pendientes del 20%, hab\u00eda le\u00eddo tambi\u00e9n que los frenos se calentaban mucho, etc. etc. Quiero agradecer a Esmolante sus consejos que me animaron mucho. As\u00ed que me he decidido a colgar unas fotos sobre la famosa carretera y decir que la mayor\u00eda las pendientes son del 12%, alguna puede llegar al 15% y en un tramo muy cortito se llega al 17%. Los frenos no se me calentaron en ning\u00fan momento, naturalmente conduc\u00eda despacio y con velocidades cortas, pero es que se trata de una carretera para disfrutar del paisaje. Son unos 40 km a los que dediqu\u00e9 varias horas.<\/p>\n<p style=\"text-align: left;\">Esta es la carretera, tiene dos entradas una en Heiligenblut y otra en Fusch an der Gro\u00dfglocknerstra\u00dfe. Empezamos la ruta con el cielo tapado y en algunos lugares lleg\u00f3 a caer algo de nieve (era el 16 de julio), pero luego el cielo se fue abriendo y sali\u00f3 el sol. Como veis se pueden ver marmotas y el gorri\u00f3n alpino.<\/p>\n<p style=\"text-align: left;\"><img decoding=\"async\" class=\"bbc_img aligncenter\" src=\"https:\/\/www.furgovw.org\/galeria\/fotos\/warda\/grossglockner0.jpg\" alt=\"\" \/><\/p>\n<p style=\"text-align: left;\"><img decoding=\"async\" class=\"bbc_img aligncenter\" src=\"https:\/\/www.furgovw.org\/galeria\/fotos\/warda\/img_80700.jpg\" alt=\"\" \/><\/p>\n<p style=\"text-align: left;\"><img decoding=\"async\" class=\"bbc_img aligncenter\" src=\"https:\/\/www.furgovw.org\/galeria\/fotos\/warda\/img_80880.jpg\" alt=\"\" \/><\/p>\n<p style=\"text-align: left;\"><img decoding=\"async\" class=\"bbc_img aligncenter\" src=\"https:\/\/www.furgovw.org\/galeria\/fotos\/warda\/img_80910.jpg\" alt=\"\" \/><\/p>\n<p style=\"text-align: left;\"><img decoding=\"async\" class=\"bbc_img aligncenter\" src=\"https:\/\/www.furgovw.org\/galeria\/fotos\/warda\/img_80930.jpg\" alt=\"\" \/><\/p>\n<p style=\"text-align: left;\"><img decoding=\"async\" class=\"bbc_img aligncenter\" src=\"https:\/\/www.furgovw.org\/galeria\/fotos\/warda\/img_81240.jpg\" alt=\"\" \/><\/p>\n<p style=\"text-align: left;\"><img decoding=\"async\" class=\"bbc_img aligncenter\" src=\"https:\/\/www.furgovw.org\/galeria\/fotos\/warda\/img_81310.jpg\" alt=\"\" \/><\/p>\n<p style=\"text-align: left;\"><img decoding=\"async\" class=\"bbc_img aligncenter\" src=\"https:\/\/www.furgovw.org\/galeria\/fotos\/warda\/img_81360.jpg\" alt=\"\" \/><\/p>\n<p style=\"text-align: left;\"><img decoding=\"async\" class=\"bbc_img aligncenter\" src=\"https:\/\/www.furgovw.org\/galeria\/fotos\/warda\/img_81520.jpg\" alt=\"\" \/><\/p>\n<p style=\"text-align: left;\"><img decoding=\"async\" class=\"bbc_img aligncenter\" src=\"https:\/\/www.furgovw.org\/galeria\/fotos\/warda\/img_81530.jpg\" alt=\"\" \/><\/p>\n<p style=\"text-align: left;\"><img decoding=\"async\" class=\"bbc_img aligncenter\" src=\"https:\/\/www.furgovw.org\/galeria\/fotos\/warda\/img_81750.jpg\" alt=\"\" \/><\/p>\n<p style=\"text-align: left;\"><img decoding=\"async\" class=\"bbc_img aligncenter\" src=\"https:\/\/www.furgovw.org\/galeria\/fotos\/warda\/img_81770.jpg\" alt=\"\" \/><\/p>\n<p style=\"text-align: left;\"><img decoding=\"async\" class=\"bbc_img aligncenter\" src=\"https:\/\/www.furgovw.org\/galeria\/fotos\/warda\/img_81800.jpg\" alt=\"\" \/><\/p>\n<p style=\"text-align: left;\"><img decoding=\"async\" class=\"bbc_img aligncenter\" src=\"https:\/\/www.furgovw.org\/galeria\/fotos\/warda\/img_81820.jpg\" alt=\"\" \/><\/p>\n<p style=\"text-align: left;\"><img decoding=\"async\" class=\"bbc_img aligncenter\" src=\"https:\/\/www.furgovw.org\/galeria\/fotos\/warda\/img_82000.jpg\" alt=\"\" \/><\/p>\n<p style=\"text-align: left;\"><img decoding=\"async\" class=\"bbc_img aligncenter\" src=\"https:\/\/www.furgovw.org\/galeria\/fotos\/warda\/img_82260.jpg\" alt=\"\" \/><\/p>\n<p style=\"text-align: left;\"><img decoding=\"async\" class=\"bbc_img aligncenter\" src=\"https:\/\/www.furgovw.org\/galeria\/fotos\/warda\/img_83070.jpg\" alt=\"\" \/><\/p>\n<p style=\"text-align: left;\">A m\u00ed me gust\u00f3 mucho. Espero que lo disfrut\u00e9is.<\/p>\n<\/div>\n<\/div>\n<p style=\"text-align: left;\">\n<\/div>\n<div class=\"moderatorbar\" style=\"text-align: left;\"><\/div>\n","protected":false},"excerpt":{"rendered":"<p>En julio\u00a0 de 2012 hice la carretera del Gro\u00dfglockner, en Austria. Antes de emprender el viaje ten\u00eda muchas dudas sobre esta carretera y el motor de mi cali ya que hab\u00eda le\u00eddo que hab\u00eda pendientes del 20%, hab\u00eda le\u00eddo tambi\u00e9n que los frenos se calentaban mucho, etc. etc. Quiero agradecer a Esmolante sus consejos que &#8230; <a title=\"La carretera del Gro\u00dfglockner, 2012\" class=\"read-more\" href=\"https:\/\/misviajes.rosaguijarro.com\/index.php\/la-carretera-del-grosglockner-2012\/\" aria-label=\"Leer m\u00e1s sobre La carretera del Gro\u00dfglockner, 2012\">Leer m\u00e1s<\/a><\/p>\n","protected":false},"author":2,"featured_media":0,"parent":0,"menu_order":0,"comment_status":"open","ping_status":"closed","template":"","meta":{"iawp_total_views":1,"footnotes":""},"class_list":["post-959","page","type-page","status-publish"],"_links":{"self":[{"href":"https:\/\/misviajes.rosaguijarro.com\/index.php\/wp-json\/wp\/v2\/pages\/959","targetHints":{"allow":["GET"]}}],"collection":[{"href":"https:\/\/misviajes.rosaguijarro.com\/index.php\/wp-json\/wp\/v2\/pages"}],"about":[{"href":"https:\/\/misviajes.rosaguijarro.com\/index.php\/wp-json\/wp\/v2\/types\/page"}],"author":[{"embeddable":true,"href":"https:\/\/misviajes.rosaguijarro.com\/index.php\/wp-json\/wp\/v2\/users\/2"}],"replies":[{"embeddable":true,"href":"https:\/\/misviajes.rosaguijarro.com\/index.php\/wp-json\/wp\/v2\/comments?post=959"}],"version-history":[{"count":2,"href":"https:\/\/misviajes.rosaguijarro.com\/index.php\/wp-json\/wp\/v2\/pages\/959\/revisions"}],"predecessor-version":[{"id":15117,"href":"https:\/\/misviajes.rosaguijarro.com\/index.php\/wp-json\/wp\/v2\/pages\/959\/revisions\/15117"}],"wp:attachment":[{"href":"https:\/\/misviajes.rosaguijarro.com\/index.php\/wp-json\/wp\/v2\/media?parent=959"}],"curies":[{"name":"wp","href":"https:\/\/api.w.org\/{rel}","templated":true}]}}