{"id":936,"date":"2017-09-12T17:09:27","date_gmt":"2017-09-12T17:09:27","guid":{"rendered":"https:\/\/misviajes750.wordpress.com\/?page_id=936"},"modified":"2024-09-18T12:02:08","modified_gmt":"2024-09-18T12:02:08","slug":"islandia-2013","status":"publish","type":"page","link":"https:\/\/misviajes.rosaguijarro.com\/index.php\/islandia-2013\/","title":{"rendered":"Islandia, 2013"},"content":{"rendered":"<p style=\"text-align: left;\">Hace unos a\u00f1os viajamos a Islandia y nos quedamos con las ganas de volver para m\u00e1s d\u00edas ya que no nos dio tiempo a recorrer los fiordos del oeste.<br \/>En primer lugar debimos elegir entre viajar con nuestra furgo o volar y recorrer la isla con algo alquilado. Tras calcular lo que nos costar\u00eda el desplazamiento hasta Hirtshals (unos 5.000 km el viaje de ida y de vuelta) tanto en tiempo como en dinero, m\u00e1s el ferry, optamos por volar hasta Reykjavik y alquilar all\u00ed.<br \/>Los preparativos empezaron en noviembre para realizar el viaje en julio. El objetivo era conseguir mejores precios para el avi\u00f3n y asegurarnos el medio de locomoci\u00f3n deseado. As\u00ed que volamos con Icelandair (ahora Vueling tambi\u00e9n vuela a Reykjavik) y alquilamos con Happycamper. Compr\u00e9 la tarjeta para los campings (<a class=\"bbc_link\" href=\"http:\/\/campingcard.is\/\" target=\"_blank\" rel=\"noopener\">http:\/\/campingcard.is\/<\/a>). Y empec\u00e9 a preparar todo lo que quer\u00eda llevarme al viaje.<br \/>La ruta alrededor de la isla se hizo en sentido contrario a las agujas del reloj. Los n\u00fameros sit\u00faan los lugares a los que corresponden las fotos, no las etapas del viaje, que dur\u00f3 20 d\u00edas.<\/p>\n<p style=\"text-align: left;\"><img fetchpriority=\"high\" decoding=\"async\" class=\"bbc_img aligncenter\" src=\"https:\/\/www.furgovw.org\/galeria\/fotos\/warda\/ruta-islandia-20130.jpg\" alt=\"\" width=\"1039\" height=\"720\" \/><\/p>\n<p style=\"text-align: left;\">1-REYKJAVIK<br \/>En Reykjavik coincidimos con el Festival Vikingo de Reykjavik. El festival result\u00f3 un poco pobre, nos explicaron que debido a la crisis no hay presupuesto y hacen lo que pueden.<\/p>\n<p style=\"text-align: left;\"><img decoding=\"async\" class=\"bbc_img aligncenter\" src=\"https:\/\/www.furgovw.org\/galeria\/fotos\/warda\/img_71840.jpg\" alt=\"\" width=\"1038\" height=\"692\" \/><\/p>\n<p style=\"text-align: left;\"><img decoding=\"async\" class=\"bbc_img aligncenter\" src=\"https:\/\/www.furgovw.org\/galeria\/fotos\/warda\/img_71720.jpg\" alt=\"\" width=\"1038\" height=\"691\" \/><\/p>\n<p style=\"text-align: left;\"><img loading=\"lazy\" decoding=\"async\" class=\"bbc_img aligncenter\" src=\"https:\/\/www.furgovw.org\/galeria\/fotos\/warda\/img_71700.jpg\" alt=\"\" width=\"1039\" height=\"692\" \/><\/p>\n<p style=\"text-align: left;\">Dormimos en el camping de Mosfellsb\u00e6r.<br \/>2-\u00deINGVELLIR<br \/>Empezamos la ruta y nos dirigimos a \u00feingvellir . En las fotos se aprecia el tama\u00f1o de la falla que separa la placa europea de la placa americana. Estas fallas las veremos en m\u00e1s sitios.<\/p>\n<p style=\"text-align: left;\"><img loading=\"lazy\" decoding=\"async\" class=\"bbc_img aligncenter\" src=\"https:\/\/www.furgovw.org\/galeria\/fotos\/warda\/img_70090.jpg\" alt=\"\" width=\"1039\" height=\"692\" \/><\/p>\n<p style=\"text-align: left;\"><img loading=\"lazy\" decoding=\"async\" class=\"bbc_img aligncenter\" src=\"https:\/\/www.furgovw.org\/galeria\/fotos\/warda\/img_69720.jpg\" alt=\"\" width=\"1040\" height=\"693\" \/><\/p>\n<p style=\"text-align: left;\"><img loading=\"lazy\" decoding=\"async\" class=\"bbc_img aligncenter\" src=\"https:\/\/www.furgovw.org\/galeria\/fotos\/warda\/img_6968-copia0.jpg\" alt=\"\" width=\"1039\" height=\"692\" \/><\/p>\n<p style=\"text-align: left;\">3-GEYSIR<br \/>Seguimos hacia Geyser, donde dormimos en el camping. En las fotos se ve como estalla el geyser y alcanza su altura m\u00e1xima.<\/p>\n<p style=\"text-align: left;\"><img loading=\"lazy\" decoding=\"async\" class=\"bbc_img aligncenter\" src=\"https:\/\/www.furgovw.org\/galeria\/fotos\/warda\/img_71140.jpg\" alt=\"\" width=\"1039\" height=\"692\" \/><\/p>\n<p style=\"text-align: left;\"><img loading=\"lazy\" decoding=\"async\" class=\"bbc_img aligncenter\" src=\"https:\/\/www.furgovw.org\/galeria\/fotos\/warda\/img_71100.jpg\" alt=\"\" width=\"1038\" height=\"691\" \/><\/p>\n<p style=\"text-align: left;\"><img loading=\"lazy\" decoding=\"async\" class=\"bbc_img aligncenter\" src=\"https:\/\/www.furgovw.org\/galeria\/fotos\/warda\/img_71110.jpg\" alt=\"\" width=\"1039\" height=\"692\" \/><\/p>\n<p style=\"text-align: left;\"><img loading=\"lazy\" decoding=\"async\" class=\"bbc_img aligncenter\" src=\"https:\/\/www.furgovw.org\/galeria\/fotos\/warda\/img_70940.jpg\" alt=\"\" width=\"468\" height=\"702\" \/><\/p>\n<p style=\"text-align: left;\"><img loading=\"lazy\" decoding=\"async\" class=\"bbc_img aligncenter\" src=\"https:\/\/www.furgovw.org\/galeria\/fotos\/warda\/img_71320.jpg\" alt=\"\" width=\"1038\" height=\"691\" \/><\/p>\n<p style=\"text-align: left;\"><img loading=\"lazy\" decoding=\"async\" class=\"bbc_img aligncenter\" src=\"https:\/\/www.furgovw.org\/galeria\/fotos\/warda\/img_71400.jpg\" alt=\"\" width=\"1039\" height=\"692\" \/><\/p>\n<p style=\"text-align: left;\">4-GULLFOSS<br \/>Muy cerca de Geysir visitamos la cascada de Gullfoss.<\/p>\n<p style=\"text-align: left;\"><img loading=\"lazy\" decoding=\"async\" class=\"bbc_img aligncenter\" src=\"https:\/\/www.furgovw.org\/galeria\/fotos\/warda\/img_70610.jpg\" alt=\"\" width=\"1038\" height=\"691\" \/><\/p>\n<p style=\"text-align: left;\">5- SK\u00d3GAFOSS<br \/>Yo creo que es la cascada m\u00e1s famosa de Islandia. Al lado tiene un camping pero no nos quedamos en \u00e9l.<\/p>\n<p style=\"text-align: left;\"><img loading=\"lazy\" decoding=\"async\" class=\"bbc_img aligncenter\" src=\"https:\/\/www.furgovw.org\/galeria\/fotos\/warda\/img_72090.jpg\" alt=\"\" width=\"1039\" height=\"692\" \/><\/p>\n<p style=\"text-align: left;\">6-DYRH\u00d3LAEY<br \/>Desde los famosos acantilados de Dyrh\u00f3laey vemos la bonita playa de arena negra y los primeros frailecillos. Dormimos en el camping de Vik y Myrdal.<\/p>\n<p style=\"text-align: left;\"><img loading=\"lazy\" decoding=\"async\" class=\"bbc_img aligncenter\" src=\"https:\/\/www.furgovw.org\/galeria\/fotos\/warda\/img_72590.jpg\" alt=\"\" width=\"1038\" height=\"692\" \/><\/p>\n<p style=\"text-align: left;\"><img loading=\"lazy\" decoding=\"async\" class=\"bbc_img aligncenter\" src=\"https:\/\/www.furgovw.org\/galeria\/fotos\/warda\/img_72490.jpg\" alt=\"\" width=\"1039\" height=\"692\" \/><\/p>\n<p style=\"text-align: left;\"><img loading=\"lazy\" decoding=\"async\" class=\"bbc_img aligncenter\" src=\"https:\/\/www.furgovw.org\/galeria\/fotos\/warda\/img_04930.jpg\" alt=\"\" width=\"1036\" height=\"766\" \/><\/p>\n<p style=\"text-align: left;\"><img loading=\"lazy\" decoding=\"async\" class=\"bbc_img aligncenter\" src=\"https:\/\/www.furgovw.org\/galeria\/fotos\/warda\/img_04340.jpg\" alt=\"\" width=\"1038\" height=\"691\" \/><\/p>\n<p style=\"text-align: left;\">7-VATNAJ\u00d6KULL<br \/>Vatnaj\u00f6kull es el mayor glaciar de Europa. De repente empezamos a ver glaciares que son las lenguas de este enorme glaciar.<\/p>\n<p style=\"text-align: left;\"><img loading=\"lazy\" decoding=\"async\" class=\"bbc_img aligncenter\" src=\"https:\/\/www.furgovw.org\/galeria\/fotos\/warda\/img_74260.jpg\" alt=\"\" width=\"1038\" height=\"692\" \/><\/p>\n<p style=\"text-align: left;\"><img loading=\"lazy\" decoding=\"async\" class=\"bbc_img aligncenter\" src=\"https:\/\/www.furgovw.org\/galeria\/fotos\/warda\/img_74230.jpg\" alt=\"\" width=\"1038\" height=\"691\" \/><\/p>\n<p style=\"text-align: left;\"><img loading=\"lazy\" decoding=\"async\" class=\"bbc_img aligncenter\" src=\"https:\/\/www.furgovw.org\/galeria\/fotos\/warda\/img_74270.jpg\" alt=\"\" width=\"1039\" height=\"692\" \/><\/p>\n<p style=\"text-align: left;\">El Parque Nacional Skaftafell,\u00a0 donde est\u00e1 la cascada Svartifoss, no lo visitamos por el mal tiempo.\u00a0 M\u00e1s tarde, ya en Kleifarm\u00f6rk, sali\u00f3 el sol y nos fuimos hasta J\u00f6kuls\u00e1rl\u00f3n (por eso las fotos de m\u00e1s abajo est\u00e1n hechas con sol) y volvimos a dormir en Kleifarm\u00f6rk porque al d\u00eda siguiente quer\u00edamos ir en autob\u00fas a Landmannalaugar pero llov\u00eda y hab\u00eda mucha niebla y lo dejamos para m\u00e1s adelante. Cuando volvimos hacia el sur m\u00e1s tarde lo intentamos de nuevo desde Hella pero de nuevo el mal tiempo nos impidi\u00f3 hacer la excursi\u00f3n, as\u00ed que nos quedamos con las ganas.<\/p>\n<p style=\"text-align: left;\">8-J\u00d6KULS\u00c1RL\u00d3N<br \/>Es el famoso lago glaciar de Islandia. No tuvimos suerte y no pudimos ver focas.<\/p>\n<p style=\"text-align: left;\"><img loading=\"lazy\" decoding=\"async\" class=\"bbc_img aligncenter\" src=\"https:\/\/www.furgovw.org\/galeria\/fotos\/warda\/img_73710.jpg\" alt=\"\" width=\"1104\" height=\"447\" \/><\/p>\n<p style=\"text-align: left;\"><img loading=\"lazy\" decoding=\"async\" class=\"bbc_img aligncenter\" src=\"https:\/\/www.furgovw.org\/galeria\/fotos\/warda\/img_73220.jpg\" alt=\"\" width=\"1039\" height=\"692\" \/><\/p>\n<p style=\"text-align: left;\"><img loading=\"lazy\" decoding=\"async\" class=\"bbc_img aligncenter\" src=\"https:\/\/www.furgovw.org\/galeria\/fotos\/warda\/img_73560.jpg\" alt=\"\" width=\"1037\" height=\"691\" \/><\/p>\n<p style=\"text-align: left;\">9-Como el tiempo no acompa\u00f1aba nos fuimos hacia el este, dormimos en BERUNES. Al d\u00eda siguiente nos fuimos hacia Myvatn. De la costa este no tengo fotos porque hab\u00eda mucha niebla y no se ve\u00eda nada.<br \/>Vista uno de los paisajes que se atraviesan camino de Myvatn.<\/p>\n<p style=\"text-align: left;\"><img loading=\"lazy\" decoding=\"async\" class=\"bbc_img aligncenter\" src=\"https:\/\/www.furgovw.org\/galeria\/fotos\/warda\/img_76710.jpg\" alt=\"\" width=\"1038\" height=\"545\" \/><\/p>\n<p style=\"text-align: left;\">10-MYVATN<br \/>M\u00fdvatn es uno de los lugares con muchas cosas para ver. En primer lugar la zona geotermal de Hverarond<\/p>\n<p style=\"text-align: left;\"><img loading=\"lazy\" decoding=\"async\" class=\"bbc_img aligncenter\" src=\"https:\/\/www.furgovw.org\/galeria\/fotos\/warda\/img_76910.jpg\" alt=\"\" width=\"1039\" height=\"692\" \/><\/p>\n<p style=\"text-align: left;\"><img loading=\"lazy\" decoding=\"async\" class=\"bbc_img aligncenter\" src=\"https:\/\/www.furgovw.org\/galeria\/fotos\/warda\/img_76950.jpg\" alt=\"\" width=\"1037\" height=\"691\" \/><\/p>\n<p style=\"text-align: left;\"><img loading=\"lazy\" decoding=\"async\" class=\"bbc_img aligncenter\" src=\"https:\/\/www.furgovw.org\/galeria\/fotos\/warda\/img_77090.jpg\" alt=\"\" width=\"1036\" height=\"690\" \/><\/p>\n<p style=\"text-align: left;\">Tambi\u00e9n podemos ver los pseudocr\u00e1ters. Esta es una muy buena zona para ver y fotografiar aves.<\/p>\n<p style=\"text-align: left;\"><img loading=\"lazy\" decoding=\"async\" class=\"bbc_img aligncenter\" src=\"https:\/\/www.furgovw.org\/galeria\/fotos\/warda\/pseudocraters0.jpg\" alt=\"\" width=\"1036\" height=\"690\" \/><\/p>\n<p style=\"text-align: left;\">Y cerca de all\u00ed la cascada Dettifoss<\/p>\n<p style=\"text-align: left;\"><img loading=\"lazy\" decoding=\"async\" class=\"bbc_img aligncenter\" src=\"https:\/\/www.furgovw.org\/galeria\/fotos\/warda\/dettifoss0.jpg\" alt=\"\" width=\"1039\" height=\"692\" \/><\/p>\n<p style=\"text-align: left;\">En Myvatn dormimos dos noches en un camping caro (3000 ISK, unos 18 euros).<\/p>\n<p style=\"text-align: left;\">11-Seguimos el viaje hacia el norte y dormimos en \u00de\u00d3RSH\u00d6FN. Aqu\u00ed vimos esta puesta del sol a las 12 de la noche.<\/p>\n<p style=\"text-align: left;\"><img loading=\"lazy\" decoding=\"async\" class=\"bbc_img aligncenter\" src=\"https:\/\/www.furgovw.org\/galeria\/fotos\/warda\/img_85270.jpg\" alt=\"\" width=\"456\" height=\"702\" \/><\/p>\n<p style=\"text-align: left;\">12- HUSAVIK<br \/>Desde aqu\u00ed se organizan excursiones para ver ballenas, nosotros no lo hicimos.<\/p>\n<p style=\"text-align: left;\"><img loading=\"lazy\" decoding=\"async\" class=\"bbc_img aligncenter\" src=\"https:\/\/www.furgovw.org\/galeria\/fotos\/warda\/img_81980.jpg\" alt=\"\" width=\"1039\" height=\"692\" \/><\/p>\n<p style=\"text-align: left;\">13- GO\u00d0AFOSS<br \/>Visitamos la famosa cascada.<\/p>\n<p style=\"text-align: left;\"><img loading=\"lazy\" decoding=\"async\" class=\"bbc_img aligncenter\" src=\"https:\/\/www.furgovw.org\/galeria\/fotos\/warda\/img_85320.jpg\" alt=\"\" width=\"1039\" height=\"692\" \/><\/p>\n<p style=\"text-align: left;\">Seguimos la ruta entre maravillosos paisajes y pueblos como \u00e9stos<\/p>\n<p style=\"text-align: left;\"><img loading=\"lazy\" decoding=\"async\" class=\"bbc_img aligncenter\" src=\"https:\/\/www.furgovw.org\/galeria\/fotos\/warda\/img_85510.jpg\" alt=\"\" width=\"1038\" height=\"691\" \/><\/p>\n<p style=\"text-align: left;\"><img loading=\"lazy\" decoding=\"async\" class=\"bbc_img aligncenter\" src=\"https:\/\/www.furgovw.org\/galeria\/fotos\/warda\/img_85690.jpg\" alt=\"\" width=\"1039\" height=\"692\" \/><\/p>\n<p style=\"text-align: left;\"><img loading=\"lazy\" decoding=\"async\" class=\"bbc_img aligncenter\" src=\"https:\/\/www.furgovw.org\/galeria\/fotos\/warda\/img_85770.jpg\" alt=\"\" width=\"1038\" height=\"691\" \/><\/p>\n<p style=\"text-align: left;\"><img loading=\"lazy\" decoding=\"async\" class=\"bbc_img aligncenter\" src=\"https:\/\/www.furgovw.org\/galeria\/fotos\/warda\/img_86240.jpg\" alt=\"\" width=\"539\" height=\"709\" \/><\/p>\n<p style=\"text-align: left;\"><img loading=\"lazy\" decoding=\"async\" class=\"bbc_img aligncenter\" src=\"https:\/\/www.furgovw.org\/galeria\/fotos\/warda\/img_86260.jpg\" alt=\"\" width=\"1038\" height=\"684\" \/><\/p>\n<p style=\"text-align: left;\">14-SIGLUFJ\u00d6R\u00d0UR<br \/>Llegamos a este bonito pueblo donde dormimos en su camping que est\u00e1 exactamente en el centro del pueblo. Aqu\u00ed conocimos a un se\u00f1or island\u00e9s amabil\u00edsimo que tiene una casa en Torrevieja.<\/p>\n<p style=\"text-align: left;\"><img loading=\"lazy\" decoding=\"async\" class=\"bbc_img aligncenter\" src=\"https:\/\/www.furgovw.org\/galeria\/fotos\/warda\/img_86390.jpg\" alt=\"\" width=\"1038\" height=\"691\" \/><\/p>\n<p style=\"text-align: left;\"><img loading=\"lazy\" decoding=\"async\" class=\"bbc_img aligncenter\" src=\"https:\/\/www.furgovw.org\/galeria\/fotos\/warda\/img_86300.jpg\" alt=\"\" width=\"1036\" height=\"690\" \/><\/p>\n<p style=\"text-align: left;\">Seguimos el viaje y encontramos m\u00e1s edificios a la antigua usanza, focas, y\u00a0 esta curiosa roca cuyo nombre no recuerdo.<\/p>\n<p style=\"text-align: left;\"><img loading=\"lazy\" decoding=\"async\" class=\"bbc_img aligncenter\" src=\"https:\/\/www.furgovw.org\/galeria\/fotos\/warda\/foca0.jpg\" alt=\"\" width=\"1039\" height=\"692\" \/><\/p>\n<p style=\"text-align: left;\"><img loading=\"lazy\" decoding=\"async\" class=\"bbc_img aligncenter\" src=\"https:\/\/www.furgovw.org\/galeria\/fotos\/warda\/img_86580.jpg\" alt=\"\" width=\"1039\" height=\"692\" \/><\/p>\n<p style=\"text-align: left;\">La formaci\u00f3n rocosa Hv\u00edtserkur<\/p>\n<p style=\"text-align: left;\"><img loading=\"lazy\" decoding=\"async\" class=\"bbc_img aligncenter\" src=\"https:\/\/www.furgovw.org\/galeria\/fotos\/warda\/roca0.jpg\" alt=\"\" width=\"1041\" height=\"693\" \/><\/p>\n<p style=\"text-align: left;\">Dormimos en Hvammstangi<\/p>\n<p style=\"text-align: left;\">15-Decidimos ir a la isla de GRIMSEY a ver frailecillos. Esta isla se llama igual que otra que hay al norte, ya en el c\u00edrculo polar \u00e1rtico. Es un lugar fant\u00e1stico para fotografiar frailecillos, es una isla desierta y puedes verlos a poqu\u00edsima distancia. A la vuelta, pescamos bacalaos que nos comimos en la cena.<\/p>\n<p style=\"text-align: left;\"><img loading=\"lazy\" decoding=\"async\" class=\"bbc_img aligncenter\" src=\"https:\/\/www.furgovw.org\/galeria\/fotos\/warda\/img_92520.jpg\" alt=\"\" width=\"1038\" height=\"691\" \/><\/p>\n<p style=\"text-align: left;\"><img loading=\"lazy\" decoding=\"async\" class=\"bbc_img aligncenter\" src=\"https:\/\/www.furgovw.org\/galeria\/fotos\/warda\/img_93980.jpg\" alt=\"\" width=\"1039\" height=\"692\" \/><\/p>\n<p style=\"text-align: left;\"><img loading=\"lazy\" decoding=\"async\" class=\"bbc_img aligncenter\" src=\"https:\/\/www.furgovw.org\/galeria\/fotos\/warda\/img_94280.jpg\" alt=\"\" width=\"1039\" height=\"692\" \/><\/p>\n<p style=\"text-align: left;\"><img loading=\"lazy\" decoding=\"async\" class=\"bbc_img aligncenter\" src=\"https:\/\/www.furgovw.org\/galeria\/fotos\/warda\/img_94420.jpg\" alt=\"\" width=\"1039\" height=\"692\" \/><\/p>\n<p style=\"text-align: left;\"><img loading=\"lazy\" decoding=\"async\" class=\"bbc_img aligncenter\" src=\"https:\/\/www.furgovw.org\/galeria\/fotos\/warda\/img_97200.jpg\" alt=\"\" width=\"1038\" height=\"691\" \/><\/p>\n<p style=\"text-align: left;\">Seguimos la ruta y nos dirigimos a los fiordos del oeste. Por el camino vemos m\u00e1s focas y bonitos paisajes. Dormimos en Tungudalur<\/p>\n<p style=\"text-align: left;\">16- Seguimos por los fiordos del oeste, son muchos kil\u00f3metros por carreteras sin asfaltar. El pron\u00f3stico del tiempo es sol, pero en realidad hay inversi\u00f3n t\u00e9rmica y el sol se ve cuando est\u00e1s en la parte alta de la monta\u00f1a, pero cuando la carretera baja te metes en una niebla espesa.<\/p>\n<p style=\"text-align: left;\"><img loading=\"lazy\" decoding=\"async\" class=\"bbc_img aligncenter\" src=\"https:\/\/www.furgovw.org\/galeria\/fotos\/warda\/img_97770.jpg\" alt=\"\" width=\"1039\" height=\"692\" \/><\/p>\n<p style=\"text-align: left;\">Quer\u00edamos ver la famosa cascada Dynjandi y lo que vimos fue esto, la niebla tapaba completamente la cascada<\/p>\n<p style=\"text-align: left;\"><img loading=\"lazy\" decoding=\"async\" class=\"bbc_img aligncenter\" src=\"https:\/\/www.furgovw.org\/galeria\/fotos\/warda\/img_97890.jpg\" alt=\"\" width=\"1038\" height=\"691\" \/><\/p>\n<p style=\"text-align: left;\">Vamos a L\u00e1trabjarg a ver m\u00e1s frailecillos y vemos tambi\u00e9n alcas, fulmares, gaviotas trid\u00e1ctilas\u2026 Dormimos en un camping que no est\u00e1 incluido en la tarjeta y resulta bastante caro. Seguimos ruta y dormimos en Laugar. Estamos a finales de julio y empezamos a encontrar espa\u00f1oles, algunos van a recorrer la isla en bicicleta.<\/p>\n<p style=\"text-align: left;\">17-PENINSULA DE AKRANES<\/p>\n<p style=\"text-align: left;\">Visitamos tambi\u00e9n la pen\u00ednsula de Akranes y dormimos en Eldborg<\/p>\n<p style=\"text-align: left;\"><img loading=\"lazy\" decoding=\"async\" class=\"bbc_img aligncenter\" src=\"https:\/\/www.furgovw.org\/galeria\/fotos\/warda\/img_03260.jpg\" alt=\"\" width=\"1039\" height=\"692\" \/><\/p>\n<p style=\"text-align: left;\"><img loading=\"lazy\" decoding=\"async\" class=\"bbc_img aligncenter\" src=\"https:\/\/www.furgovw.org\/galeria\/fotos\/warda\/img_03580.jpg\" alt=\"\" width=\"1038\" height=\"691\" \/><\/p>\n<p style=\"text-align: left;\">18-PENINSULA DE REYKJANES<br \/>Es una de las zonas que m\u00e1s me gustan de la isla, en un espacio peque\u00f1o puedes ver cosas diferentes y desde el punto de vista geol\u00f3gico es muy interesante.<\/p>\n<p style=\"text-align: left;\"><img loading=\"lazy\" decoding=\"async\" class=\"bbc_img aligncenter\" src=\"https:\/\/www.furgovw.org\/galeria\/fotos\/warda\/img_68480.jpg\" alt=\"\" width=\"1038\" height=\"691\" \/><\/p>\n<p style=\"text-align: left;\">Destaco la zona geotermal de Selt\u00fan<\/p>\n<p style=\"text-align: left;\"><img loading=\"lazy\" decoding=\"async\" class=\"bbc_img aligncenter\" src=\"https:\/\/www.furgovw.org\/galeria\/fotos\/warda\/img_68740.jpg\" alt=\"\" width=\"1038\" height=\"691\" \/><\/p>\n<p style=\"text-align: left;\"><img loading=\"lazy\" decoding=\"async\" class=\"bbc_img aligncenter\" src=\"https:\/\/www.furgovw.org\/galeria\/fotos\/warda\/img_68760.jpg\" alt=\"\" width=\"1039\" height=\"692\" \/><\/p>\n<p style=\"text-align: left;\"><img loading=\"lazy\" decoding=\"async\" class=\"bbc_img aligncenter\" src=\"https:\/\/www.furgovw.org\/galeria\/fotos\/warda\/img_68920.jpg\" alt=\"\" width=\"1039\" height=\"692\" \/><\/p>\n<p style=\"text-align: left;\">El famoso Blue Lagoon<\/p>\n<p style=\"text-align: left;\"><img loading=\"lazy\" decoding=\"async\" class=\"bbc_img aligncenter\" src=\"https:\/\/www.furgovw.org\/galeria\/fotos\/warda\/blue-lagoon0.jpg\" alt=\"\" width=\"1037\" height=\"691\" \/><\/p>\n<p style=\"text-align: left;\">El puente que une la placa americana y la placa euroasi\u00e1tica y la falla que las separa<\/p>\n<p style=\"text-align: left;\"><img loading=\"lazy\" decoding=\"async\" class=\"bbc_img aligncenter\" src=\"https:\/\/www.furgovw.org\/galeria\/fotos\/warda\/puente0.jpg\" alt=\"\" width=\"1039\" height=\"692\" \/><\/p>\n<p style=\"text-align: left;\">Y el lago Kleifarvatn<\/p>\n<p style=\"text-align: left;\"><img loading=\"lazy\" decoding=\"async\" class=\"bbc_img aligncenter\" src=\"https:\/\/www.furgovw.org\/galeria\/fotos\/warda\/kleifarvatn0.jpg\" alt=\"\" width=\"1038\" height=\"691\" \/><\/p>\n<p style=\"text-align: left;\"><img loading=\"lazy\" decoding=\"async\" class=\"bbc_img aligncenter\" src=\"https:\/\/www.furgovw.org\/galeria\/fotos\/warda\/kleifarvatn20.jpg\" alt=\"\" width=\"1039\" height=\"692\" \/><\/p>\n<p style=\"text-align: left;\">Dormimos dos noches en Sandger\u00f0i<\/p>\n<p style=\"text-align: left;\">CONSIDERACIONES FINALES<br \/>En mi opini\u00f3n lo que encarece el viaje a Islandia para nosotros son los km que debemos hacer hasta Hirtshals en el norte de Dinamarca y el ferry o el alquiler de una furgoneta all\u00ed. Esto supone la mayor parte del presupuesto, ya que el gasto en la isla (con el cambio actual) no es mucho mayor que en cualquier otro lugar de Europa.<br \/>Como se ha dicho en otro relato de un viaje a Islandia, la isla se est\u00e1 convirtiendo en un destino de moda. Esta vez hemos visto muchos m\u00e1s turistas que la primera vez que estuvimos all\u00ed.<br \/>Si os gustan los p\u00e1jaros es un buen destino, pude fotografiar 48 aves diferentes, vi algunas m\u00e1s que no pude fotografiar.<br \/>La pega es el clima, si sale el sol es una maravilla, pero si llueve o hay niebla hace fr\u00edo (al menos para lo que yo estoy acostumbrada). Si sopla bien el aire tambi\u00e9n es muy desagradable y dicen que puede ser peligroso, yo tanto no lo viv\u00ed, pero s\u00ed dos noches tuvimos que orientar la furgo en funci\u00f3n de c\u00f3mo soplaba el viento.<\/p>\n<p style=\"text-align: left;\">\u00a0<\/p>\n\n<div class=\"wp-block-image\">\n<figure class=\"aligncenter size-full\"><a href=\"https:\/\/www.google.com\/maps\/d\/edit?mid=1qPeJMv1sRaGt1we0QPgMYx4y8diGONDx&amp;ll=65.12346463205063%2C-21.051350590347052&amp;z=7\" target=\"_blank\" rel=\"noreferrer noopener\"><img loading=\"lazy\" decoding=\"async\" width=\"800\" height=\"449\" src=\"https:\/\/misviajes.rosaguijarro.com\/wp-content\/uploads\/2024\/09\/Blog-Islandia.jpg\" alt=\"\" class=\"wp-image-15727\" srcset=\"https:\/\/misviajes.rosaguijarro.com\/wp-content\/uploads\/2024\/09\/Blog-Islandia.jpg 800w, https:\/\/misviajes.rosaguijarro.com\/wp-content\/uploads\/2024\/09\/Blog-Islandia-300x168.jpg 300w, https:\/\/misviajes.rosaguijarro.com\/wp-content\/uploads\/2024\/09\/Blog-Islandia-768x431.jpg 768w\" sizes=\"(max-width: 800px) 100vw, 800px\" \/><\/a><\/figure>\n<\/div>","protected":false},"excerpt":{"rendered":"<p>Hace unos a\u00f1os viajamos a Islandia y nos quedamos con las ganas de volver para m\u00e1s d\u00edas ya que no nos dio tiempo a recorrer los fiordos del oeste.En primer lugar debimos elegir entre viajar con nuestra furgo o volar y recorrer la isla con algo alquilado. Tras calcular lo que nos costar\u00eda el desplazamiento &#8230; <a title=\"Islandia, 2013\" class=\"read-more\" href=\"https:\/\/misviajes.rosaguijarro.com\/index.php\/islandia-2013\/\" aria-label=\"Leer m\u00e1s sobre Islandia, 2013\">Leer m\u00e1s<\/a><\/p>\n","protected":false},"author":2,"featured_media":0,"parent":0,"menu_order":0,"comment_status":"open","ping_status":"closed","template":"","meta":{"iawp_total_views":2,"footnotes":""},"class_list":["post-936","page","type-page","status-publish"],"_links":{"self":[{"href":"https:\/\/misviajes.rosaguijarro.com\/index.php\/wp-json\/wp\/v2\/pages\/936","targetHints":{"allow":["GET"]}}],"collection":[{"href":"https:\/\/misviajes.rosaguijarro.com\/index.php\/wp-json\/wp\/v2\/pages"}],"about":[{"href":"https:\/\/misviajes.rosaguijarro.com\/index.php\/wp-json\/wp\/v2\/types\/page"}],"author":[{"embeddable":true,"href":"https:\/\/misviajes.rosaguijarro.com\/index.php\/wp-json\/wp\/v2\/users\/2"}],"replies":[{"embeddable":true,"href":"https:\/\/misviajes.rosaguijarro.com\/index.php\/wp-json\/wp\/v2\/comments?post=936"}],"version-history":[{"count":14,"href":"https:\/\/misviajes.rosaguijarro.com\/index.php\/wp-json\/wp\/v2\/pages\/936\/revisions"}],"predecessor-version":[{"id":15730,"href":"https:\/\/misviajes.rosaguijarro.com\/index.php\/wp-json\/wp\/v2\/pages\/936\/revisions\/15730"}],"wp:attachment":[{"href":"https:\/\/misviajes.rosaguijarro.com\/index.php\/wp-json\/wp\/v2\/media?parent=936"}],"curies":[{"name":"wp","href":"https:\/\/api.w.org\/{rel}","templated":true}]}}