{"id":6754,"date":"2020-05-04T12:40:03","date_gmt":"2020-05-04T10:40:03","guid":{"rendered":"https:\/\/misviajes750.wordpress.com\/?page_id=6754"},"modified":"2024-09-17T17:20:27","modified_gmt":"2024-09-17T17:20:27","slug":"navarra-2016","status":"publish","type":"page","link":"https:\/\/misviajes.rosaguijarro.com\/index.php\/navarra-2016\/","title":{"rendered":"Navarra 2016"},"content":{"rendered":"<p style=\"text-align: left;\">Otra cr\u00f3nica hecha en tiempos de coronavirus y por tanto pobretona, pues no recuerdo muchas cosas<\/p>\n<p style=\"text-align: left;\">Es una salida a ver el oto\u00f1o. Como ya est\u00e1bamos jubilados, decidimos salir el 2 de noviembre as\u00ed encontrar\u00edamos poca gente. Eso pens\u00e1bamos, pero hubo sorpresa y fue descubrir que da igual, que siempre hay mucha gente y de todas las edades, no s\u00f3lo jubilados<\/p>\n<p style=\"text-align: left;\">Estuvimos en dos sitios: la Selva de Irati y el nacedero del Urederra<\/p>\n<p style=\"text-align: left;\"><strong>Selva de Irati<\/strong><\/p>\n<p style=\"text-align: left;\"><img fetchpriority=\"high\" decoding=\"async\" class=\"wp-image-6757 aligncenter\" src=\"https:\/\/misviajes.rosaguijarro.com\/wp-content\/uploads\/2020\/05\/img_4717-300x200.jpg\" alt=\"\" width=\"1018\" height=\"678\" srcset=\"https:\/\/misviajes.rosaguijarro.com\/wp-content\/uploads\/2020\/05\/img_4717-300x200.jpg 300w, https:\/\/misviajes.rosaguijarro.com\/wp-content\/uploads\/2020\/05\/img_4717-768x512.jpg 768w, https:\/\/misviajes.rosaguijarro.com\/wp-content\/uploads\/2020\/05\/img_4717.jpg 800w\" sizes=\"(max-width: 1018px) 100vw, 1018px\" \/><\/p>\n<p style=\"text-align: left;\"><img decoding=\"async\" class=\"wp-image-6758 aligncenter\" src=\"https:\/\/misviajes.rosaguijarro.com\/wp-content\/uploads\/2020\/05\/img_4724-300x200.jpg\" alt=\"\" width=\"1020\" height=\"680\" srcset=\"https:\/\/misviajes.rosaguijarro.com\/wp-content\/uploads\/2020\/05\/img_4724-300x200.jpg 300w, https:\/\/misviajes.rosaguijarro.com\/wp-content\/uploads\/2020\/05\/img_4724-768x512.jpg 768w, https:\/\/misviajes.rosaguijarro.com\/wp-content\/uploads\/2020\/05\/img_4724.jpg 800w\" sizes=\"(max-width: 1020px) 100vw, 1020px\" \/><\/p>\n<p style=\"text-align: left;\">Vemos un precioso pico picapinos<\/p>\n<p style=\"text-align: left;\"><img decoding=\"async\" class=\" wp-image-6759 aligncenter\" src=\"https:\/\/misviajes.rosaguijarro.com\/wp-content\/uploads\/2020\/05\/img_4729-300x202.jpg\" alt=\"\" width=\"1025\" height=\"690\" srcset=\"https:\/\/misviajes.rosaguijarro.com\/wp-content\/uploads\/2020\/05\/img_4729-300x202.jpg 300w, https:\/\/misviajes.rosaguijarro.com\/wp-content\/uploads\/2020\/05\/img_4729-768x516.jpg 768w, https:\/\/misviajes.rosaguijarro.com\/wp-content\/uploads\/2020\/05\/img_4729.jpg 800w\" sizes=\"(max-width: 1025px) 100vw, 1025px\" \/><\/p>\n<p style=\"text-align: left;\"><img loading=\"lazy\" decoding=\"async\" class=\" wp-image-6760 aligncenter\" src=\"https:\/\/misviajes.rosaguijarro.com\/wp-content\/uploads\/2020\/05\/img_4737-300x200.jpg\" alt=\"\" width=\"1026\" height=\"684\" srcset=\"https:\/\/misviajes.rosaguijarro.com\/wp-content\/uploads\/2020\/05\/img_4737-300x200.jpg 300w, https:\/\/misviajes.rosaguijarro.com\/wp-content\/uploads\/2020\/05\/img_4737-768x512.jpg 768w, https:\/\/misviajes.rosaguijarro.com\/wp-content\/uploads\/2020\/05\/img_4737.jpg 800w\" sizes=\"(max-width: 1026px) 100vw, 1026px\" \/><\/p>\n<p style=\"text-align: left;\"><img loading=\"lazy\" decoding=\"async\" class=\" wp-image-6761 aligncenter\" src=\"https:\/\/misviajes.rosaguijarro.com\/wp-content\/uploads\/2020\/05\/img_4740-300x200.jpg\" alt=\"\" width=\"1025\" height=\"683\" srcset=\"https:\/\/misviajes.rosaguijarro.com\/wp-content\/uploads\/2020\/05\/img_4740-300x200.jpg 300w, https:\/\/misviajes.rosaguijarro.com\/wp-content\/uploads\/2020\/05\/img_4740-768x512.jpg 768w, https:\/\/misviajes.rosaguijarro.com\/wp-content\/uploads\/2020\/05\/img_4740.jpg 800w\" sizes=\"(max-width: 1025px) 100vw, 1025px\" \/><\/p>\n<p style=\"text-align: left;\"><strong>Nacedero del Urederra<\/strong><\/p>\n<p style=\"text-align: left;\">Un lugar precioso para el que, en seg\u00fan qu\u00e9 temporadas, hay que pagar entrada y tener reserva. Cuando llegamos hab\u00eda muy pocos coches en el p\u00e1rking, pero cuando salimos no cab\u00eda un alfiler, y eso fuera de temporada<\/p>\n<p style=\"text-align: left;\"><img loading=\"lazy\" decoding=\"async\" class=\" wp-image-6763 aligncenter\" src=\"https:\/\/misviajes.rosaguijarro.com\/wp-content\/uploads\/2020\/05\/img_4652-300x200.jpg\" alt=\"\" width=\"1010\" height=\"673\" srcset=\"https:\/\/misviajes.rosaguijarro.com\/wp-content\/uploads\/2020\/05\/img_4652-300x200.jpg 300w, https:\/\/misviajes.rosaguijarro.com\/wp-content\/uploads\/2020\/05\/img_4652-768x512.jpg 768w, https:\/\/misviajes.rosaguijarro.com\/wp-content\/uploads\/2020\/05\/img_4652.jpg 800w\" sizes=\"(max-width: 1010px) 100vw, 1010px\" \/><\/p>\n<p style=\"text-align: left;\"><img loading=\"lazy\" decoding=\"async\" class=\" wp-image-6764 aligncenter\" src=\"https:\/\/misviajes.rosaguijarro.com\/wp-content\/uploads\/2020\/05\/img_4655-300x200.jpg\" alt=\"\" width=\"1013\" height=\"675\" srcset=\"https:\/\/misviajes.rosaguijarro.com\/wp-content\/uploads\/2020\/05\/img_4655-300x200.jpg 300w, https:\/\/misviajes.rosaguijarro.com\/wp-content\/uploads\/2020\/05\/img_4655-768x512.jpg 768w, https:\/\/misviajes.rosaguijarro.com\/wp-content\/uploads\/2020\/05\/img_4655.jpg 800w\" sizes=\"(max-width: 1013px) 100vw, 1013px\" \/><\/p>\n<p style=\"text-align: left;\"><img loading=\"lazy\" decoding=\"async\" class=\" wp-image-6765 aligncenter\" src=\"https:\/\/misviajes.rosaguijarro.com\/wp-content\/uploads\/2020\/05\/img_4662-300x200.jpg\" alt=\"\" width=\"1010\" height=\"673\" srcset=\"https:\/\/misviajes.rosaguijarro.com\/wp-content\/uploads\/2020\/05\/img_4662-300x200.jpg 300w, https:\/\/misviajes.rosaguijarro.com\/wp-content\/uploads\/2020\/05\/img_4662-768x512.jpg 768w, https:\/\/misviajes.rosaguijarro.com\/wp-content\/uploads\/2020\/05\/img_4662.jpg 800w\" sizes=\"(max-width: 1010px) 100vw, 1010px\" \/><\/p>\n<p style=\"text-align: left;\"><img loading=\"lazy\" decoding=\"async\" class=\" wp-image-6766 aligncenter\" src=\"https:\/\/misviajes.rosaguijarro.com\/wp-content\/uploads\/2020\/05\/img_4665-300x200.jpg\" alt=\"\" width=\"1007\" height=\"671\" srcset=\"https:\/\/misviajes.rosaguijarro.com\/wp-content\/uploads\/2020\/05\/img_4665-300x200.jpg 300w, https:\/\/misviajes.rosaguijarro.com\/wp-content\/uploads\/2020\/05\/img_4665-768x512.jpg 768w, https:\/\/misviajes.rosaguijarro.com\/wp-content\/uploads\/2020\/05\/img_4665.jpg 800w\" sizes=\"(max-width: 1007px) 100vw, 1007px\" \/><\/p>\n<p style=\"text-align: left;\"><img loading=\"lazy\" decoding=\"async\" class=\" wp-image-6767 aligncenter\" src=\"https:\/\/misviajes.rosaguijarro.com\/wp-content\/uploads\/2020\/05\/img_4673-300x200.jpg\" alt=\"\" width=\"1010\" height=\"673\" srcset=\"https:\/\/misviajes.rosaguijarro.com\/wp-content\/uploads\/2020\/05\/img_4673-300x200.jpg 300w, https:\/\/misviajes.rosaguijarro.com\/wp-content\/uploads\/2020\/05\/img_4673-768x512.jpg 768w, https:\/\/misviajes.rosaguijarro.com\/wp-content\/uploads\/2020\/05\/img_4673.jpg 800w\" sizes=\"(max-width: 1010px) 100vw, 1010px\" \/><\/p>\n<p style=\"text-align: left;\"><img loading=\"lazy\" decoding=\"async\" class=\" wp-image-6768 aligncenter\" src=\"https:\/\/misviajes.rosaguijarro.com\/wp-content\/uploads\/2020\/05\/img_4676-300x200.jpg\" alt=\"\" width=\"1007\" height=\"671\" srcset=\"https:\/\/misviajes.rosaguijarro.com\/wp-content\/uploads\/2020\/05\/img_4676-300x200.jpg 300w, https:\/\/misviajes.rosaguijarro.com\/wp-content\/uploads\/2020\/05\/img_4676-768x512.jpg 768w, https:\/\/misviajes.rosaguijarro.com\/wp-content\/uploads\/2020\/05\/img_4676.jpg 800w\" sizes=\"(max-width: 1007px) 100vw, 1007px\" \/><\/p>\n<p style=\"text-align: left;\"><img loading=\"lazy\" decoding=\"async\" class=\" wp-image-6769 aligncenter\" src=\"https:\/\/misviajes.rosaguijarro.com\/wp-content\/uploads\/2020\/05\/img_4685-300x200.jpg\" alt=\"\" width=\"1012\" height=\"674\" srcset=\"https:\/\/misviajes.rosaguijarro.com\/wp-content\/uploads\/2020\/05\/img_4685-300x200.jpg 300w, https:\/\/misviajes.rosaguijarro.com\/wp-content\/uploads\/2020\/05\/img_4685-768x512.jpg 768w, https:\/\/misviajes.rosaguijarro.com\/wp-content\/uploads\/2020\/05\/img_4685.jpg 800w\" sizes=\"(max-width: 1012px) 100vw, 1012px\" \/><\/p>\n<p style=\"text-align: left;\"><img loading=\"lazy\" decoding=\"async\" class=\" wp-image-6770 aligncenter\" src=\"https:\/\/misviajes.rosaguijarro.com\/wp-content\/uploads\/2020\/05\/img_4702-300x200.jpg\" alt=\"\" width=\"1013\" height=\"675\" srcset=\"https:\/\/misviajes.rosaguijarro.com\/wp-content\/uploads\/2020\/05\/img_4702-300x200.jpg 300w, https:\/\/misviajes.rosaguijarro.com\/wp-content\/uploads\/2020\/05\/img_4702-768x512.jpg 768w, https:\/\/misviajes.rosaguijarro.com\/wp-content\/uploads\/2020\/05\/img_4702.jpg 800w\" sizes=\"(max-width: 1013px) 100vw, 1013px\" \/><\/p>\n<p style=\"text-align: left;\"><img loading=\"lazy\" decoding=\"async\" class=\" wp-image-6771 aligncenter\" src=\"https:\/\/misviajes.rosaguijarro.com\/wp-content\/uploads\/2020\/05\/img_4706-300x200.jpg\" alt=\"\" width=\"1018\" height=\"679\" srcset=\"https:\/\/misviajes.rosaguijarro.com\/wp-content\/uploads\/2020\/05\/img_4706-300x200.jpg 300w, https:\/\/misviajes.rosaguijarro.com\/wp-content\/uploads\/2020\/05\/img_4706-768x512.jpg 768w, https:\/\/misviajes.rosaguijarro.com\/wp-content\/uploads\/2020\/05\/img_4706.jpg 800w\" sizes=\"(max-width: 1018px) 100vw, 1018px\" \/><\/p>\n<p style=\"text-align: left;\">Y tuvimos la gran suerte de ver varias comadrejas que correteaban y jugaban entre ellas, imposible fotografiarla bien pero queda de recuerdo<\/p>\n<p style=\"text-align: left;\"><img loading=\"lazy\" decoding=\"async\" class=\" wp-image-6773 aligncenter\" src=\"https:\/\/misviajes.rosaguijarro.com\/wp-content\/uploads\/2020\/05\/img_4715-300x184.jpg\" alt=\"\" width=\"1032\" height=\"633\" srcset=\"https:\/\/misviajes.rosaguijarro.com\/wp-content\/uploads\/2020\/05\/img_4715-300x184.jpg 300w, https:\/\/misviajes.rosaguijarro.com\/wp-content\/uploads\/2020\/05\/img_4715-768x471.jpg 768w, https:\/\/misviajes.rosaguijarro.com\/wp-content\/uploads\/2020\/05\/img_4715.jpg 800w\" sizes=\"(max-width: 1032px) 100vw, 1032px\" \/><\/p>\n<p style=\"text-align: left;\">Y sin m\u00e1s, volvemos a casa<\/p>\n<p>\u00a0<\/p>\n\n<div class=\"wp-block-image\">\n<figure class=\"aligncenter size-full\"><a href=\"https:\/\/www.google.com\/maps\/d\/viewer?mid=16KGITC4M-7O60ubN_42RUYHVFACJPNJj&amp;ll=42.47543540248856%2C-1.4921634333236864&amp;z=8\" target=\"_blank\" rel=\"noreferrer noopener\"><img loading=\"lazy\" decoding=\"async\" width=\"800\" height=\"458\" src=\"https:\/\/misviajes.rosaguijarro.com\/wp-content\/uploads\/2024\/09\/Navarra-2010-y-2016.jpg\" alt=\"\" class=\"wp-image-15677\" srcset=\"https:\/\/misviajes.rosaguijarro.com\/wp-content\/uploads\/2024\/09\/Navarra-2010-y-2016.jpg 800w, https:\/\/misviajes.rosaguijarro.com\/wp-content\/uploads\/2024\/09\/Navarra-2010-y-2016-300x172.jpg 300w, https:\/\/misviajes.rosaguijarro.com\/wp-content\/uploads\/2024\/09\/Navarra-2010-y-2016-768x440.jpg 768w\" sizes=\"(max-width: 800px) 100vw, 800px\" \/><\/a><\/figure>\n<\/div>","protected":false},"excerpt":{"rendered":"<p>Otra cr\u00f3nica hecha en tiempos de coronavirus y por tanto pobretona, pues no recuerdo muchas cosas Es una salida a ver el oto\u00f1o. Como ya est\u00e1bamos jubilados, decidimos salir el 2 de noviembre as\u00ed encontrar\u00edamos poca gente. Eso pens\u00e1bamos, pero hubo sorpresa y fue descubrir que da igual, que siempre hay mucha gente y de &#8230; <a title=\"Navarra 2016\" class=\"read-more\" href=\"https:\/\/misviajes.rosaguijarro.com\/index.php\/navarra-2016\/\" aria-label=\"Leer m\u00e1s sobre Navarra 2016\">Leer m\u00e1s<\/a><\/p>\n","protected":false},"author":2,"featured_media":0,"parent":0,"menu_order":0,"comment_status":"open","ping_status":"closed","template":"","meta":{"iawp_total_views":1,"footnotes":""},"class_list":["post-6754","page","type-page","status-publish"],"_links":{"self":[{"href":"https:\/\/misviajes.rosaguijarro.com\/index.php\/wp-json\/wp\/v2\/pages\/6754","targetHints":{"allow":["GET"]}}],"collection":[{"href":"https:\/\/misviajes.rosaguijarro.com\/index.php\/wp-json\/wp\/v2\/pages"}],"about":[{"href":"https:\/\/misviajes.rosaguijarro.com\/index.php\/wp-json\/wp\/v2\/types\/page"}],"author":[{"embeddable":true,"href":"https:\/\/misviajes.rosaguijarro.com\/index.php\/wp-json\/wp\/v2\/users\/2"}],"replies":[{"embeddable":true,"href":"https:\/\/misviajes.rosaguijarro.com\/index.php\/wp-json\/wp\/v2\/comments?post=6754"}],"version-history":[{"count":7,"href":"https:\/\/misviajes.rosaguijarro.com\/index.php\/wp-json\/wp\/v2\/pages\/6754\/revisions"}],"predecessor-version":[{"id":15678,"href":"https:\/\/misviajes.rosaguijarro.com\/index.php\/wp-json\/wp\/v2\/pages\/6754\/revisions\/15678"}],"wp:attachment":[{"href":"https:\/\/misviajes.rosaguijarro.com\/index.php\/wp-json\/wp\/v2\/media?parent=6754"}],"curies":[{"name":"wp","href":"https:\/\/api.w.org\/{rel}","templated":true}]}}