{"id":5925,"date":"2020-03-22T20:15:51","date_gmt":"2020-03-22T19:15:51","guid":{"rendered":"https:\/\/misviajes750.wordpress.com\/?page_id=5925"},"modified":"2024-12-03T14:22:58","modified_gmt":"2024-12-03T14:22:58","slug":"cadiz-2020","status":"publish","type":"page","link":"https:\/\/misviajes.rosaguijarro.com\/index.php\/cadiz-2020\/","title":{"rendered":"C\u00e1diz, 2020"},"content":{"rendered":"\t\t<div data-elementor-type=\"wp-page\" data-elementor-id=\"5925\" class=\"elementor elementor-5925\" data-elementor-post-type=\"page\">\n\t\t\t\t<div class=\"elementor-element elementor-element-2f648dfc e-flex e-con-boxed e-con e-parent\" data-id=\"2f648dfc\" data-element_type=\"container\" data-e-type=\"container\">\n\t\t\t\t\t<div class=\"e-con-inner\">\n\t\t\t\t<div class=\"elementor-element elementor-element-4f1e353c elementor-widget elementor-widget-text-editor\" data-id=\"4f1e353c\" data-element_type=\"widget\" data-e-type=\"widget\" data-widget_type=\"text-editor.default\">\n\t\t\t\t<div class=\"elementor-widget-container\">\n\t\t\t\t\t\t\t\t\t<p>Llegamos a Algeciras en el ferry porque venimos de Marruecos y, aprovechando que estamos aqu\u00ed, decidimos darnos una vuelta por la provincia de camino a casa. Hemos dormido en el c\u00e1mping\u00a0 Valdevaqueros, Tarifa.<\/p><p>\u00a0<\/p><p><strong>8 de marzo<\/strong><\/p><p><strong>\u00a0<\/strong><\/p><p class=\"p1\"><span class=\"s1\">Me levanto algo tarde y pongo una lavadora mientras desayuno. Luego una secadora. La verdad es que funcionan muy bien y a las 12 tengo la ropa lavada, seca y recogida. Salimos en direcci\u00f3n a Tarifa a comprar, no nos queda apenas nada en la despensa. Despu\u00e9s enfilamos direcci\u00f3n Barbate.\u00a0<\/span><\/p><p><span class=\"s1\">Comemos en un furgoperfecto que es un p\u00e1rking de la playa.<\/span><\/p><p><span class=\"s1\">\u00a0<\/span><\/p><p><img fetchpriority=\"high\" decoding=\"async\" class=\"aligncenter wp-image-6147\" src=\"https:\/\/misviajes750.files.wordpress.com\/2020\/03\/img_8434.jpg\" alt=\"IMG_8434\" width=\"1038\" height=\"692\" srcset=\"https:\/\/misviajes.rosaguijarro.com\/wp-content\/uploads\/2020\/03\/img_8434.jpg 800w, https:\/\/misviajes.rosaguijarro.com\/wp-content\/uploads\/2020\/03\/img_8434-300x200.jpg 300w, https:\/\/misviajes.rosaguijarro.com\/wp-content\/uploads\/2020\/03\/img_8434-768x512.jpg 768w\" sizes=\"(max-width: 1038px) 100vw, 1038px\" \/><\/p><p>\u00a0<\/p><p><img decoding=\"async\" class=\"aligncenter wp-image-6148\" src=\"https:\/\/misviajes750.files.wordpress.com\/2020\/03\/img_8442.jpg\" alt=\"IMG_8442\" width=\"1038\" height=\"692\" srcset=\"https:\/\/misviajes.rosaguijarro.com\/wp-content\/uploads\/2020\/03\/img_8442.jpg 800w, https:\/\/misviajes.rosaguijarro.com\/wp-content\/uploads\/2020\/03\/img_8442-300x200.jpg 300w, https:\/\/misviajes.rosaguijarro.com\/wp-content\/uploads\/2020\/03\/img_8442-768x512.jpg 768w\" sizes=\"(max-width: 1038px) 100vw, 1038px\" \/><\/p><p>\u00a0<\/p><p class=\"p1\">Despu\u00e9s de comer pasamos por Barbate<\/p><p>\u00a0<\/p><p><img decoding=\"async\" class=\"aligncenter wp-image-6143\" src=\"https:\/\/misviajes750.files.wordpress.com\/2020\/03\/img_0232.jpg\" alt=\"IMG_0232\" width=\"1038\" height=\"692\" srcset=\"https:\/\/misviajes.rosaguijarro.com\/wp-content\/uploads\/2020\/03\/img_0232.jpg 800w, https:\/\/misviajes.rosaguijarro.com\/wp-content\/uploads\/2020\/03\/img_0232-300x200.jpg 300w, https:\/\/misviajes.rosaguijarro.com\/wp-content\/uploads\/2020\/03\/img_0232-768x512.jpg 768w\" sizes=\"(max-width: 1038px) 100vw, 1038px\" \/><\/p><p>\u00a0<\/p><p><img loading=\"lazy\" decoding=\"async\" class=\"aligncenter wp-image-6144\" src=\"https:\/\/misviajes750.files.wordpress.com\/2020\/03\/img_0234.jpg\" alt=\"IMG_0234\" width=\"1038\" height=\"573\" srcset=\"https:\/\/misviajes.rosaguijarro.com\/wp-content\/uploads\/2020\/03\/img_0234.jpg 800w, https:\/\/misviajes.rosaguijarro.com\/wp-content\/uploads\/2020\/03\/img_0234-300x166.jpg 300w, https:\/\/misviajes.rosaguijarro.com\/wp-content\/uploads\/2020\/03\/img_0234-768x424.jpg 768w\" sizes=\"(max-width: 1038px) 100vw, 1038px\" \/><\/p><p>\u00a0<\/p><p><img loading=\"lazy\" decoding=\"async\" class=\"aligncenter wp-image-6145\" src=\"https:\/\/misviajes750.files.wordpress.com\/2020\/03\/img_0235.jpg\" alt=\"IMG_0235\" width=\"1038\" height=\"679\" srcset=\"https:\/\/misviajes.rosaguijarro.com\/wp-content\/uploads\/2020\/03\/img_0235.jpg 800w, https:\/\/misviajes.rosaguijarro.com\/wp-content\/uploads\/2020\/03\/img_0235-300x196.jpg 300w, https:\/\/misviajes.rosaguijarro.com\/wp-content\/uploads\/2020\/03\/img_0235-768x502.jpg 768w\" sizes=\"(max-width: 1038px) 100vw, 1038px\" \/><\/p><p>\u00a0<\/p><p class=\"p1\"><span class=\"s1\">Seguimos hacia Vejer de la Frontera, un pueblo realmente bonito. Siempre he tenido ganas de ver este pueblo porque fue el primer destino de un compa\u00f1ero de Facultad, el Pepe. No paseamos por las calles porque celebran el carnaval<\/span><\/p><p>\u00a0<\/p><p><img loading=\"lazy\" decoding=\"async\" class=\"aligncenter wp-image-6150\" src=\"https:\/\/misviajes750.files.wordpress.com\/2020\/03\/img_0237.jpg\" alt=\"IMG_0237\" width=\"1038\" height=\"692\" srcset=\"https:\/\/misviajes.rosaguijarro.com\/wp-content\/uploads\/2020\/03\/img_0237.jpg 800w, https:\/\/misviajes.rosaguijarro.com\/wp-content\/uploads\/2020\/03\/img_0237-300x200.jpg 300w, https:\/\/misviajes.rosaguijarro.com\/wp-content\/uploads\/2020\/03\/img_0237-768x512.jpg 768w\" sizes=\"(max-width: 1038px) 100vw, 1038px\" \/><\/p><p>\u00a0<\/p><p><img loading=\"lazy\" decoding=\"async\" class=\"aligncenter wp-image-6155\" src=\"https:\/\/misviajes750.files.wordpress.com\/2020\/03\/img_0242.jpg\" alt=\"IMG_0242\" width=\"1038\" height=\"692\" srcset=\"https:\/\/misviajes.rosaguijarro.com\/wp-content\/uploads\/2020\/03\/img_0242.jpg 800w, https:\/\/misviajes.rosaguijarro.com\/wp-content\/uploads\/2020\/03\/img_0242-300x200.jpg 300w, https:\/\/misviajes.rosaguijarro.com\/wp-content\/uploads\/2020\/03\/img_0242-768x512.jpg 768w\" sizes=\"(max-width: 1038px) 100vw, 1038px\" \/><\/p><p>\u00a0<\/p><p><img loading=\"lazy\" decoding=\"async\" class=\"aligncenter wp-image-6154\" src=\"https:\/\/misviajes750.files.wordpress.com\/2020\/03\/img_0241.jpg\" alt=\"IMG_0241\" width=\"1038\" height=\"692\" srcset=\"https:\/\/misviajes.rosaguijarro.com\/wp-content\/uploads\/2020\/03\/img_0241.jpg 800w, https:\/\/misviajes.rosaguijarro.com\/wp-content\/uploads\/2020\/03\/img_0241-300x200.jpg 300w, https:\/\/misviajes.rosaguijarro.com\/wp-content\/uploads\/2020\/03\/img_0241-768x512.jpg 768w\" sizes=\"(max-width: 1038px) 100vw, 1038px\" \/><\/p><p>\u00a0<\/p><p><img loading=\"lazy\" decoding=\"async\" class=\"aligncenter wp-image-6156\" src=\"https:\/\/misviajes750.files.wordpress.com\/2020\/03\/img_0243.jpg\" alt=\"IMG_0243\" width=\"1038\" height=\"692\" srcset=\"https:\/\/misviajes.rosaguijarro.com\/wp-content\/uploads\/2020\/03\/img_0243.jpg 800w, https:\/\/misviajes.rosaguijarro.com\/wp-content\/uploads\/2020\/03\/img_0243-300x200.jpg 300w, https:\/\/misviajes.rosaguijarro.com\/wp-content\/uploads\/2020\/03\/img_0243-768x512.jpg 768w\" sizes=\"(max-width: 1038px) 100vw, 1038px\" \/><\/p><p>\u00a0<\/p><p><img loading=\"lazy\" decoding=\"async\" class=\"aligncenter wp-image-6157\" src=\"https:\/\/misviajes750.files.wordpress.com\/2020\/03\/img_0244.jpg\" alt=\"IMG_0244\" width=\"1038\" height=\"668\" srcset=\"https:\/\/misviajes.rosaguijarro.com\/wp-content\/uploads\/2020\/03\/img_0244.jpg 800w, https:\/\/misviajes.rosaguijarro.com\/wp-content\/uploads\/2020\/03\/img_0244-300x193.jpg 300w, https:\/\/misviajes.rosaguijarro.com\/wp-content\/uploads\/2020\/03\/img_0244-768x494.jpg 768w\" sizes=\"(max-width: 1038px) 100vw, 1038px\" \/><\/p><p>\u00a0<\/p><p class=\"p1\"><span class=\"s1\">La siguiente parada es en Conil de la Frontera, damos un paseo por el pueblo que, por cierto, da la sensaci\u00f3n de que aqu\u00ed viene la gente a comer, est\u00e1 todo lleno. No puedo hacer fotos porque en la parte central del pueblo hay obras y est\u00e1 todo vallado, as\u00ed que s\u00f3lo pongo esta de este homenaje a la almadraba<\/span><\/p><p>\u00a0<\/p><p><img loading=\"lazy\" decoding=\"async\" class=\"aligncenter wp-image-6160\" src=\"https:\/\/misviajes750.files.wordpress.com\/2020\/03\/img_0250.jpg\" alt=\"IMG_0250\" width=\"1038\" height=\"692\" srcset=\"https:\/\/misviajes.rosaguijarro.com\/wp-content\/uploads\/2020\/03\/img_0250.jpg 800w, https:\/\/misviajes.rosaguijarro.com\/wp-content\/uploads\/2020\/03\/img_0250-300x200.jpg 300w, https:\/\/misviajes.rosaguijarro.com\/wp-content\/uploads\/2020\/03\/img_0250-768x512.jpg 768w\" sizes=\"(max-width: 1038px) 100vw, 1038px\" \/><\/p><p>\u00a0<\/p><p class=\"p1\"><span class=\"s1\">La verdad es que el paisaje de la zona me gusta pero los pueblos no demasiado, tengo la sensaci\u00f3n de que es una zona de playa y de comer pesca\u00edto y cosas por el estilo y poco m\u00e1s.<\/span><\/p><p class=\"p1\"><span class=\"s1\">Y ya nos dirigimos al c\u00e1mping La Rosaleda, cerca de Conil. El c\u00e1mping est\u00e1 muy bien pero quer\u00edamos cenar en el restaurante y cuando llegamos all\u00ed resulta que ten\u00edan montado un jolgorio con la gente cantando con los altavoces a todo volumen. Preguntamos si tenemos que cenar con ese esc\u00e1ndalo y nos dicen que s\u00ed, as\u00ed que nos volvemos a la furgo y cenamos all\u00ed estupendamente.<\/span><\/p><p>\u00a0<\/p><p class=\"p1\"><strong>9 de marzo<\/strong><\/p><p>\u00a0<\/p><p class=\"p1\"><span class=\"s1\">La ruta prevista para hoy pasaba por Benalud-Casas Viejas, el parque de los Alcornocales, Algar, Medina-Sidonia y luego al c\u00e1mping m\u00e1s cercano a C\u00e1diz.<\/span><\/p><p class=\"p1\"><span class=\"s1\">Pero me equivoco, me paso de largo la carretera de Benalud y el navegador me lleva a Medina-Sidonia. Damos un paseo por el pueblo.<\/span><\/p><p>\u00a0<\/p><p><img loading=\"lazy\" decoding=\"async\" class=\"aligncenter wp-image-6161\" src=\"https:\/\/misviajes750.files.wordpress.com\/2020\/03\/img_8444.jpg\" alt=\"IMG_8444\" width=\"1038\" height=\"692\" srcset=\"https:\/\/misviajes.rosaguijarro.com\/wp-content\/uploads\/2020\/03\/img_8444.jpg 800w, https:\/\/misviajes.rosaguijarro.com\/wp-content\/uploads\/2020\/03\/img_8444-300x200.jpg 300w, https:\/\/misviajes.rosaguijarro.com\/wp-content\/uploads\/2020\/03\/img_8444-768x512.jpg 768w\" sizes=\"(max-width: 1038px) 100vw, 1038px\" \/><\/p><p>\u00a0<\/p><p><img loading=\"lazy\" decoding=\"async\" class=\"aligncenter wp-image-6162\" src=\"https:\/\/misviajes750.files.wordpress.com\/2020\/03\/img_8447.jpg\" alt=\"IMG_8447\" width=\"1038\" height=\"692\" srcset=\"https:\/\/misviajes.rosaguijarro.com\/wp-content\/uploads\/2020\/03\/img_8447.jpg 800w, https:\/\/misviajes.rosaguijarro.com\/wp-content\/uploads\/2020\/03\/img_8447-300x200.jpg 300w, https:\/\/misviajes.rosaguijarro.com\/wp-content\/uploads\/2020\/03\/img_8447-768x512.jpg 768w\" sizes=\"(max-width: 1038px) 100vw, 1038px\" \/><\/p><p>\u00a0<\/p><p><img loading=\"lazy\" decoding=\"async\" class=\"aligncenter wp-image-6164\" src=\"https:\/\/misviajes750.files.wordpress.com\/2020\/03\/img_8449.jpg\" alt=\"IMG_8449\" width=\"1038\" height=\"692\" srcset=\"https:\/\/misviajes.rosaguijarro.com\/wp-content\/uploads\/2020\/03\/img_8449.jpg 800w, https:\/\/misviajes.rosaguijarro.com\/wp-content\/uploads\/2020\/03\/img_8449-300x200.jpg 300w, https:\/\/misviajes.rosaguijarro.com\/wp-content\/uploads\/2020\/03\/img_8449-768x512.jpg 768w\" sizes=\"(max-width: 1038px) 100vw, 1038px\" \/><\/p><p>\u00a0<\/p><p><img loading=\"lazy\" decoding=\"async\" class=\"aligncenter wp-image-6165\" src=\"https:\/\/misviajes750.files.wordpress.com\/2020\/03\/img_8450.jpg\" alt=\"IMG_8450\" width=\"1038\" height=\"692\" srcset=\"https:\/\/misviajes.rosaguijarro.com\/wp-content\/uploads\/2020\/03\/img_8450.jpg 800w, https:\/\/misviajes.rosaguijarro.com\/wp-content\/uploads\/2020\/03\/img_8450-300x200.jpg 300w, https:\/\/misviajes.rosaguijarro.com\/wp-content\/uploads\/2020\/03\/img_8450-768x512.jpg 768w\" sizes=\"(max-width: 1038px) 100vw, 1038px\" \/><\/p><p>\u00a0<\/p><p class=\"p1\"><span class=\"s1\">Seguimos, ahora en direcci\u00f3n contraria a lo previsto, no nos gusta mucho el recorrido. Comemos en Algar y cambiamos la ruta, nos vamos Grazalema. Aparcamos en lo que se supone que es un \u00e1rea de autocaravanas y en realidad es un campo donde se aparca. Subimos al pueblo caminando, tomamos un caf\u00e9 y, como s\u00f3lo son las cinco, decidimos ir a dormir al c\u00e1mping de Ronda.<\/span><\/p><p>\u00a0<\/p><p class=\"p1\"><img loading=\"lazy\" decoding=\"async\" class=\"aligncenter wp-image-6167\" src=\"https:\/\/misviajes750.files.wordpress.com\/2020\/03\/img_8460.jpg\" alt=\"IMG_8460\" width=\"1038\" height=\"629\" srcset=\"https:\/\/misviajes.rosaguijarro.com\/wp-content\/uploads\/2020\/03\/img_8460.jpg 800w, https:\/\/misviajes.rosaguijarro.com\/wp-content\/uploads\/2020\/03\/img_8460-300x182.jpg 300w, https:\/\/misviajes.rosaguijarro.com\/wp-content\/uploads\/2020\/03\/img_8460-768x466.jpg 768w\" sizes=\"(max-width: 1038px) 100vw, 1038px\" \/><\/p><p>\u00a0<\/p><p class=\"p1\"><span class=\"s1\"><img loading=\"lazy\" decoding=\"async\" class=\"aligncenter wp-image-6168\" src=\"https:\/\/misviajes750.files.wordpress.com\/2020\/03\/img_8462.jpg\" alt=\"IMG_8462\" width=\"1038\" height=\"692\" srcset=\"https:\/\/misviajes.rosaguijarro.com\/wp-content\/uploads\/2020\/03\/img_8462.jpg 800w, https:\/\/misviajes.rosaguijarro.com\/wp-content\/uploads\/2020\/03\/img_8462-300x200.jpg 300w, https:\/\/misviajes.rosaguijarro.com\/wp-content\/uploads\/2020\/03\/img_8462-768x512.jpg 768w\" sizes=\"(max-width: 1038px) 100vw, 1038px\" \/><\/span><\/p><p>\u00a0<\/p><p class=\"p1\"><span class=\"s1\"><img loading=\"lazy\" decoding=\"async\" class=\"aligncenter wp-image-6171\" src=\"https:\/\/misviajes750.files.wordpress.com\/2020\/03\/img_8474.jpg\" alt=\"IMG_8474\" width=\"1038\" height=\"692\" srcset=\"https:\/\/misviajes.rosaguijarro.com\/wp-content\/uploads\/2020\/03\/img_8474.jpg 800w, https:\/\/misviajes.rosaguijarro.com\/wp-content\/uploads\/2020\/03\/img_8474-300x200.jpg 300w, https:\/\/misviajes.rosaguijarro.com\/wp-content\/uploads\/2020\/03\/img_8474-768x512.jpg 768w\" sizes=\"(max-width: 1038px) 100vw, 1038px\" \/><\/span><\/p><p>\u00a0<\/p><p class=\"p1\"><span class=\"s1\"><img loading=\"lazy\" decoding=\"async\" class=\"aligncenter wp-image-6169\" src=\"https:\/\/misviajes750.files.wordpress.com\/2020\/03\/img_8471.jpg\" alt=\"IMG_8471\" width=\"1038\" height=\"692\" srcset=\"https:\/\/misviajes.rosaguijarro.com\/wp-content\/uploads\/2020\/03\/img_8471.jpg 800w, https:\/\/misviajes.rosaguijarro.com\/wp-content\/uploads\/2020\/03\/img_8471-300x200.jpg 300w, https:\/\/misviajes.rosaguijarro.com\/wp-content\/uploads\/2020\/03\/img_8471-768x512.jpg 768w\" sizes=\"(max-width: 1038px) 100vw, 1038px\" \/><\/span><\/p><p>\u00a0<\/p><p class=\"p1\"><span class=\"s1\"><img loading=\"lazy\" decoding=\"async\" class=\"aligncenter wp-image-6170\" src=\"https:\/\/misviajes750.files.wordpress.com\/2020\/03\/img_8473.jpg\" alt=\"IMG_8473\" width=\"1038\" height=\"692\" srcset=\"https:\/\/misviajes.rosaguijarro.com\/wp-content\/uploads\/2020\/03\/img_8473.jpg 800w, https:\/\/misviajes.rosaguijarro.com\/wp-content\/uploads\/2020\/03\/img_8473-300x200.jpg 300w, https:\/\/misviajes.rosaguijarro.com\/wp-content\/uploads\/2020\/03\/img_8473-768x512.jpg 768w\" sizes=\"(max-width: 1038px) 100vw, 1038px\" \/><\/span><\/p><p>\u00a0<\/p><p><strong>10 de marzo<\/strong><\/p><p>\u00a0<\/p><p class=\"p1\"><span class=\"s1\">En el c\u00e1mping veo a unos holandeses de un grupo de autocaravanas de ese pa\u00eds que nos fuimos encontrando por Marruecos, en Zagora, en Fes, en Volubilis\u2026 y ahora aqu\u00ed.<\/span><\/p><p class=\"p1\"><span class=\"s1\">Vamos a Setenil de las Bodegas, aparcamos a la salida del pueblo y nos damos una vuelta por \u00e9l. Muy bonito y curioso.<\/span><\/p><p>\u00a0<\/p><p><img loading=\"lazy\" decoding=\"async\" class=\"aligncenter wp-image-6184\" src=\"https:\/\/misviajes750.files.wordpress.com\/2020\/03\/img_0294.jpg\" alt=\"IMG_0294\" width=\"1038\" height=\"692\" srcset=\"https:\/\/misviajes.rosaguijarro.com\/wp-content\/uploads\/2020\/03\/img_0294.jpg 800w, https:\/\/misviajes.rosaguijarro.com\/wp-content\/uploads\/2020\/03\/img_0294-300x200.jpg 300w, https:\/\/misviajes.rosaguijarro.com\/wp-content\/uploads\/2020\/03\/img_0294-768x512.jpg 768w\" sizes=\"(max-width: 1038px) 100vw, 1038px\" \/><\/p><p>\u00a0<\/p><p><img loading=\"lazy\" decoding=\"async\" class=\"aligncenter wp-image-6174\" src=\"https:\/\/misviajes750.files.wordpress.com\/2020\/03\/img_0253.jpg\" alt=\"IMG_0253\" width=\"1038\" height=\"692\" srcset=\"https:\/\/misviajes.rosaguijarro.com\/wp-content\/uploads\/2020\/03\/img_0253.jpg 800w, https:\/\/misviajes.rosaguijarro.com\/wp-content\/uploads\/2020\/03\/img_0253-300x200.jpg 300w, https:\/\/misviajes.rosaguijarro.com\/wp-content\/uploads\/2020\/03\/img_0253-768x512.jpg 768w\" sizes=\"(max-width: 1038px) 100vw, 1038px\" \/><\/p><p>\u00a0<\/p><p><img loading=\"lazy\" decoding=\"async\" class=\"aligncenter wp-image-6175\" src=\"https:\/\/misviajes750.files.wordpress.com\/2020\/03\/img_0262.jpg\" alt=\"IMG_0262\" width=\"1038\" height=\"692\" srcset=\"https:\/\/misviajes.rosaguijarro.com\/wp-content\/uploads\/2020\/03\/img_0262.jpg 800w, https:\/\/misviajes.rosaguijarro.com\/wp-content\/uploads\/2020\/03\/img_0262-300x200.jpg 300w, https:\/\/misviajes.rosaguijarro.com\/wp-content\/uploads\/2020\/03\/img_0262-768x512.jpg 768w\" sizes=\"(max-width: 1038px) 100vw, 1038px\" \/><\/p><p>\u00a0<\/p><p><img loading=\"lazy\" decoding=\"async\" class=\"aligncenter wp-image-6176\" src=\"https:\/\/misviajes750.files.wordpress.com\/2020\/03\/img_0263.jpg\" alt=\"IMG_0263\" width=\"1038\" height=\"692\" srcset=\"https:\/\/misviajes.rosaguijarro.com\/wp-content\/uploads\/2020\/03\/img_0263.jpg 800w, https:\/\/misviajes.rosaguijarro.com\/wp-content\/uploads\/2020\/03\/img_0263-300x200.jpg 300w, https:\/\/misviajes.rosaguijarro.com\/wp-content\/uploads\/2020\/03\/img_0263-768x512.jpg 768w\" sizes=\"(max-width: 1038px) 100vw, 1038px\" \/><\/p><p>\u00a0<\/p><p><img loading=\"lazy\" decoding=\"async\" class=\"aligncenter wp-image-6177\" src=\"https:\/\/misviajes750.files.wordpress.com\/2020\/03\/img_0271.jpg\" alt=\"IMG_0271\" width=\"1038\" height=\"692\" srcset=\"https:\/\/misviajes.rosaguijarro.com\/wp-content\/uploads\/2020\/03\/img_0271.jpg 800w, https:\/\/misviajes.rosaguijarro.com\/wp-content\/uploads\/2020\/03\/img_0271-300x200.jpg 300w, https:\/\/misviajes.rosaguijarro.com\/wp-content\/uploads\/2020\/03\/img_0271-768x512.jpg 768w\" sizes=\"(max-width: 1038px) 100vw, 1038px\" \/><\/p><p>\u00a0<\/p><p><img loading=\"lazy\" decoding=\"async\" class=\"aligncenter wp-image-6179\" src=\"https:\/\/misviajes750.files.wordpress.com\/2020\/03\/img_0279.jpg\" alt=\"IMG_0279\" width=\"1038\" height=\"692\" srcset=\"https:\/\/misviajes.rosaguijarro.com\/wp-content\/uploads\/2020\/03\/img_0279.jpg 800w, https:\/\/misviajes.rosaguijarro.com\/wp-content\/uploads\/2020\/03\/img_0279-300x200.jpg 300w, https:\/\/misviajes.rosaguijarro.com\/wp-content\/uploads\/2020\/03\/img_0279-768x512.jpg 768w\" sizes=\"(max-width: 1038px) 100vw, 1038px\" \/><\/p><p>\u00a0<\/p><p><img loading=\"lazy\" decoding=\"async\" class=\"aligncenter wp-image-6181\" src=\"https:\/\/misviajes750.files.wordpress.com\/2020\/03\/img_0283.jpg\" alt=\"IMG_0283\" width=\"467\" height=\"700\" srcset=\"https:\/\/misviajes.rosaguijarro.com\/wp-content\/uploads\/2020\/03\/img_0283.jpg 400w, https:\/\/misviajes.rosaguijarro.com\/wp-content\/uploads\/2020\/03\/img_0283-200x300.jpg 200w\" sizes=\"(max-width: 467px) 100vw, 467px\" \/><\/p><p>\u00a0<\/p><p><img loading=\"lazy\" decoding=\"async\" class=\"aligncenter wp-image-6182\" src=\"https:\/\/misviajes750.files.wordpress.com\/2020\/03\/img_0288.jpg\" alt=\"IMG_0288\" width=\"11038\" height=\"7354\" srcset=\"https:\/\/misviajes.rosaguijarro.com\/wp-content\/uploads\/2020\/03\/img_0288.jpg 800w, https:\/\/misviajes.rosaguijarro.com\/wp-content\/uploads\/2020\/03\/img_0288-300x200.jpg 300w, https:\/\/misviajes.rosaguijarro.com\/wp-content\/uploads\/2020\/03\/img_0288-768x512.jpg 768w\" sizes=\"(max-width: 11038px) 100vw, 11038px\" \/><\/p><p>\u00a0<\/p><p><img loading=\"lazy\" decoding=\"async\" class=\"aligncenter wp-image-6183\" src=\"https:\/\/misviajes750.files.wordpress.com\/2020\/03\/img_0292.jpg\" alt=\"IMG_0292\" width=\"1038\" height=\"692\" srcset=\"https:\/\/misviajes.rosaguijarro.com\/wp-content\/uploads\/2020\/03\/img_0292.jpg 800w, https:\/\/misviajes.rosaguijarro.com\/wp-content\/uploads\/2020\/03\/img_0292-300x200.jpg 300w, https:\/\/misviajes.rosaguijarro.com\/wp-content\/uploads\/2020\/03\/img_0292-768x512.jpg 768w\" sizes=\"(max-width: 1038px) 100vw, 1038px\" \/><\/p><p>\u00a0<\/p><p class=\"p1\"><span class=\"s1\">Seguimos por una carretera local muy bonita hacia Osuna, luego hacia Ecija, donde cogeremos la autopista. Por el camino disfrutamos de bonitos paisajes: Alh\u00e1quime y al fondo Olvera<\/span><\/p><p>\u00a0<\/p><p><img loading=\"lazy\" decoding=\"async\" class=\"aligncenter wp-image-6187\" src=\"https:\/\/misviajes750.files.wordpress.com\/2020\/03\/04-alhaquime.jpg\" alt=\"04 Alhaquime\" width=\"1038\" height=\"650\" srcset=\"https:\/\/misviajes.rosaguijarro.com\/wp-content\/uploads\/2020\/03\/04-alhaquime.jpg 800w, https:\/\/misviajes.rosaguijarro.com\/wp-content\/uploads\/2020\/03\/04-alhaquime-300x188.jpg 300w, https:\/\/misviajes.rosaguijarro.com\/wp-content\/uploads\/2020\/03\/04-alhaquime-768x481.jpg 768w\" sizes=\"(max-width: 1038px) 100vw, 1038px\" \/><\/p><p>\u00a0<\/p><p>Alh\u00e1quime<\/p><p>\u00a0<\/p><p><img loading=\"lazy\" decoding=\"async\" class=\"aligncenter wp-image-6188\" src=\"https:\/\/misviajes750.files.wordpress.com\/2020\/03\/05-alhaquime.jpg\" alt=\"05 Alhaquime\" width=\"1038\" height=\"628\" srcset=\"https:\/\/misviajes.rosaguijarro.com\/wp-content\/uploads\/2020\/03\/05-alhaquime.jpg 800w, https:\/\/misviajes.rosaguijarro.com\/wp-content\/uploads\/2020\/03\/05-alhaquime-300x182.jpg 300w, https:\/\/misviajes.rosaguijarro.com\/wp-content\/uploads\/2020\/03\/05-alhaquime-768x465.jpg 768w\" sizes=\"(max-width: 1038px) 100vw, 1038px\" \/><\/p><p>\u00a0<\/p><p>Olvera<\/p><p>\u00a0<\/p><p><img loading=\"lazy\" decoding=\"async\" class=\"aligncenter wp-image-6186\" src=\"https:\/\/misviajes750.files.wordpress.com\/2020\/03\/06-olvera.jpg\" alt=\"06 Olvera\" width=\"1038\" height=\"692\" srcset=\"https:\/\/misviajes.rosaguijarro.com\/wp-content\/uploads\/2020\/03\/06-olvera.jpg 800w, https:\/\/misviajes.rosaguijarro.com\/wp-content\/uploads\/2020\/03\/06-olvera-300x200.jpg 300w, https:\/\/misviajes.rosaguijarro.com\/wp-content\/uploads\/2020\/03\/06-olvera-768x512.jpg 768w\" sizes=\"(max-width: 1038px) 100vw, 1038px\" \/><\/p><p>\u00a0<\/p><p>Salimos ya de la ruta de los pueblos blancos y entramos en el olivar<\/p><p>\u00a0<\/p><p><img loading=\"lazy\" decoding=\"async\" class=\"aligncenter wp-image-6189\" src=\"https:\/\/misviajes750.files.wordpress.com\/2020\/03\/07-paisaje.jpg\" alt=\"07 paisaje\" width=\"1038\" height=\"692\" srcset=\"https:\/\/misviajes.rosaguijarro.com\/wp-content\/uploads\/2020\/03\/07-paisaje.jpg 800w, https:\/\/misviajes.rosaguijarro.com\/wp-content\/uploads\/2020\/03\/07-paisaje-300x200.jpg 300w, https:\/\/misviajes.rosaguijarro.com\/wp-content\/uploads\/2020\/03\/07-paisaje-768x512.jpg 768w\" sizes=\"(max-width: 1038px) 100vw, 1038px\" \/><\/p><p>\u00a0<\/p><p><img loading=\"lazy\" decoding=\"async\" class=\"aligncenter wp-image-6190\" src=\"https:\/\/misviajes750.files.wordpress.com\/2020\/03\/08-pasisaje.jpg\" alt=\"08 pasisaje\" width=\"1038\" height=\"692\" srcset=\"https:\/\/misviajes.rosaguijarro.com\/wp-content\/uploads\/2020\/03\/08-pasisaje.jpg 800w, https:\/\/misviajes.rosaguijarro.com\/wp-content\/uploads\/2020\/03\/08-pasisaje-300x200.jpg 300w, https:\/\/misviajes.rosaguijarro.com\/wp-content\/uploads\/2020\/03\/08-pasisaje-768x512.jpg 768w\" sizes=\"(max-width: 1038px) 100vw, 1038px\" \/><\/p><p>\u00a0<\/p><p class=\"p1\"><span class=\"s1\">Seguimos hasta el c\u00e1mping Despe\u00f1aperros. Nos instalamos en \u00e9l, bonito y tranquilo, las parcelas est\u00e1n entre los pinos. Muy, muy agradable.<\/span><\/p><p>\u00a0<\/p><p><strong>12 de marzo\u00a0<\/strong><\/p><p>\u00a0<\/p><p class=\"p1\"><span class=\"s1\">Hoy carretera hacia casa. Llegamos hasta Benic\u00e0ssim.<\/span><\/p><p>\u00a0<\/p><p><strong>13 de marzo<\/strong><\/p><p>\u00a0<\/p><p>Llegamos a casa y fin del viaje. Voy al s\u00faper porque la nevera est\u00e1 vac\u00eda y resulta que el s\u00faper est\u00e1 arrasado, no queda nada, resulta que la gente est\u00e1 acaparando de todo.\u00a0 Alucino un rato de tanta histeria. Pero parece que hemos acertado volviendo porque el d\u00eda 12 Marruecos empez\u00f3 a suspender las comunicaciones con Espa\u00f1a maritimas y a\u00e9reas, y el 14 el Gobierno decret\u00f3 el aislamiento en Espa\u00f1a a causa del Coronavirus.<\/p><p>\u00a0<\/p><p><a href=\"https:\/\/www.google.com\/maps\/d\/u\/0\/viewer?mid=1iySnTufCiaJbLMTxFvOVRWuXsFS6iL6O&amp;ll=36.611168450794366%2C-5.63459565039063&amp;z=9\" target=\"_blank\" rel=\"noopener\"><img loading=\"lazy\" decoding=\"async\" class=\"aligncenter wp-image-15442 size-full\" src=\"https:\/\/misviajes.rosaguijarro.com\/wp-content\/uploads\/2024\/09\/Cadiz.jpg\" alt=\"\" width=\"800\" height=\"458\" srcset=\"https:\/\/misviajes.rosaguijarro.com\/wp-content\/uploads\/2024\/09\/Cadiz.jpg 800w, https:\/\/misviajes.rosaguijarro.com\/wp-content\/uploads\/2024\/09\/Cadiz-300x172.jpg 300w, https:\/\/misviajes.rosaguijarro.com\/wp-content\/uploads\/2024\/09\/Cadiz-768x440.jpg 768w\" sizes=\"(max-width: 800px) 100vw, 800px\" \/><\/a><\/p>\t\t\t\t\t\t\t\t<\/div>\n\t\t\t\t<\/div>\n\t\t\t\t\t<\/div>\n\t\t\t\t<\/div>\n\t\t\t\t<\/div>\n\t\t","protected":false},"excerpt":{"rendered":"<p>Llegamos a Algeciras en el ferry porque venimos de Marruecos y, aprovechando que estamos aqu\u00ed, decidimos darnos una vuelta por la provincia de camino a casa. Hemos dormido en el c\u00e1mping\u00a0 Valdevaqueros, Tarifa. \u00a0 8 de marzo \u00a0 Me levanto algo tarde y pongo una lavadora mientras desayuno. Luego una secadora. La verdad es que &#8230; <a title=\"C\u00e1diz, 2020\" class=\"read-more\" href=\"https:\/\/misviajes.rosaguijarro.com\/index.php\/cadiz-2020\/\" aria-label=\"Leer m\u00e1s sobre C\u00e1diz, 2020\">Leer m\u00e1s<\/a><\/p>\n","protected":false},"author":2,"featured_media":0,"parent":0,"menu_order":0,"comment_status":"open","ping_status":"closed","template":"","meta":{"iawp_total_views":1,"footnotes":""},"class_list":["post-5925","page","type-page","status-publish"],"_links":{"self":[{"href":"https:\/\/misviajes.rosaguijarro.com\/index.php\/wp-json\/wp\/v2\/pages\/5925","targetHints":{"allow":["GET"]}}],"collection":[{"href":"https:\/\/misviajes.rosaguijarro.com\/index.php\/wp-json\/wp\/v2\/pages"}],"about":[{"href":"https:\/\/misviajes.rosaguijarro.com\/index.php\/wp-json\/wp\/v2\/types\/page"}],"author":[{"embeddable":true,"href":"https:\/\/misviajes.rosaguijarro.com\/index.php\/wp-json\/wp\/v2\/users\/2"}],"replies":[{"embeddable":true,"href":"https:\/\/misviajes.rosaguijarro.com\/index.php\/wp-json\/wp\/v2\/comments?post=5925"}],"version-history":[{"count":30,"href":"https:\/\/misviajes.rosaguijarro.com\/index.php\/wp-json\/wp\/v2\/pages\/5925\/revisions"}],"predecessor-version":[{"id":16311,"href":"https:\/\/misviajes.rosaguijarro.com\/index.php\/wp-json\/wp\/v2\/pages\/5925\/revisions\/16311"}],"wp:attachment":[{"href":"https:\/\/misviajes.rosaguijarro.com\/index.php\/wp-json\/wp\/v2\/media?parent=5925"}],"curies":[{"name":"wp","href":"https:\/\/api.w.org\/{rel}","templated":true}]}}