{"id":4012,"date":"2019-03-06T08:46:07","date_gmt":"2019-03-06T07:46:07","guid":{"rendered":"https:\/\/misviajes750.wordpress.com\/?page_id=4012"},"modified":"2024-07-20T15:29:40","modified_gmt":"2024-07-20T15:29:40","slug":"en-bici-por-la-vall-den-bas-gerona","status":"publish","type":"page","link":"https:\/\/misviajes.rosaguijarro.com\/index.php\/en-bici-por-la-vall-den-bas-gerona\/","title":{"rendered":"En bici por la Vall d&#8217;en Bas (Gerona)"},"content":{"rendered":"\t\t<div data-elementor-type=\"wp-page\" data-elementor-id=\"4012\" class=\"elementor elementor-4012\" data-elementor-post-type=\"page\">\n\t\t\t\t<div class=\"elementor-element elementor-element-41aba77a e-flex e-con-boxed e-con e-parent\" data-id=\"41aba77a\" data-element_type=\"container\" data-e-type=\"container\">\n\t\t\t\t\t<div class=\"e-con-inner\">\n\t\t\t\t<div class=\"elementor-element elementor-element-4350f0a elementor-widget elementor-widget-text-editor\" data-id=\"4350f0a\" data-element_type=\"widget\" data-e-type=\"widget\" data-widget_type=\"text-editor.default\">\n\t\t\t\t<div class=\"elementor-widget-container\">\n\t\t\t\t\t\t\t\t\t<p style=\"text-align: left;\"><strong>Lunes 25 de febrero<\/strong><\/p><p>\u00a0<\/p><p style=\"text-align: left;\">Hay un anticicl\u00f3n sobre nosotros y un tiempo y unas temperaturas excepcionales para finales de febrero as\u00ed que decidimos coger las bicicletas y salir con destino al c\u00e1mping Les Preses Nature en Les Preses (La Garrotxa, Gerona). Vamos a hacer algo nuevo, nos instalaremos en este c\u00e1mping y desde aqu\u00ed haremos unas cuantas salidas con las bicicletas. Salimos el lunes 25 y la idea es volver a casa el jueves.<br \/>Como siempre salimos con calma, aunque son s\u00f3lo unos 200 km los que vamos a hacer, la verdad es que tardamos en hacerlos. Comemos por el camino y llegamos all\u00ed antes de las 4 de la tarde. Mientras yo instalo todo, Joan sale con la bici para una primera toma de contacto.<\/p><p>\u00a0<\/p><p style=\"text-align: left;\"><strong>Martes 26 de febrero\u00a0<\/strong><\/p><p>\u00a0<\/p><p style=\"text-align: left;\">Despu\u00e9s de desayunar tranquilamente hacemos la ruta C\u00e1mping-Sant Esteve d&#8217;en Bas-C\u00e1mping (12,3 km) que he puesto en el mapa. Me olvido de coger la m\u00e1quina de fotos y no puedo hacerlas. Pero la ruta me ha gustado, es llana, f\u00e1cil y c\u00f3moda. Ma\u00f1ana volveremos a hacerlo. Joan vuelve a salir por la tarde y yo me la paso leyendo. Tambi\u00e9n dedico un rato a la observaci\u00f3n de p\u00e1jaros, en este c\u00e1mping (y tambi\u00e9n por donde pasamos durante estos d\u00edas) hay muchos p\u00e1jaros, vemos petirrojos, carboneros, trepador azul y un agateador, y o\u00edmos un p\u00e1jaro carpintero, pero s\u00f3lo llev\u00e9 la m\u00e1quina peque\u00f1a y no pude hacerles fotos.<\/p><p>\u00a0<\/p><p style=\"text-align: left;\"><strong>Mi\u00e9rcoles 27 de febrero<\/strong><\/p><p>\u00a0<\/p><p style=\"text-align: left;\">Esta ma\u00f1ana hacemos una de las rutas propuestas en la p\u00e1gina del c\u00e1mping, le llaman \u201cPedalada per a seniors\u201d (tambi\u00e9n est\u00e1 en el mapa al final de la cr\u00f3nica). Parte de esta ruta comprende la v\u00eda por la que pasamos ayer pero luego sigue hacia El Mallol por una carretera secundaria muy tranquila por la que apenas nos cruzamos con un par de coches.<\/p><p style=\"text-align: left;\"><img fetchpriority=\"high\" decoding=\"async\" class=\"aligncenter wp-image-4013\" src=\"https:\/\/misviajes750.files.wordpress.com\/2019\/03\/img_5049.jpg\" alt=\"IMG_5049\" width=\"1038\" height=\"692\" srcset=\"https:\/\/misviajes.rosaguijarro.com\/wp-content\/uploads\/2019\/03\/img_5049.jpg 800w, https:\/\/misviajes.rosaguijarro.com\/wp-content\/uploads\/2019\/03\/img_5049-300x200.jpg 300w, https:\/\/misviajes.rosaguijarro.com\/wp-content\/uploads\/2019\/03\/img_5049-768x512.jpg 768w\" sizes=\"(max-width: 1038px) 100vw, 1038px\" \/><\/p><p>\u00a0<\/p><p style=\"text-align: left;\"><img decoding=\"async\" class=\"aligncenter wp-image-4014\" src=\"https:\/\/misviajes750.files.wordpress.com\/2019\/03\/img_5054.jpg\" alt=\"IMG_5054\" width=\"1038\" height=\"692\" srcset=\"https:\/\/misviajes.rosaguijarro.com\/wp-content\/uploads\/2019\/03\/img_5054.jpg 800w, https:\/\/misviajes.rosaguijarro.com\/wp-content\/uploads\/2019\/03\/img_5054-300x200.jpg 300w, https:\/\/misviajes.rosaguijarro.com\/wp-content\/uploads\/2019\/03\/img_5054-768x512.jpg 768w\" sizes=\"(max-width: 1038px) 100vw, 1038px\" \/><\/p><p>\u00a0<\/p><p style=\"text-align: left;\"><img decoding=\"async\" class=\"wp-image-4015 alignnone\" src=\"https:\/\/misviajes750.files.wordpress.com\/2019\/03\/img_5057.jpg\" alt=\"IMG_5057\" width=\"1038\" height=\"692\" srcset=\"https:\/\/misviajes.rosaguijarro.com\/wp-content\/uploads\/2019\/03\/img_5057.jpg 800w, https:\/\/misviajes.rosaguijarro.com\/wp-content\/uploads\/2019\/03\/img_5057-300x200.jpg 300w, https:\/\/misviajes.rosaguijarro.com\/wp-content\/uploads\/2019\/03\/img_5057-768x512.jpg 768w\" sizes=\"(max-width: 1038px) 100vw, 1038px\" \/><\/p><p>\u00a0<\/p><p style=\"text-align: left;\">Nos paramos a ver la Capilla de San Quint\u00edn, una peque\u00f1a iglesia rom\u00e1nica del siglo XIII, modificada en el XVIII. S\u00f3lo la podemos ver por fuera.<img loading=\"lazy\" decoding=\"async\" class=\"aligncenter wp-image-4016\" src=\"https:\/\/misviajes750.files.wordpress.com\/2019\/03\/img_5058.jpg\" alt=\"IMG_5058\" width=\"1038\" height=\"673\" srcset=\"https:\/\/misviajes.rosaguijarro.com\/wp-content\/uploads\/2019\/03\/img_5058.jpg 800w, https:\/\/misviajes.rosaguijarro.com\/wp-content\/uploads\/2019\/03\/img_5058-300x195.jpg 300w, https:\/\/misviajes.rosaguijarro.com\/wp-content\/uploads\/2019\/03\/img_5058-768x498.jpg 768w\" sizes=\"(max-width: 1038px) 100vw, 1038px\" \/><\/p><p>\u00a0<\/p><p style=\"text-align: left;\"><img loading=\"lazy\" decoding=\"async\" class=\"aligncenter wp-image-4017\" src=\"https:\/\/misviajes750.files.wordpress.com\/2019\/03\/img_5059.jpg\" alt=\"IMG_5059\" width=\"1038\" height=\"692\" srcset=\"https:\/\/misviajes.rosaguijarro.com\/wp-content\/uploads\/2019\/03\/img_5059.jpg 800w, https:\/\/misviajes.rosaguijarro.com\/wp-content\/uploads\/2019\/03\/img_5059-300x200.jpg 300w, https:\/\/misviajes.rosaguijarro.com\/wp-content\/uploads\/2019\/03\/img_5059-768x512.jpg 768w\" sizes=\"(max-width: 1038px) 100vw, 1038px\" \/><\/p><p>\u00a0<\/p><p style=\"text-align: left;\"><img loading=\"lazy\" decoding=\"async\" class=\"aligncenter wp-image-4018\" src=\"https:\/\/misviajes750.files.wordpress.com\/2019\/03\/img_5064.jpg\" alt=\"IMG_5064\" width=\"1038\" height=\"692\" srcset=\"https:\/\/misviajes.rosaguijarro.com\/wp-content\/uploads\/2019\/03\/img_5064.jpg 800w, https:\/\/misviajes.rosaguijarro.com\/wp-content\/uploads\/2019\/03\/img_5064-300x200.jpg 300w, https:\/\/misviajes.rosaguijarro.com\/wp-content\/uploads\/2019\/03\/img_5064-768x512.jpg 768w\" sizes=\"(max-width: 1038px) 100vw, 1038px\" \/><\/p><p>\u00a0<\/p><p style=\"text-align: left;\"><img loading=\"lazy\" decoding=\"async\" class=\"aligncenter wp-image-4019\" src=\"https:\/\/misviajes750.files.wordpress.com\/2019\/03\/img_5065.jpg\" alt=\"IMG_5065\" width=\"1038\" height=\"692\" srcset=\"https:\/\/misviajes.rosaguijarro.com\/wp-content\/uploads\/2019\/03\/img_5065.jpg 800w, https:\/\/misviajes.rosaguijarro.com\/wp-content\/uploads\/2019\/03\/img_5065-300x200.jpg 300w, https:\/\/misviajes.rosaguijarro.com\/wp-content\/uploads\/2019\/03\/img_5065-768x512.jpg 768w\" sizes=\"(max-width: 1038px) 100vw, 1038px\" \/><\/p><p>\u00a0<\/p><p style=\"text-align: left;\">De vuelta hacia el c\u00e1mping la ruta sigue la\u00a0<span style=\"color: #0000ff;\"><a class=\"bbc_link\" style=\"color: #0000ff;\" href=\"http:\/\/www.viesverdes.cat\/es\/rutes_vies_verdes\/ruta-del-carrilet-i-es\/\" target=\"_blank\" rel=\"noopener noreferrer\">V\u00eda Verde del Carrilet<\/a><\/span>\u00a0y pasamos por el Bosc de Tosca (Bosque de Tosca). Joan entra a verlo, yo prefiero descansar. Volvemos al c\u00e1mping.<\/p><p>\u00a0<\/p><p style=\"text-align: left;\"><strong>Jueves 28<\/strong><\/p><p>\u00a0<\/p><p style=\"text-align: left;\">Volvemos al Bosc de Tosca y esta vez entramos los dos. Estamos en la zona volc\u00e1nica de la Garrotxa y este paraje responde totalmente al espect\u00e1culo volc\u00e1nico. El Bosc de Tosca se form\u00f3 a partir de la colada de lava del volc\u00e1n Croscat (volc\u00e1n de tipo estromboliano) har\u00e1 unos 11 o 12.000 a\u00f1os. Con el tiempo se desarroll\u00f3 un bosque de roble albar. Con el proceso de desamortizaci\u00f3n de Mendiz\u00e1bal, en el siglo XIX, las tierras pasaron a los lugare\u00f1os que desarrollaron un proceso de roturaci\u00f3n (artigatge) para convertirlo en campos de cultivo. Para ello fueron apartando las piedras volc\u00e1nicas y las fueron acumulando alrededor de las parcelas cultivables que resultan de diversos tama\u00f1os, algunas especialmente peque\u00f1as. Las piedras sirvieron tambi\u00e9n para separar las propiedades y delimitar los caminos. En los muros resultantes hac\u00edan peque\u00f1as caba\u00f1as para guardar herramientas o protegerse de las inclemencias del tiempo. El resultado es un paisaje rural extraordinario. Pero fue abandonado a mediados del siglo XX y empez\u00f3 su degradaci\u00f3n. En 1982 pas\u00f3 a formar parte del Parque Natural de la Zona volc\u00e1nica de la Garrotxa.<\/p><p style=\"text-align: left;\">Esta es la entrada al parque<\/p><p style=\"text-align: left;\"><img loading=\"lazy\" decoding=\"async\" class=\"aligncenter wp-image-4020\" src=\"https:\/\/misviajes750.files.wordpress.com\/2019\/03\/img_5072.jpg\" alt=\"IMG_5072\" width=\"1038\" height=\"692\" srcset=\"https:\/\/misviajes.rosaguijarro.com\/wp-content\/uploads\/2019\/03\/img_5072.jpg 800w, https:\/\/misviajes.rosaguijarro.com\/wp-content\/uploads\/2019\/03\/img_5072-300x200.jpg 300w, https:\/\/misviajes.rosaguijarro.com\/wp-content\/uploads\/2019\/03\/img_5072-768x512.jpg 768w\" sizes=\"(max-width: 1038px) 100vw, 1038px\" \/><\/p><p>\u00a0<\/p><p style=\"text-align: left;\"><img loading=\"lazy\" decoding=\"async\" class=\"aligncenter wp-image-4021\" src=\"https:\/\/misviajes750.files.wordpress.com\/2019\/03\/img_5075.jpg\" alt=\"IMG_5075\" width=\"81038\" height=\"53992\" srcset=\"https:\/\/misviajes.rosaguijarro.com\/wp-content\/uploads\/2019\/03\/img_5075.jpg 800w, https:\/\/misviajes.rosaguijarro.com\/wp-content\/uploads\/2019\/03\/img_5075-300x200.jpg 300w, https:\/\/misviajes.rosaguijarro.com\/wp-content\/uploads\/2019\/03\/img_5075-768x512.jpg 768w\" sizes=\"(max-width: 81038px) 100vw, 81038px\" \/><\/p><p>\u00a0<\/p><p style=\"text-align: left;\"><img loading=\"lazy\" decoding=\"async\" class=\"aligncenter wp-image-4022\" src=\"https:\/\/misviajes750.files.wordpress.com\/2019\/03\/img_5080.jpg\" alt=\"IMG_5080\" width=\"1038\" height=\"692\" srcset=\"https:\/\/misviajes.rosaguijarro.com\/wp-content\/uploads\/2019\/03\/img_5080.jpg 800w, https:\/\/misviajes.rosaguijarro.com\/wp-content\/uploads\/2019\/03\/img_5080-300x200.jpg 300w, https:\/\/misviajes.rosaguijarro.com\/wp-content\/uploads\/2019\/03\/img_5080-768x512.jpg 768w\" sizes=\"(max-width: 1038px) 100vw, 1038px\" \/><\/p><p>\u00a0<\/p><p style=\"text-align: left;\"><img loading=\"lazy\" decoding=\"async\" class=\"aligncenter wp-image-4023\" src=\"https:\/\/misviajes750.files.wordpress.com\/2019\/03\/img_5083.jpg\" alt=\"IMG_5083\" width=\"1038\" height=\"692\" srcset=\"https:\/\/misviajes.rosaguijarro.com\/wp-content\/uploads\/2019\/03\/img_5083.jpg 800w, https:\/\/misviajes.rosaguijarro.com\/wp-content\/uploads\/2019\/03\/img_5083-300x200.jpg 300w, https:\/\/misviajes.rosaguijarro.com\/wp-content\/uploads\/2019\/03\/img_5083-768x512.jpg 768w\" sizes=\"(max-width: 1038px) 100vw, 1038px\" \/><\/p><p>\u00a0<\/p><p style=\"text-align: left;\"><img loading=\"lazy\" decoding=\"async\" class=\"aligncenter wp-image-4024\" src=\"https:\/\/misviajes750.files.wordpress.com\/2019\/03\/img_5086.jpg\" alt=\"IMG_5086\" width=\"1038\" height=\"692\" srcset=\"https:\/\/misviajes.rosaguijarro.com\/wp-content\/uploads\/2019\/03\/img_5086.jpg 800w, https:\/\/misviajes.rosaguijarro.com\/wp-content\/uploads\/2019\/03\/img_5086-300x200.jpg 300w, https:\/\/misviajes.rosaguijarro.com\/wp-content\/uploads\/2019\/03\/img_5086-768x512.jpg 768w\" sizes=\"(max-width: 1038px) 100vw, 1038px\" \/><\/p><p>\u00a0<\/p><p style=\"text-align: left;\"><img loading=\"lazy\" decoding=\"async\" class=\"aligncenter wp-image-4025\" src=\"https:\/\/misviajes750.files.wordpress.com\/2019\/03\/img_5087.jpg\" alt=\"IMG_5087\" width=\"1038\" height=\"692\" srcset=\"https:\/\/misviajes.rosaguijarro.com\/wp-content\/uploads\/2019\/03\/img_5087.jpg 800w, https:\/\/misviajes.rosaguijarro.com\/wp-content\/uploads\/2019\/03\/img_5087-300x200.jpg 300w, https:\/\/misviajes.rosaguijarro.com\/wp-content\/uploads\/2019\/03\/img_5087-768x512.jpg 768w\" sizes=\"(max-width: 1038px) 100vw, 1038px\" \/><\/p><p>\u00a0<\/p><p style=\"text-align: left;\"><img loading=\"lazy\" decoding=\"async\" class=\"aligncenter wp-image-4026\" src=\"https:\/\/misviajes750.files.wordpress.com\/2019\/03\/img_5096.jpg\" alt=\"IMG_5096\" width=\"1038\" height=\"692\" srcset=\"https:\/\/misviajes.rosaguijarro.com\/wp-content\/uploads\/2019\/03\/img_5096.jpg 800w, https:\/\/misviajes.rosaguijarro.com\/wp-content\/uploads\/2019\/03\/img_5096-300x200.jpg 300w, https:\/\/misviajes.rosaguijarro.com\/wp-content\/uploads\/2019\/03\/img_5096-768x512.jpg 768w\" sizes=\"(max-width: 1038px) 100vw, 1038px\" \/><\/p><p>\u00a0<\/p><p style=\"text-align: left;\"><img loading=\"lazy\" decoding=\"async\" class=\"aligncenter wp-image-4027\" src=\"https:\/\/misviajes750.files.wordpress.com\/2019\/03\/img_5109.jpg\" alt=\"IMG_5109\" width=\"1038\" height=\"692\" srcset=\"https:\/\/misviajes.rosaguijarro.com\/wp-content\/uploads\/2019\/03\/img_5109.jpg 800w, https:\/\/misviajes.rosaguijarro.com\/wp-content\/uploads\/2019\/03\/img_5109-300x200.jpg 300w, https:\/\/misviajes.rosaguijarro.com\/wp-content\/uploads\/2019\/03\/img_5109-768x512.jpg 768w\" sizes=\"(max-width: 1038px) 100vw, 1038px\" \/><\/p><p>\u00a0<\/p><p style=\"text-align: left;\"><img loading=\"lazy\" decoding=\"async\" class=\"aligncenter wp-image-4028\" src=\"https:\/\/misviajes750.files.wordpress.com\/2019\/03\/img_5118.jpg\" alt=\"IMG_5118\" width=\"1038\" height=\"692\" srcset=\"https:\/\/misviajes.rosaguijarro.com\/wp-content\/uploads\/2019\/03\/img_5118.jpg 800w, https:\/\/misviajes.rosaguijarro.com\/wp-content\/uploads\/2019\/03\/img_5118-300x200.jpg 300w, https:\/\/misviajes.rosaguijarro.com\/wp-content\/uploads\/2019\/03\/img_5118-768x512.jpg 768w\" sizes=\"(max-width: 1038px) 100vw, 1038px\" \/><\/p><p>\u00a0<\/p><p style=\"text-align: left;\"><img loading=\"lazy\" decoding=\"async\" class=\"aligncenter wp-image-4029\" src=\"https:\/\/misviajes750.files.wordpress.com\/2019\/03\/img_5126.jpg\" alt=\"IMG_5126\" width=\"1038\" height=\"692\" srcset=\"https:\/\/misviajes.rosaguijarro.com\/wp-content\/uploads\/2019\/03\/img_5126.jpg 800w, https:\/\/misviajes.rosaguijarro.com\/wp-content\/uploads\/2019\/03\/img_5126-300x200.jpg 300w, https:\/\/misviajes.rosaguijarro.com\/wp-content\/uploads\/2019\/03\/img_5126-768x512.jpg 768w\" sizes=\"(max-width: 1038px) 100vw, 1038px\" \/><\/p><p>\u00a0<\/p><p style=\"text-align: left;\">Luego llegamos hasta Olot y visitamos el Museo de los volcanes (42.171279, 2.479992). Se trata de un peque\u00f1o museo muy did\u00e1ctico, una bonita visita. S\u00f3lo un apunte, est\u00e1 todo escrito s\u00f3lo en catal\u00e1n, pero yo creo que se entiende bien aunque no se sepa catal\u00e1n, El museo tiene\u00a0<a class=\"bbc_link\" href=\"https:\/\/museus.olot.cat\/museu-dels-volcans\/\" target=\"_blank\" rel=\"noopener noreferrer\"><span style=\"color: #0000ff;\">p\u00e1gina web<\/span> <\/a><\/p><p style=\"text-align: left;\"><img loading=\"lazy\" decoding=\"async\" class=\"aligncenter wp-image-4030\" src=\"https:\/\/misviajes750.files.wordpress.com\/2019\/03\/img_5132.jpg\" alt=\"IMG_5132\" width=\"1038\" height=\"692\" srcset=\"https:\/\/misviajes.rosaguijarro.com\/wp-content\/uploads\/2019\/03\/img_5132.jpg 800w, https:\/\/misviajes.rosaguijarro.com\/wp-content\/uploads\/2019\/03\/img_5132-300x200.jpg 300w, https:\/\/misviajes.rosaguijarro.com\/wp-content\/uploads\/2019\/03\/img_5132-768x512.jpg 768w\" sizes=\"(max-width: 1038px) 100vw, 1038px\" \/><\/p><p>\u00a0<\/p><p style=\"text-align: left;\"><strong>Viernes 28<\/strong><\/p><p>\u00a0<\/p><p style=\"text-align: left;\">Ten\u00edamos pensado volver el viernes a casa pero decidimos quedarnos un d\u00eda m\u00e1s. Hoy hacemos la ruta que aparece en el mapa de m\u00e1s abajo como C\u00e1mping-Fageda-Olot-Camping (17 km). Esta ruta tiene un par o tres de cuestas hasta llegar a la Fageda d\u2019en Jord\u00e0 (Hayedo de Jord\u00e0) pero se suben bien. Nos lleva hasta el hayedo y luego es todo bajada hasta Olot y volvemos al c\u00e1mping por la VV del Carrilet. Una ruta muy bonita.<\/p><p style=\"text-align: left;\"><img loading=\"lazy\" decoding=\"async\" class=\"aligncenter wp-image-4031\" src=\"https:\/\/misviajes750.files.wordpress.com\/2019\/03\/img_5137.jpg\" alt=\"IMG_5137\" width=\"1038\" height=\"692\" srcset=\"https:\/\/misviajes.rosaguijarro.com\/wp-content\/uploads\/2019\/03\/img_5137.jpg 800w, https:\/\/misviajes.rosaguijarro.com\/wp-content\/uploads\/2019\/03\/img_5137-300x200.jpg 300w, https:\/\/misviajes.rosaguijarro.com\/wp-content\/uploads\/2019\/03\/img_5137-768x512.jpg 768w\" sizes=\"(max-width: 1038px) 100vw, 1038px\" \/><\/p><p>\u00a0<\/p><p style=\"text-align: left;\"><img loading=\"lazy\" decoding=\"async\" class=\"aligncenter wp-image-4032\" src=\"https:\/\/misviajes750.files.wordpress.com\/2019\/03\/img_5139.jpg\" alt=\"IMG_5139\" width=\"1038\" height=\"692\" srcset=\"https:\/\/misviajes.rosaguijarro.com\/wp-content\/uploads\/2019\/03\/img_5139.jpg 800w, https:\/\/misviajes.rosaguijarro.com\/wp-content\/uploads\/2019\/03\/img_5139-300x200.jpg 300w, https:\/\/misviajes.rosaguijarro.com\/wp-content\/uploads\/2019\/03\/img_5139-768x512.jpg 768w\" sizes=\"(max-width: 1038px) 100vw, 1038px\" \/><\/p><p>\u00a0<\/p><p style=\"text-align: left;\"><img loading=\"lazy\" decoding=\"async\" class=\"aligncenter wp-image-4033\" src=\"https:\/\/misviajes750.files.wordpress.com\/2019\/03\/img_5142.jpg\" alt=\"IMG_5142\" width=\"1038\" height=\"692\" srcset=\"https:\/\/misviajes.rosaguijarro.com\/wp-content\/uploads\/2019\/03\/img_5142.jpg 800w, https:\/\/misviajes.rosaguijarro.com\/wp-content\/uploads\/2019\/03\/img_5142-300x200.jpg 300w, https:\/\/misviajes.rosaguijarro.com\/wp-content\/uploads\/2019\/03\/img_5142-768x512.jpg 768w\" sizes=\"(max-width: 1038px) 100vw, 1038px\" \/><\/p><p>\u00a0<\/p><p style=\"text-align: left;\"><img loading=\"lazy\" decoding=\"async\" class=\"aligncenter wp-image-4034\" src=\"https:\/\/misviajes750.files.wordpress.com\/2019\/03\/img_5144.jpg\" alt=\"IMG_5144\" width=\"1038\" height=\"692\" srcset=\"https:\/\/misviajes.rosaguijarro.com\/wp-content\/uploads\/2019\/03\/img_5144.jpg 800w, https:\/\/misviajes.rosaguijarro.com\/wp-content\/uploads\/2019\/03\/img_5144-300x200.jpg 300w, https:\/\/misviajes.rosaguijarro.com\/wp-content\/uploads\/2019\/03\/img_5144-768x512.jpg 768w\" sizes=\"(max-width: 1038px) 100vw, 1038px\" \/><\/p><p>\u00a0<\/p><p style=\"text-align: left;\"><img loading=\"lazy\" decoding=\"async\" class=\"aligncenter wp-image-4035\" src=\"https:\/\/misviajes750.files.wordpress.com\/2019\/03\/img_5147.jpg\" alt=\"IMG_5147\" width=\"1038\" height=\"655\" srcset=\"https:\/\/misviajes.rosaguijarro.com\/wp-content\/uploads\/2019\/03\/img_5147.jpg 800w, https:\/\/misviajes.rosaguijarro.com\/wp-content\/uploads\/2019\/03\/img_5147-300x189.jpg 300w, https:\/\/misviajes.rosaguijarro.com\/wp-content\/uploads\/2019\/03\/img_5147-768x485.jpg 768w\" sizes=\"(max-width: 1038px) 100vw, 1038px\" \/><\/p><p>\u00a0<\/p><p style=\"text-align: left;\"><img loading=\"lazy\" decoding=\"async\" class=\"aligncenter wp-image-4036\" src=\"https:\/\/misviajes750.files.wordpress.com\/2019\/03\/img_5149.jpg\" alt=\"IMG_5149\" width=\"1038\" height=\"692\" srcset=\"https:\/\/misviajes.rosaguijarro.com\/wp-content\/uploads\/2019\/03\/img_5149.jpg 800w, https:\/\/misviajes.rosaguijarro.com\/wp-content\/uploads\/2019\/03\/img_5149-300x200.jpg 300w, https:\/\/misviajes.rosaguijarro.com\/wp-content\/uploads\/2019\/03\/img_5149-768x512.jpg 768w\" sizes=\"(max-width: 1038px) 100vw, 1038px\" \/><\/p><p>\u00a0<\/p><p style=\"text-align: left;\"><img loading=\"lazy\" decoding=\"async\" class=\"aligncenter wp-image-4037\" src=\"https:\/\/misviajes750.files.wordpress.com\/2019\/03\/img_5152.jpg\" alt=\"IMG_5152\" width=\"1038\" height=\"692\" srcset=\"https:\/\/misviajes.rosaguijarro.com\/wp-content\/uploads\/2019\/03\/img_5152.jpg 800w, https:\/\/misviajes.rosaguijarro.com\/wp-content\/uploads\/2019\/03\/img_5152-300x200.jpg 300w, https:\/\/misviajes.rosaguijarro.com\/wp-content\/uploads\/2019\/03\/img_5152-768x512.jpg 768w\" sizes=\"(max-width: 1038px) 100vw, 1038px\" \/><\/p><p>\u00a0<\/p><p style=\"text-align: left;\"><img loading=\"lazy\" decoding=\"async\" class=\"aligncenter wp-image-4038\" src=\"https:\/\/misviajes750.files.wordpress.com\/2019\/03\/img_5156.jpg\" alt=\"IMG_5156\" width=\"1038\" height=\"692\" srcset=\"https:\/\/misviajes.rosaguijarro.com\/wp-content\/uploads\/2019\/03\/img_5156.jpg 800w, https:\/\/misviajes.rosaguijarro.com\/wp-content\/uploads\/2019\/03\/img_5156-300x200.jpg 300w, https:\/\/misviajes.rosaguijarro.com\/wp-content\/uploads\/2019\/03\/img_5156-768x512.jpg 768w\" sizes=\"(max-width: 1038px) 100vw, 1038px\" \/><\/p><p>\u00a0<\/p><p style=\"text-align: left;\">[googlemaps https:\/\/www.google.com\/maps\/d\/u\/0\/embed?mid=1TYo3MoRUP4faMSjuDwdfbd7bHbvYfFSO&amp;w=640&amp;h=480]<\/p>\t\t\t\t\t\t\t\t<\/div>\n\t\t\t\t<\/div>\n\t\t\t\t\t<\/div>\n\t\t\t\t<\/div>\n\t\t\t\t<\/div>\n\t\t","protected":false},"excerpt":{"rendered":"<p>Lunes 25 de febrero \u00a0 Hay un anticicl\u00f3n sobre nosotros y un tiempo y unas temperaturas excepcionales para finales de febrero as\u00ed que decidimos coger las bicicletas y salir con destino al c\u00e1mping Les Preses Nature en Les Preses (La Garrotxa, Gerona). Vamos a hacer algo nuevo, nos instalaremos en este c\u00e1mping y desde aqu\u00ed &#8230; <a title=\"En bici por la Vall d&#8217;en Bas (Gerona)\" class=\"read-more\" href=\"https:\/\/misviajes.rosaguijarro.com\/index.php\/en-bici-por-la-vall-den-bas-gerona\/\" aria-label=\"Leer m\u00e1s sobre En bici por la Vall d&#8217;en Bas (Gerona)\">Leer m\u00e1s<\/a><\/p>\n","protected":false},"author":2,"featured_media":0,"parent":0,"menu_order":0,"comment_status":"open","ping_status":"closed","template":"","meta":{"iawp_total_views":1,"footnotes":""},"class_list":["post-4012","page","type-page","status-publish"],"_links":{"self":[{"href":"https:\/\/misviajes.rosaguijarro.com\/index.php\/wp-json\/wp\/v2\/pages\/4012","targetHints":{"allow":["GET"]}}],"collection":[{"href":"https:\/\/misviajes.rosaguijarro.com\/index.php\/wp-json\/wp\/v2\/pages"}],"about":[{"href":"https:\/\/misviajes.rosaguijarro.com\/index.php\/wp-json\/wp\/v2\/types\/page"}],"author":[{"embeddable":true,"href":"https:\/\/misviajes.rosaguijarro.com\/index.php\/wp-json\/wp\/v2\/users\/2"}],"replies":[{"embeddable":true,"href":"https:\/\/misviajes.rosaguijarro.com\/index.php\/wp-json\/wp\/v2\/comments?post=4012"}],"version-history":[{"count":12,"href":"https:\/\/misviajes.rosaguijarro.com\/index.php\/wp-json\/wp\/v2\/pages\/4012\/revisions"}],"predecessor-version":[{"id":15051,"href":"https:\/\/misviajes.rosaguijarro.com\/index.php\/wp-json\/wp\/v2\/pages\/4012\/revisions\/15051"}],"wp:attachment":[{"href":"https:\/\/misviajes.rosaguijarro.com\/index.php\/wp-json\/wp\/v2\/media?parent=4012"}],"curies":[{"name":"wp","href":"https:\/\/api.w.org\/{rel}","templated":true}]}}