{"id":3163,"date":"2018-03-04T10:22:52","date_gmt":"2018-03-04T09:22:52","guid":{"rendered":"https:\/\/misviajes750.wordpress.com\/?page_id=3163"},"modified":"2024-07-19T17:51:46","modified_gmt":"2024-07-19T17:51:46","slug":"escapada-a-murcia-2016","status":"publish","type":"page","link":"https:\/\/misviajes.rosaguijarro.com\/index.php\/escapada-a-murcia-2016\/","title":{"rendered":"Escapada a Murcia (2016)"},"content":{"rendered":"\t\t<div data-elementor-type=\"wp-page\" data-elementor-id=\"3163\" class=\"elementor elementor-3163\" data-elementor-post-type=\"page\">\n\t\t\t\t<div class=\"elementor-element elementor-element-7f9db184 e-flex e-con-boxed e-con e-parent\" data-id=\"7f9db184\" data-element_type=\"container\" data-e-type=\"container\">\n\t\t\t\t\t<div class=\"e-con-inner\">\n\t\t\t\t<div class=\"elementor-element elementor-element-41735d7c elementor-widget elementor-widget-text-editor\" data-id=\"41735d7c\" data-element_type=\"widget\" data-e-type=\"widget\" data-widget_type=\"text-editor.default\">\n\t\t\t\t<div class=\"elementor-widget-container\">\n\t\t\t\t\t\t\t\t\t<p style=\"text-align: left;\">Llega el puente de mayo (del 14 al 16) y ponemos rumbo a Murcia, una regi\u00f3n a la que todav\u00eda no hab\u00edamos ido nunca. Salimos el viernes 13 despu\u00e9s de trabajar.<\/p><p style=\"text-align: left;\"><img fetchpriority=\"high\" decoding=\"async\" class=\"wp-image-6983 aligncenter\" src=\"https:\/\/misviajes750.files.wordpress.com\/2021\/02\/murcia-2016.jpg\" alt=\"murcia-2016\" width=\"1038\" height=\"474\" srcset=\"https:\/\/misviajes.rosaguijarro.com\/wp-content\/uploads\/2021\/02\/murcia-2016.jpg 624w, https:\/\/misviajes.rosaguijarro.com\/wp-content\/uploads\/2021\/02\/murcia-2016-300x137.jpg 300w\" sizes=\"(max-width: 1038px) 100vw, 1038px\" \/><\/p><p style=\"text-align: left;\">Vamos de un tir\u00f3n y nos dirigimos al c\u00e1mping El Berro, cuando llegamos nos damos cuenta de que ya hab\u00edamos estado en este c\u00e1mping (aunque s\u00f3lo de paso)<\/p><p style=\"text-align: left;\"><strong>14 de mayo<\/strong><\/p><p style=\"text-align: left;\">Dedicamos la ma\u00f1ana a hacer una ruta caminando por la Sierra de Espu\u00f1a, es una circular de wikiloc:\u00a0\u00a0<span style=\"color: #33cccc;\"><a href=\"https:\/\/es.wikiloc.com\/rutas-senderismo\/ruta-circular-el-berro-barranco-de-las-brujas-leiva-barranco-del-berro-4953409https:\/\/es.wikiloc.com\/rutas-senderismo\/ruta-circular-el-berro-barranco-de-las-brujas-leiva-barranco-del-berro-4953409\" target=\"_blank\" rel=\"noopener\">El Berro-Barranco de las brujas-Leiva-Barranco de El Berro<\/a><\/span><\/p><p style=\"text-align: left;\"><img decoding=\"async\" class=\"aligncenter wp-image-6980\" src=\"https:\/\/misviajes750.files.wordpress.com\/2021\/02\/captura-de-pantalla-2021-02-21-a-las-8.43.04.png\" alt=\"Captura de pantalla 2021-02-21 a las 8.43.04\" width=\"1038\" height=\"717\" srcset=\"https:\/\/misviajes.rosaguijarro.com\/wp-content\/uploads\/2021\/02\/captura-de-pantalla-2021-02-21-a-las-8.43.04.png 922w, https:\/\/misviajes.rosaguijarro.com\/wp-content\/uploads\/2021\/02\/captura-de-pantalla-2021-02-21-a-las-8.43.04-300x207.png 300w, https:\/\/misviajes.rosaguijarro.com\/wp-content\/uploads\/2021\/02\/captura-de-pantalla-2021-02-21-a-las-8.43.04-768x531.png 768w\" sizes=\"(max-width: 1038px) 100vw, 1038px\" \/><\/p><p style=\"text-align: left;\">Cenamos en un restaurante del pueblo donde hacen un arroz con leche, entre otras cosas, muy bueno<\/p><p style=\"text-align: left;\"><strong>15 de mayo<\/strong><\/p><p style=\"text-align: left;\">Dedicamos este d\u00eda a conocer Cartagena. Empezamos por el <a href=\"http:\/\/www.regmurcia.com\/servlet\/s.Sl?sit=a,75,c,371,m,1071&amp;r=CeAP-51-PORTADA_CENTRO_AMPLIADO\" target=\"_blank\" rel=\"noopener\">Museo Nacional de Arqueolog\u00eda Subacu\u00e1tica<\/a>. Luego damos un paseo por la ciudad que nos parece bonita y tranquila. Parece que he perdido las fotos de esta parte del viaje.<\/p><p style=\"text-align: left;\">Dormimos en el\u00a0Area de autocaravanas Cartagena<\/p><p style=\"text-align: left;\"><strong>16 de mayo<\/strong><\/p><p style=\"text-align: left;\">Empezamos el camino de vuelta y nos dirigimos al Valle de Ricote.<\/p><p style=\"text-align: left;\"><img decoding=\"async\" class=\"wp-image-3166 aligncenter\" src=\"https:\/\/misviajes750.files.wordpress.com\/2018\/03\/valle-de-ricote1.jpg\" alt=\"Valle de Ricote\" width=\"815\" height=\"700\" srcset=\"https:\/\/misviajes.rosaguijarro.com\/wp-content\/uploads\/2018\/03\/valle-de-ricote1.jpg 700w, https:\/\/misviajes.rosaguijarro.com\/wp-content\/uploads\/2018\/03\/valle-de-ricote1-300x258.jpg 300w\" sizes=\"(max-width: 815px) 100vw, 815px\" \/>\u00a0 \u00a0<\/p><p style=\"text-align: left;\">El r\u00edo Segura\u00a0 pasa por los municipios de <strong>Abar\u00e1n, Archena, Blanca, Cieza, Oj\u00f3s, Ulea<\/strong> y\u00a0 <strong>Villanueva del Segura<\/strong>\u00a0regando una hermosa huerta. Este valle nos traslada a otro mundo, parece como si hubi\u00e9ramos abandonado nuestro pa\u00eds y hubi\u00e9ramos recalado en alg\u00fan pa\u00eds \u00e1rabe, el trazado de las calles de los pueblos, el paisaje, la tremenda erosi\u00f3n&#8230;. nos transportan.<\/p><p style=\"text-align: left;\"><img loading=\"lazy\" decoding=\"async\" class=\"aligncenter wp-image-3167\" src=\"https:\/\/misviajes750.files.wordpress.com\/2018\/03\/img_0850.jpg\" alt=\"IMG_0850\" width=\"1038\" height=\"692\" srcset=\"https:\/\/misviajes.rosaguijarro.com\/wp-content\/uploads\/2018\/03\/img_0850.jpg 800w, https:\/\/misviajes.rosaguijarro.com\/wp-content\/uploads\/2018\/03\/img_0850-300x200.jpg 300w, https:\/\/misviajes.rosaguijarro.com\/wp-content\/uploads\/2018\/03\/img_0850-768x512.jpg 768w\" sizes=\"(max-width: 1038px) 100vw, 1038px\" \/><\/p><p>\u00a0<\/p><p style=\"text-align: left;\"><img loading=\"lazy\" decoding=\"async\" class=\"aligncenter wp-image-3168\" src=\"https:\/\/misviajes750.files.wordpress.com\/2018\/03\/img_0853.jpg\" alt=\"IMG_0853\" width=\"1038\" height=\"692\" srcset=\"https:\/\/misviajes.rosaguijarro.com\/wp-content\/uploads\/2018\/03\/img_0853.jpg 800w, https:\/\/misviajes.rosaguijarro.com\/wp-content\/uploads\/2018\/03\/img_0853-300x200.jpg 300w, https:\/\/misviajes.rosaguijarro.com\/wp-content\/uploads\/2018\/03\/img_0853-768x512.jpg 768w\" sizes=\"(max-width: 1038px) 100vw, 1038px\" \/><\/p><p>\u00a0<\/p><p style=\"text-align: left;\"><img loading=\"lazy\" decoding=\"async\" class=\"aligncenter wp-image-3169\" src=\"https:\/\/misviajes750.files.wordpress.com\/2018\/03\/img_0855.jpg\" alt=\"IMG_0855\" width=\"1038\" height=\"692\" srcset=\"https:\/\/misviajes.rosaguijarro.com\/wp-content\/uploads\/2018\/03\/img_0855.jpg 800w, https:\/\/misviajes.rosaguijarro.com\/wp-content\/uploads\/2018\/03\/img_0855-300x200.jpg 300w, https:\/\/misviajes.rosaguijarro.com\/wp-content\/uploads\/2018\/03\/img_0855-768x512.jpg 768w\" sizes=\"(max-width: 1038px) 100vw, 1038px\" \/><\/p><p>\u00a0<\/p><p style=\"text-align: left;\"><img loading=\"lazy\" decoding=\"async\" class=\"aligncenter wp-image-3170\" src=\"https:\/\/misviajes750.files.wordpress.com\/2018\/03\/img_0856.jpg\" alt=\"IMG_0856\" width=\"8001038\" height=\"5330692\" srcset=\"https:\/\/misviajes.rosaguijarro.com\/wp-content\/uploads\/2018\/03\/img_0856.jpg 800w, https:\/\/misviajes.rosaguijarro.com\/wp-content\/uploads\/2018\/03\/img_0856-300x200.jpg 300w, https:\/\/misviajes.rosaguijarro.com\/wp-content\/uploads\/2018\/03\/img_0856-768x512.jpg 768w\" sizes=\"(max-width: 8001038px) 100vw, 8001038px\" \/><\/p><p>\u00a0<\/p><p style=\"text-align: left;\"><img loading=\"lazy\" decoding=\"async\" class=\"aligncenter wp-image-3171\" src=\"https:\/\/misviajes750.files.wordpress.com\/2018\/03\/img_0858.jpg\" alt=\"IMG_0858\" width=\"1038\" height=\"668\" srcset=\"https:\/\/misviajes.rosaguijarro.com\/wp-content\/uploads\/2018\/03\/img_0858.jpg 800w, https:\/\/misviajes.rosaguijarro.com\/wp-content\/uploads\/2018\/03\/img_0858-300x193.jpg 300w, https:\/\/misviajes.rosaguijarro.com\/wp-content\/uploads\/2018\/03\/img_0858-768x494.jpg 768w\" sizes=\"(max-width: 1038px) 100vw, 1038px\" \/><\/p><p>\u00a0<\/p><p style=\"text-align: left;\"><img loading=\"lazy\" decoding=\"async\" class=\"aligncenter wp-image-3172\" src=\"https:\/\/misviajes750.files.wordpress.com\/2018\/03\/img_0861.jpg\" alt=\"IMG_0861\" width=\"1038\" height=\"692\" srcset=\"https:\/\/misviajes.rosaguijarro.com\/wp-content\/uploads\/2018\/03\/img_0861.jpg 800w, https:\/\/misviajes.rosaguijarro.com\/wp-content\/uploads\/2018\/03\/img_0861-300x200.jpg 300w, https:\/\/misviajes.rosaguijarro.com\/wp-content\/uploads\/2018\/03\/img_0861-768x512.jpg 768w\" sizes=\"(max-width: 1038px) 100vw, 1038px\" \/><\/p><p>\u00a0<\/p><p style=\"text-align: left;\">El valle nos encanta, habr\u00e1 que volver para verlo con tranquilidad y, a poder ser, que sea en marzo o abril para ver los frutales en flor.<\/p><p style=\"text-align: left;\">[googlemaps https:\/\/www.google.com\/maps\/d\/u\/0\/embed?mid=1rpIVJkREqlGDhbX5cAdztUk4gt4VqhDY&amp;w=640&amp;h=480]<\/p>\t\t\t\t\t\t\t\t<\/div>\n\t\t\t\t<\/div>\n\t\t\t\t\t<\/div>\n\t\t\t\t<\/div>\n\t\t\t\t<\/div>\n\t\t","protected":false},"excerpt":{"rendered":"<p>Llega el puente de mayo (del 14 al 16) y ponemos rumbo a Murcia, una regi\u00f3n a la que todav\u00eda no hab\u00edamos ido nunca. Salimos el viernes 13 despu\u00e9s de trabajar. Vamos de un tir\u00f3n y nos dirigimos al c\u00e1mping El Berro, cuando llegamos nos damos cuenta de que ya hab\u00edamos estado en este c\u00e1mping &#8230; <a title=\"Escapada a Murcia (2016)\" class=\"read-more\" href=\"https:\/\/misviajes.rosaguijarro.com\/index.php\/escapada-a-murcia-2016\/\" aria-label=\"Leer m\u00e1s sobre Escapada a Murcia (2016)\">Leer m\u00e1s<\/a><\/p>\n","protected":false},"author":2,"featured_media":0,"parent":0,"menu_order":0,"comment_status":"open","ping_status":"closed","template":"","meta":{"iawp_total_views":3,"footnotes":""},"class_list":["post-3163","page","type-page","status-publish"],"_links":{"self":[{"href":"https:\/\/misviajes.rosaguijarro.com\/index.php\/wp-json\/wp\/v2\/pages\/3163","targetHints":{"allow":["GET"]}}],"collection":[{"href":"https:\/\/misviajes.rosaguijarro.com\/index.php\/wp-json\/wp\/v2\/pages"}],"about":[{"href":"https:\/\/misviajes.rosaguijarro.com\/index.php\/wp-json\/wp\/v2\/types\/page"}],"author":[{"embeddable":true,"href":"https:\/\/misviajes.rosaguijarro.com\/index.php\/wp-json\/wp\/v2\/users\/2"}],"replies":[{"embeddable":true,"href":"https:\/\/misviajes.rosaguijarro.com\/index.php\/wp-json\/wp\/v2\/comments?post=3163"}],"version-history":[{"count":12,"href":"https:\/\/misviajes.rosaguijarro.com\/index.php\/wp-json\/wp\/v2\/pages\/3163\/revisions"}],"predecessor-version":[{"id":14968,"href":"https:\/\/misviajes.rosaguijarro.com\/index.php\/wp-json\/wp\/v2\/pages\/3163\/revisions\/14968"}],"wp:attachment":[{"href":"https:\/\/misviajes.rosaguijarro.com\/index.php\/wp-json\/wp\/v2\/media?parent=3163"}],"curies":[{"name":"wp","href":"https:\/\/api.w.org\/{rel}","templated":true}]}}