{"id":3146,"date":"2018-03-02T17:17:09","date_gmt":"2018-03-02T16:17:09","guid":{"rendered":"https:\/\/misviajes750.wordpress.com\/?page_id=3146"},"modified":"2024-07-20T15:20:32","modified_gmt":"2024-07-20T15:20:32","slug":"celebrando-la-jubilacion-en-montrebei-2016","status":"publish","type":"page","link":"https:\/\/misviajes.rosaguijarro.com\/index.php\/celebrando-la-jubilacion-en-montrebei-2016\/","title":{"rendered":"Celebrando la jubilaci\u00f3n en Montrebei (2016)"},"content":{"rendered":"\t\t<div data-elementor-type=\"wp-page\" data-elementor-id=\"3146\" class=\"elementor elementor-3146\" data-elementor-post-type=\"page\">\n\t\t\t\t<div class=\"elementor-element elementor-element-3a80933b e-flex e-con-boxed e-con e-parent\" data-id=\"3a80933b\" data-element_type=\"container\" data-e-type=\"container\">\n\t\t\t\t\t<div class=\"e-con-inner\">\n\t\t\t\t<div class=\"elementor-element elementor-element-e311150 elementor-widget elementor-widget-text-editor\" data-id=\"e311150\" data-element_type=\"widget\" data-e-type=\"widget\" data-widget_type=\"text-editor.default\">\n\t\t\t\t<div class=\"elementor-widget-container\">\n\t\t\t\t\t\t\t\t\t<p style=\"text-align: left;\">Hoy es el primer d\u00eda de la jubilaci\u00f3n. Se hace raro, 1 de setiembre y no vamos\u00a0 al cole, en lugar de ello estamos en Montrebei para hacer el Congost (desfiladero) en canoa<\/p><p style=\"text-align: left;\">Hago las fotos con el m\u00f3vil, pero no hago ninguna hasta que no llegamos al final del recorrido, as\u00ed que lo vemos al rev\u00e9s. Aqu\u00ed estamos esperando que vengan a buscarnos<\/p><p style=\"text-align: left;\"><img fetchpriority=\"high\" decoding=\"async\" class=\"aligncenter wp-image-3148\" src=\"https:\/\/misviajes750.files.wordpress.com\/2018\/03\/img_20160902_115718.jpg\" alt=\"IMG_20160902_115718\" width=\"1038\" height=\"779\" srcset=\"https:\/\/misviajes.rosaguijarro.com\/wp-content\/uploads\/2018\/03\/img_20160902_115718.jpg 800w, https:\/\/misviajes.rosaguijarro.com\/wp-content\/uploads\/2018\/03\/img_20160902_115718-300x225.jpg 300w, https:\/\/misviajes.rosaguijarro.com\/wp-content\/uploads\/2018\/03\/img_20160902_115718-768x576.jpg 768w\" sizes=\"(max-width: 1038px) 100vw, 1038px\" \/><\/p><p>\u00a0<\/p><p style=\"text-align: left;\">Va llegando m\u00e1s gente<\/p><p style=\"text-align: left;\"><img decoding=\"async\" class=\"aligncenter wp-image-3149\" src=\"https:\/\/misviajes750.files.wordpress.com\/2018\/03\/img_20160902_115738.jpg\" alt=\"IMG_20160902_115738\" width=\"1038\" height=\"779\" srcset=\"https:\/\/misviajes.rosaguijarro.com\/wp-content\/uploads\/2018\/03\/img_20160902_115738.jpg 800w, https:\/\/misviajes.rosaguijarro.com\/wp-content\/uploads\/2018\/03\/img_20160902_115738-300x225.jpg 300w, https:\/\/misviajes.rosaguijarro.com\/wp-content\/uploads\/2018\/03\/img_20160902_115738-768x576.jpg 768w\" sizes=\"(max-width: 1038px) 100vw, 1038px\" \/><\/p><p>\u00a0<\/p><p style=\"text-align: left;\"><img decoding=\"async\" class=\"aligncenter wp-image-3150\" src=\"https:\/\/misviajes750.files.wordpress.com\/2018\/03\/img_20160902_115746.jpg\" alt=\"IMG_20160902_115746\" width=\"1038\" height=\"779\" srcset=\"https:\/\/misviajes.rosaguijarro.com\/wp-content\/uploads\/2018\/03\/img_20160902_115746.jpg 800w, https:\/\/misviajes.rosaguijarro.com\/wp-content\/uploads\/2018\/03\/img_20160902_115746-300x225.jpg 300w, https:\/\/misviajes.rosaguijarro.com\/wp-content\/uploads\/2018\/03\/img_20160902_115746-768x576.jpg 768w\" sizes=\"(max-width: 1038px) 100vw, 1038px\" \/><\/p><p>\u00a0<\/p><p style=\"text-align: left;\"><img loading=\"lazy\" decoding=\"async\" class=\"aligncenter wp-image-3151\" src=\"https:\/\/misviajes750.files.wordpress.com\/2018\/03\/img_20160902_122114.jpg\" alt=\"IMG_20160902_122114\" width=\"1038\" height=\"779\" srcset=\"https:\/\/misviajes.rosaguijarro.com\/wp-content\/uploads\/2018\/03\/img_20160902_122114.jpg 800w, https:\/\/misviajes.rosaguijarro.com\/wp-content\/uploads\/2018\/03\/img_20160902_122114-300x225.jpg 300w, https:\/\/misviajes.rosaguijarro.com\/wp-content\/uploads\/2018\/03\/img_20160902_122114-768x576.jpg 768w\" sizes=\"(max-width: 1038px) 100vw, 1038px\" \/><\/p><p>\u00a0<\/p><p style=\"text-align: left;\"><img loading=\"lazy\" decoding=\"async\" class=\"aligncenter wp-image-3152\" src=\"https:\/\/misviajes750.files.wordpress.com\/2018\/03\/img_20160902_122202.jpg\" alt=\"IMG_20160902_122202\" width=\"1038\" height=\"779\" srcset=\"https:\/\/misviajes.rosaguijarro.com\/wp-content\/uploads\/2018\/03\/img_20160902_122202.jpg 800w, https:\/\/misviajes.rosaguijarro.com\/wp-content\/uploads\/2018\/03\/img_20160902_122202-300x225.jpg 300w, https:\/\/misviajes.rosaguijarro.com\/wp-content\/uploads\/2018\/03\/img_20160902_122202-768x576.jpg 768w\" sizes=\"(max-width: 1038px) 100vw, 1038px\" \/><\/p><p>\u00a0<\/p><p style=\"text-align: left;\">Cuando ya ha llegado todo el mundo se recogen las canoas para volver al inicio en una lancha desde la que apreciamos de nuevo todo el recorrido. Vemos con tranquilidad a la gente que hace el recorrido andando<\/p><p style=\"text-align: left;\"><img loading=\"lazy\" decoding=\"async\" class=\"aligncenter wp-image-3154\" src=\"https:\/\/misviajes750.files.wordpress.com\/2018\/03\/img_20160902_122537.jpg\" alt=\"IMG_20160902_122537\" width=\"1038\" height=\"779\" srcset=\"https:\/\/misviajes.rosaguijarro.com\/wp-content\/uploads\/2018\/03\/img_20160902_122537.jpg 800w, https:\/\/misviajes.rosaguijarro.com\/wp-content\/uploads\/2018\/03\/img_20160902_122537-300x225.jpg 300w, https:\/\/misviajes.rosaguijarro.com\/wp-content\/uploads\/2018\/03\/img_20160902_122537-768x576.jpg 768w\" sizes=\"(max-width: 1038px) 100vw, 1038px\" \/><\/p><p>\u00a0<\/p><p style=\"text-align: left;\"><img loading=\"lazy\" decoding=\"async\" class=\"aligncenter wp-image-3155\" src=\"https:\/\/misviajes750.files.wordpress.com\/2018\/03\/img_20160902_122614.jpg\" alt=\"IMG_20160902_122614\" width=\"1038\" height=\"779\" srcset=\"https:\/\/misviajes.rosaguijarro.com\/wp-content\/uploads\/2018\/03\/img_20160902_122614.jpg 800w, https:\/\/misviajes.rosaguijarro.com\/wp-content\/uploads\/2018\/03\/img_20160902_122614-300x225.jpg 300w, https:\/\/misviajes.rosaguijarro.com\/wp-content\/uploads\/2018\/03\/img_20160902_122614-768x576.jpg 768w\" sizes=\"(max-width: 1038px) 100vw, 1038px\" \/><\/p><p>\u00a0<\/p><p style=\"text-align: left;\">en algunos lugares el desfiladero es francamente estrecho<\/p><p style=\"text-align: left;\"><img loading=\"lazy\" decoding=\"async\" class=\"aligncenter wp-image-3156\" src=\"https:\/\/misviajes750.files.wordpress.com\/2018\/03\/img_20160902_122803.jpg\" alt=\"IMG_20160902_122803\" width=\"525\" height=\"700\" srcset=\"https:\/\/misviajes.rosaguijarro.com\/wp-content\/uploads\/2018\/03\/img_20160902_122803.jpg 450w, https:\/\/misviajes.rosaguijarro.com\/wp-content\/uploads\/2018\/03\/img_20160902_122803-225x300.jpg 225w\" sizes=\"(max-width: 525px) 100vw, 525px\" \/><\/p><p>\u00a0<\/p><p style=\"text-align: left;\"><img loading=\"lazy\" decoding=\"async\" class=\" size-full wp-image-3157 aligncenter\" src=\"https:\/\/misviajes750.files.wordpress.com\/2018\/03\/img_20160902_122809.jpg\" alt=\"IMG_20160902_122809\" width=\"450\" height=\"600\" srcset=\"https:\/\/misviajes.rosaguijarro.com\/wp-content\/uploads\/2018\/03\/img_20160902_122809.jpg 450w, https:\/\/misviajes.rosaguijarro.com\/wp-content\/uploads\/2018\/03\/img_20160902_122809-225x300.jpg 225w\" sizes=\"(max-width: 450px) 100vw, 450px\" \/><\/p><p>\u00a0<\/p><p style=\"text-align: left;\"><img loading=\"lazy\" decoding=\"async\" class=\"aligncenter wp-image-3158\" src=\"https:\/\/misviajes750.files.wordpress.com\/2018\/03\/img_20160902_122844.jpg\" alt=\"IMG_20160902_122844\" width=\"525\" height=\"700\" srcset=\"https:\/\/misviajes.rosaguijarro.com\/wp-content\/uploads\/2018\/03\/img_20160902_122844.jpg 450w, https:\/\/misviajes.rosaguijarro.com\/wp-content\/uploads\/2018\/03\/img_20160902_122844-225x300.jpg 225w\" sizes=\"(max-width: 525px) 100vw, 525px\" \/><\/p><p>\u00a0<\/p><p style=\"text-align: left;\">Y llegamos al final de la excursi\u00f3n. La verdad, es que ha sido muy bonita<\/p><p style=\"text-align: left;\"><img loading=\"lazy\" decoding=\"async\" class=\"aligncenter wp-image-3159\" src=\"https:\/\/misviajes750.files.wordpress.com\/2018\/03\/img_20160902_125208.jpg\" alt=\"IMG_20160902_125208\" width=\"1038\" height=\"668\" srcset=\"https:\/\/misviajes.rosaguijarro.com\/wp-content\/uploads\/2018\/03\/img_20160902_125208.jpg 800w, https:\/\/misviajes.rosaguijarro.com\/wp-content\/uploads\/2018\/03\/img_20160902_125208-300x193.jpg 300w, https:\/\/misviajes.rosaguijarro.com\/wp-content\/uploads\/2018\/03\/img_20160902_125208-768x494.jpg 768w\" sizes=\"(max-width: 1038px) 100vw, 1038px\" \/><\/p><p>\u00a0<\/p><p style=\"text-align: left;\">Volvemos a casa que hay que preparar el viaje a Sicilia<\/p><p style=\"text-align: left;\">\u00a0<\/p>\t\t\t\t\t\t\t\t<\/div>\n\t\t\t\t<\/div>\n\t\t\t\t\t<\/div>\n\t\t\t\t<\/div>\n\t\t\t\t<\/div>\n\t\t","protected":false},"excerpt":{"rendered":"<p>Hoy es el primer d\u00eda de la jubilaci\u00f3n. Se hace raro, 1 de setiembre y no vamos\u00a0 al cole, en lugar de ello estamos en Montrebei para hacer el Congost (desfiladero) en canoa Hago las fotos con el m\u00f3vil, pero no hago ninguna hasta que no llegamos al final del recorrido, as\u00ed que lo vemos &#8230; <a title=\"Celebrando la jubilaci\u00f3n en Montrebei (2016)\" class=\"read-more\" href=\"https:\/\/misviajes.rosaguijarro.com\/index.php\/celebrando-la-jubilacion-en-montrebei-2016\/\" aria-label=\"Leer m\u00e1s sobre Celebrando la jubilaci\u00f3n en Montrebei (2016)\">Leer m\u00e1s<\/a><\/p>\n","protected":false},"author":2,"featured_media":0,"parent":0,"menu_order":0,"comment_status":"open","ping_status":"closed","template":"","meta":{"iawp_total_views":2,"footnotes":""},"class_list":["post-3146","page","type-page","status-publish"],"_links":{"self":[{"href":"https:\/\/misviajes.rosaguijarro.com\/index.php\/wp-json\/wp\/v2\/pages\/3146","targetHints":{"allow":["GET"]}}],"collection":[{"href":"https:\/\/misviajes.rosaguijarro.com\/index.php\/wp-json\/wp\/v2\/pages"}],"about":[{"href":"https:\/\/misviajes.rosaguijarro.com\/index.php\/wp-json\/wp\/v2\/types\/page"}],"author":[{"embeddable":true,"href":"https:\/\/misviajes.rosaguijarro.com\/index.php\/wp-json\/wp\/v2\/users\/2"}],"replies":[{"embeddable":true,"href":"https:\/\/misviajes.rosaguijarro.com\/index.php\/wp-json\/wp\/v2\/comments?post=3146"}],"version-history":[{"count":8,"href":"https:\/\/misviajes.rosaguijarro.com\/index.php\/wp-json\/wp\/v2\/pages\/3146\/revisions"}],"predecessor-version":[{"id":15042,"href":"https:\/\/misviajes.rosaguijarro.com\/index.php\/wp-json\/wp\/v2\/pages\/3146\/revisions\/15042"}],"wp:attachment":[{"href":"https:\/\/misviajes.rosaguijarro.com\/index.php\/wp-json\/wp\/v2\/media?parent=3146"}],"curies":[{"name":"wp","href":"https:\/\/api.w.org\/{rel}","templated":true}]}}