{"id":16570,"date":"2025-01-31T14:34:07","date_gmt":"2025-01-31T14:34:07","guid":{"rendered":"https:\/\/misviajes.rosaguijarro.com\/?page_id=16570"},"modified":"2026-04-11T11:54:13","modified_gmt":"2026-04-11T11:54:13","slug":"excursion-a-arbeca-y-vallbona-de-les-monges-13-y-14-de-diciembre-24","status":"publish","type":"page","link":"https:\/\/misviajes.rosaguijarro.com\/index.php\/excursion-a-arbeca-y-vallbona-de-les-monges-13-y-14-de-diciembre-24\/","title":{"rendered":"Excursi\u00f3n a Arbeca y Vallbona de les Monges (13 y 14 de diciembre 24)"},"content":{"rendered":"\n<p><\/p>\n\n\n\n<p><strong>Viernes 13<\/strong><\/p>\n\n\n\n<p>Toca mover la furgoneta porque ya lleva casi un mes parada. Esta vez, en lugar de dar el paseo habitual, decidimos pasar la noche fuera. Ponemos rumbo a Vallbona de les Monges. Vallbona de les Monges es un pueblo de la comarca de l&#8217;Urgell que tiene un curioso origen: su monasterio.<\/p>\n\n\n\n<p>El Monasterio de Santa Mar\u00eda de Vallbona naci\u00f3 de una comunidad femenina que se acogi\u00f3 a la Orden del C\u00edster. Ram\u00f3n Berenguer IV, conde de Barcelona, les cedi\u00f3 (en 1163) unos terrenos donde construirlo. Al a\u00f1o siguiente se incorpor\u00f3 la primera abadesa: Oria Ram\u00edrez, procedente del&nbsp;Monasterio de Santa Mar\u00eda de la Caridad&nbsp;de&nbsp;Tulebras&nbsp;(Navarra). El monasterio pronto adquiri\u00f3 gran reputaci\u00f3n, el favor real e, incluso, a principios del siglo XIII, el Papa&nbsp;Inocencio III le otorg\u00f3 la inmunidad, la protecci\u00f3n de bienes y una bula que regulaba la clausura y aseguraba su independencia del episcopado. Recibi\u00f3 tambi\u00e9n muchas propiedades (donaciones y testamentos) gracias a lo cual, a lo largo del XII y del XIII, fue adquiriendo un gran poder en el Condado de Urgel. La abadesa Saurena de Anglesola compr\u00f3, en 1380, al rey de Arag\u00f3n, Pedro el Ceremonioso, la jurisdicci\u00f3n civil y criminal de todas las posesiones del monasterio, con lo que el Monasterio (y por tanto las 150 monjas que lo integraban en aquella \u00e9poca) se convirtieron en el centro de la vida pol\u00edtica y jur\u00eddica de todo el territorio que lo integraba.<\/p>\n\n\n\n<p>Pero, como siempre, lleg\u00f3 la \u00e9poca de decadencia, en este caso a finales del siglo XV, a causa de la guerra, y a mediados del XVI, a causa del Concilio de Trento. Este fue un momento crucial porque uno de los acuerdos del Concilio prohib\u00eda la existencia de comunidades femeninas en lugares despoblados y obligaba a trasladarlas a un n\u00facleo urbano. La soluci\u00f3n que encontraron las monjas de Vallbona, en 1573, fue ceder parte de sus tierras a gentes venidas sobretodo de Montesquiu, y crear as\u00ed un n\u00facleo de poblaci\u00f3n que deriv\u00f3 en el actual Vallbona de las Monges, y posibilit\u00f3 que el Monasterio llegara habitado hasta nuestros d\u00edas, aunque sin las murallas que lo rodeaban, que hubo que sacrificarlas para construir el pueblo.<\/p>\n\n\n\n<p>Llegamos despu\u00e9s de comer y aparcamos en el \u00e1rea de autocaravanas del pueblo (41.52677, 1.08744), que est\u00e1 muy cerca del monasterio. Las visitas son guiadas, as\u00ed que no m\u00e1s remedio que hacerla as\u00ed. Somos los \u00fanicos que la hacemos a las cuatro. No voy a reproducir la visita con exactitud, s\u00f3lo unos peque\u00f1os apuntes sobre el monasterio.<\/p>\n\n\n<div class=\"wp-block-image\">\n<figure class=\"aligncenter size-large is-resized\"><img fetchpriority=\"high\" decoding=\"async\" width=\"1038\" height=\"1038\" src=\"https:\/\/misviajes.rosaguijarro.com\/wp-content\/uploads\/2025\/01\/planta-orientada-1038x1038.jpg\" alt=\"\" class=\"wp-image-16583\" style=\"width:777px;height:auto\" srcset=\"https:\/\/misviajes.rosaguijarro.com\/wp-content\/uploads\/2025\/01\/planta-orientada-1038x1038.jpg 1038w, https:\/\/misviajes.rosaguijarro.com\/wp-content\/uploads\/2025\/01\/planta-orientada-300x300.jpg 300w, https:\/\/misviajes.rosaguijarro.com\/wp-content\/uploads\/2025\/01\/planta-orientada-150x150.jpg 150w, https:\/\/misviajes.rosaguijarro.com\/wp-content\/uploads\/2025\/01\/planta-orientada-768x768.jpg 768w, https:\/\/misviajes.rosaguijarro.com\/wp-content\/uploads\/2025\/01\/planta-orientada.jpg 1080w\" sizes=\"(max-width: 1038px) 100vw, 1038px\" \/><\/figure>\n<\/div>\n\n\n<p><\/p>\n\n\n\n<p>La construcci\u00f3n se inici\u00f3 por la iglesia y por el ala sur del claustro, en el siglo XII; se aprecian, por tanto caracter\u00edsticas rom\u00e1nicas en ella. Del claustro hay que destacar tres cosas. La primera, que no est\u00e1 situado donde suelen estar los claustros, es decir que el ala este no est\u00e1 pegada al transepto, sino que entre ambos se encuentra la sala capitular que, normalmente, encontraremos en el centro del ala este este. La segunda, que cada ala (tambi\u00e9n llamada panda) fue construida en siglos diferentes, entre el XII y el XV. Y la tercera que cada panda tiene unas dimensiones diferentes, lo que hace que la planta del claustro no sea cuadrada sino trapezoidal.<\/p>\n\n\n<div class=\"wp-block-image\">\n<figure class=\"aligncenter size-full is-resized\"><img decoding=\"async\" width=\"604\" height=\"998\" src=\"https:\/\/misviajes.rosaguijarro.com\/wp-content\/uploads\/2025\/01\/claustro-compo.jpg\" alt=\"\" class=\"wp-image-16589\" style=\"width:744px;height:auto\" srcset=\"https:\/\/misviajes.rosaguijarro.com\/wp-content\/uploads\/2025\/01\/claustro-compo.jpg 604w, https:\/\/misviajes.rosaguijarro.com\/wp-content\/uploads\/2025\/01\/claustro-compo-182x300.jpg 182w\" sizes=\"(max-width: 604px) 100vw, 604px\" \/><\/figure>\n<\/div>\n\n\n<p><\/p>\n\n\n\n<p>Desde el claustro vemos un gran cimborrio g\u00f3tico, que sobresale en la panda norte, y que nos puede hacer creer que es el cimborrio que cubre el crucero de la iglesia pero no lo es, es uno que ocupa el segundo tramo, desde los pies, de la nave del templo<\/p>\n\n\n<div class=\"wp-block-image\">\n<figure class=\"aligncenter size-full\"><img decoding=\"async\" width=\"400\" height=\"600\" src=\"https:\/\/misviajes.rosaguijarro.com\/wp-content\/uploads\/2025\/01\/cimborrio.jpg\" alt=\"\" class=\"wp-image-16593\" srcset=\"https:\/\/misviajes.rosaguijarro.com\/wp-content\/uploads\/2025\/01\/cimborrio.jpg 400w, https:\/\/misviajes.rosaguijarro.com\/wp-content\/uploads\/2025\/01\/cimborrio-200x300.jpg 200w\" sizes=\"(max-width: 400px) 100vw, 400px\" \/><\/figure>\n<\/div>\n\n\n<p><\/p>\n\n\n\n<p>La iglesia fue construida en los siglos XII y XIII y tiene elementos rom\u00e1nicos y g\u00f3ticos. Rom\u00e1nica en planta y alzado con cubierta g\u00f3tica del siglo XIV, que sustituy\u00f3 a la rom\u00e1nica original. La cabecera est\u00e1 formada por tres \u00e1bsides de planta cuadrada que se abren directamente al transepto.<\/p>\n\n\n\n<p>La visita se limita al transepto y a la cabecera, el resto del templo est\u00e1 cerrado por una reja y se destina al uso de las monjas, ya que el monasterio est\u00e1 habitado. En el suelo tumbas de abadesas.<\/p>\n\n\n<div class=\"wp-block-image\">\n<figure class=\"aligncenter size-full\"><img loading=\"lazy\" decoding=\"async\" width=\"400\" height=\"600\" src=\"https:\/\/misviajes.rosaguijarro.com\/wp-content\/uploads\/2025\/01\/clausura.jpg\" alt=\"\" class=\"wp-image-16592\" srcset=\"https:\/\/misviajes.rosaguijarro.com\/wp-content\/uploads\/2025\/01\/clausura.jpg 400w, https:\/\/misviajes.rosaguijarro.com\/wp-content\/uploads\/2025\/01\/clausura-200x300.jpg 200w\" sizes=\"(max-width: 400px) 100vw, 400px\" \/><\/figure>\n<\/div>\n\n\n<p><\/p>\n\n\n\n<p>El crucero est\u00e1 cubierto por un cimborrio sobre trompas. En \u00e9l lo que destaco es el sistema sustentante, se trata de m\u00e9nsulas en lugar de pilares o columnas. Las m\u00e9nsulas son habituales en los templos cistercienses, pero en la nave, como hemos visto otras veces, pero no recuerdo ning\u00fan otro templo en que las m\u00e9nsulas soporten cimborrios.<\/p>\n\n\n\n<p>(Pero, <em>a posteriori<\/em>, a\u00f1ado que en el viaje a Chequia en el verano de 2025, vimos una soluci\u00f3n parecida en la Bas\u00edlica de San Procopio, en T\u0159eb\u00ed\u010d).<\/p>\n\n\n<div class=\"wp-block-image\">\n<figure class=\"aligncenter size-large\"><img loading=\"lazy\" decoding=\"async\" width=\"1038\" height=\"963\" src=\"https:\/\/misviajes.rosaguijarro.com\/wp-content\/uploads\/2025\/01\/transepto-compo-1038x963.jpg\" alt=\"\" class=\"wp-image-16596\" srcset=\"https:\/\/misviajes.rosaguijarro.com\/wp-content\/uploads\/2025\/01\/transepto-compo-1038x963.jpg 1038w, https:\/\/misviajes.rosaguijarro.com\/wp-content\/uploads\/2025\/01\/transepto-compo-300x278.jpg 300w, https:\/\/misviajes.rosaguijarro.com\/wp-content\/uploads\/2025\/01\/transepto-compo-768x713.jpg 768w, https:\/\/misviajes.rosaguijarro.com\/wp-content\/uploads\/2025\/01\/transepto-compo.jpg 1066w\" sizes=\"(max-width: 1038px) 100vw, 1038px\" \/><\/figure>\n<\/div>\n\n\n<p><\/p>\n\n\n\n<p>En el presbiterio est\u00e1n enterradas la reina Violante de Hungr\u00eda, segunda esposa de Jaime I el Conquistador, y su hija Sancha. La reina Violante muri\u00f3 en el monasterio de Salas en Huesca  pero hab\u00eda pedido que se la enterrara aqu\u00ed y as\u00ed se hizo.<\/p>\n\n\n\n<p>Est\u00e1 enterrada en un sencillo pero, a la vez, magn\u00edfico sarc\u00f3fago en el que figura su nombre y el escudo de Arag\u00f3n<\/p>\n\n\n\n<p><\/p>\n\n\n<div class=\"wp-block-image\">\n<figure class=\"aligncenter size-large\"><img loading=\"lazy\" decoding=\"async\" width=\"1038\" height=\"772\" src=\"https:\/\/misviajes.rosaguijarro.com\/wp-content\/uploads\/2025\/01\/presbiterio-compo-1038x772.jpg\" alt=\"\" class=\"wp-image-16598\" srcset=\"https:\/\/misviajes.rosaguijarro.com\/wp-content\/uploads\/2025\/01\/presbiterio-compo-1038x772.jpg 1038w, https:\/\/misviajes.rosaguijarro.com\/wp-content\/uploads\/2025\/01\/presbiterio-compo-300x223.jpg 300w, https:\/\/misviajes.rosaguijarro.com\/wp-content\/uploads\/2025\/01\/presbiterio-compo-768x571.jpg 768w, https:\/\/misviajes.rosaguijarro.com\/wp-content\/uploads\/2025\/01\/presbiterio-compo.jpg 1052w\" sizes=\"(max-width: 1038px) 100vw, 1038px\" \/><\/figure>\n<\/div>\n\n\n<p><\/p>\n\n\n\n<p>En la sala capitular, tambien g\u00f3tica del siglo XIV podemos admirar la imagen de la Mare de D\u00e9u de la Misericordia, atribuida a Pere Joan, el famoso escultor de la fachada del Palacio de la Generalitat de Barcelona, del retablo de Santa Tecla de la catedral de Tarragona y del retablo mayor de la Seo de Zaragoza. En el suelo los sepulcros de doce abadesas<\/p>\n\n\n\n<figure class=\"wp-block-image size-large\"><img loading=\"lazy\" decoding=\"async\" width=\"1038\" height=\"509\" src=\"https:\/\/misviajes.rosaguijarro.com\/wp-content\/uploads\/2025\/01\/capitular-compo-1038x509.jpg\" alt=\"\" class=\"wp-image-16600\" srcset=\"https:\/\/misviajes.rosaguijarro.com\/wp-content\/uploads\/2025\/01\/capitular-compo-1038x509.jpg 1038w, https:\/\/misviajes.rosaguijarro.com\/wp-content\/uploads\/2025\/01\/capitular-compo-300x147.jpg 300w, https:\/\/misviajes.rosaguijarro.com\/wp-content\/uploads\/2025\/01\/capitular-compo-768x376.jpg 768w, https:\/\/misviajes.rosaguijarro.com\/wp-content\/uploads\/2025\/01\/capitular-compo.jpg 1073w\" sizes=\"(max-width: 1038px) 100vw, 1038px\" \/><\/figure>\n\n\n\n<p><\/p>\n\n\n\n<p>Y un elemento muy importante de este monasterio es la farmacia. Hay constancia de su existencia ya en el siglo XV. Es muy destacable ya que es otro elemento que nos informa del importante papel de estas mujeres. De ellas sabemos, como hemos visto m\u00e1s arriba, que ten\u00edan un fuerte poder controlando un considerable territorio; que abastec\u00edan a todo ese territorio y, probablemente m\u00e1s, de medicamentos y productos salidos de su farmacia; y tambi\u00e9n sabemos que ten\u00edan un importante <em>scriptorium<\/em>. Como vemos, un ejemplo del papel que jugaban algunas mujeres en la Edad Media. <\/p>\n\n\n\n<p>Hoy podemos ver algunos de los utensilios que utilizaban en la exposici\u00f3n en lo que fue el dormitorio de las monjas.<\/p>\n\n\n\n<p><\/p>\n\n\n<div class=\"wp-block-image\">\n<figure class=\"aligncenter size-large\"><img loading=\"lazy\" decoding=\"async\" width=\"842\" height=\"1038\" src=\"https:\/\/misviajes.rosaguijarro.com\/wp-content\/uploads\/2025\/01\/farmacia-compo-842x1038.jpg\" alt=\"\" class=\"wp-image-16613\" srcset=\"https:\/\/misviajes.rosaguijarro.com\/wp-content\/uploads\/2025\/01\/farmacia-compo-842x1038.jpg 842w, https:\/\/misviajes.rosaguijarro.com\/wp-content\/uploads\/2025\/01\/farmacia-compo-243x300.jpg 243w, https:\/\/misviajes.rosaguijarro.com\/wp-content\/uploads\/2025\/01\/farmacia-compo-768x947.jpg 768w, https:\/\/misviajes.rosaguijarro.com\/wp-content\/uploads\/2025\/01\/farmacia-compo.jpg 1080w\" sizes=\"(max-width: 842px) 100vw, 842px\" \/><\/figure>\n<\/div>\n\n\n<p><\/p>\n\n\n\n<p>Salimos, damos una vuelta por el pueblo y vamos al \u00e1rea a esperar que se haga la hora de la cena.<\/p>\n\n\n<div class=\"wp-block-image\">\n<figure class=\"aligncenter size-large\"><img loading=\"lazy\" decoding=\"async\" width=\"1038\" height=\"464\" src=\"https:\/\/misviajes.rosaguijarro.com\/wp-content\/uploads\/2025\/01\/pueblo-compo-1038x464.jpg\" alt=\"\" class=\"wp-image-16610\" srcset=\"https:\/\/misviajes.rosaguijarro.com\/wp-content\/uploads\/2025\/01\/pueblo-compo-1038x464.jpg 1038w, https:\/\/misviajes.rosaguijarro.com\/wp-content\/uploads\/2025\/01\/pueblo-compo-300x134.jpg 300w, https:\/\/misviajes.rosaguijarro.com\/wp-content\/uploads\/2025\/01\/pueblo-compo-768x343.jpg 768w, https:\/\/misviajes.rosaguijarro.com\/wp-content\/uploads\/2025\/01\/pueblo-compo.jpg 1080w\" sizes=\"(max-width: 1038px) 100vw, 1038px\" \/><\/figure>\n<\/div>\n\n\n<p><\/p>\n\n\n\n<p>La pared del bar donde cenamos est\u00e1 decorada con un mural de un herrerillo capuchino<\/p>\n\n\n<div class=\"wp-block-image\">\n<figure class=\"aligncenter size-full\"><img loading=\"lazy\" decoding=\"async\" width=\"400\" height=\"600\" src=\"https:\/\/misviajes.rosaguijarro.com\/wp-content\/uploads\/2025\/01\/IMG_2015.jpg\" alt=\"\" class=\"wp-image-16608\" srcset=\"https:\/\/misviajes.rosaguijarro.com\/wp-content\/uploads\/2025\/01\/IMG_2015.jpg 400w, https:\/\/misviajes.rosaguijarro.com\/wp-content\/uploads\/2025\/01\/IMG_2015-200x300.jpg 200w\" sizes=\"(max-width: 400px) 100vw, 400px\" \/><\/figure>\n<\/div>\n\n\n<p><\/p>\n\n\n\n<p><strong>S\u00e1bado 14<\/strong><\/p>\n\n\n\n<p>Hemos dormido solos y estupendamente. Ayer por la tarde hab\u00eda un cami\u00f3n aparcado con el motor funcionando pero, afortunadamente, se fue y hemos dormido muy bien. He subido al foro el <a href=\"https:\/\/www.furgovw.org\/foro\/index.php?topic=389874.0\">furgoperfecto<\/a>.<\/p>\n\n\n\n<p>Despu\u00e9s de desayunar nos ponemos en marcha en direcci\u00f3n al Poblado \u00edbero Els Vilars de Arbeca. La visita es comentada, tenemos la visita reservada, as\u00ed que hay que ser puntuales. Llegamos con tiempo y esperamos un poco. Llega un grupo de seis personas y empieza la visita. Dir\u00e9 que, a pesar de que no me gustan las visitas comentadas, en esta lo pas\u00e9 muy bien. La se\u00f1ora que lo explicaba era una se\u00f1ora del pueblo que, desde muy joven se hab\u00eda interesado por el yacimiento por lo que lo conoce muy bien. Nos cont\u00f3 la historia de c\u00f3mo se hab\u00eda conseguido que el yacimiento fuera excavado (ella estuvo all\u00ed desde el principio), c\u00f3mo todo el pueblo se hab\u00eda implicado en la excavaci\u00f3n (desde la cesi\u00f3n de las tierras de cultivo en las que se encuentra a todo tipo de colaboraci\u00f3n) y c\u00f3mo todo el pueblo se siente orgulloso de su patrimonio. Todo esto lo cont\u00f3 con mucha pasi\u00f3n y cari\u00f1o por su tierra, al tiempo que explic\u00f3 muy bien el yacimiento (siempre estuvo en contacto con los arque\u00f3logos que lo excavaron), con rigor y con un discurso muy ameno. Aprovecho para decir que entender el yacimiento, si no te lo explican o si no lees buena documentaci\u00f3n, no es f\u00e1cil. Pero tambi\u00e9n dir\u00e9 que es muy muy bonito, muy muy interesante y tiene mucho valor hist\u00f3rico.<\/p>\n\n\n\n<p>No lo voy a explicar en profuncidad porque recomiendo la visita y si \u00e9sta no fuera posible y hubiera mucho inter\u00e9s se puede leer este documento: <em><a href=\"https:\/\/repositori.udl.cat\/server\/api\/core\/bitstreams\/ae3e808d-3e97-4292-b10b-de2dab9fc1c7\/content\">La Fortalesa dels Vilars d\u2019Arbeca. Terra, aigua i poder en el m\u00f3n iber<\/a><\/em> (est\u00e1 en catal\u00e1n y en ingl\u00e9s).<\/p>\n\n\n\n<p>Como no tengo un dron, empiezo con una captura de Google Maps para tener una vista de conjunto<\/p>\n\n\n<div class=\"wp-block-image\">\n<figure class=\"aligncenter size-full\"><img loading=\"lazy\" decoding=\"async\" width=\"700\" height=\"453\" src=\"https:\/\/misviajes.rosaguijarro.com\/wp-content\/uploads\/2025\/01\/els-vilars-aereo.jpg\" alt=\"\" class=\"wp-image-16619\" srcset=\"https:\/\/misviajes.rosaguijarro.com\/wp-content\/uploads\/2025\/01\/els-vilars-aereo.jpg 700w, https:\/\/misviajes.rosaguijarro.com\/wp-content\/uploads\/2025\/01\/els-vilars-aereo-300x194.jpg 300w\" sizes=\"(max-width: 700px) 100vw, 700px\" \/><figcaption class=\"wp-element-caption\">Screenshot<\/figcaption><\/figure>\n<\/div>\n\n\n<p>Se trata de un poblado \u00edbero cuya construcci\u00f3n empez\u00f3 m\u00e1s o menos entre el 800 y el 700 aC, o sea, en la Edad del Hierro. Presenta cinco fases.<\/p>\n\n\n<div class=\"wp-block-image\">\n<figure class=\"aligncenter size-full is-resized\"><img loading=\"lazy\" decoding=\"async\" width=\"600\" height=\"204\" src=\"https:\/\/misviajes.rosaguijarro.com\/wp-content\/uploads\/2025\/01\/evolucion2.jpg\" alt=\"\" class=\"wp-image-16622\" style=\"width:1010px;height:auto\" srcset=\"https:\/\/misviajes.rosaguijarro.com\/wp-content\/uploads\/2025\/01\/evolucion2.jpg 600w, https:\/\/misviajes.rosaguijarro.com\/wp-content\/uploads\/2025\/01\/evolucion2-300x102.jpg 300w\" sizes=\"(max-width: 600px) 100vw, 600px\" \/><\/figure>\n<\/div>\n\n\n<p><\/p>\n\n\n\n<ul class=\"wp-block-list\">\n<li>En la Fase 0 se funda el poblado y se construye una muralla con torres y dos puertas, al este y al oeste.<\/li>\n\n\n\n<li>En la Fase I se refuerzan las murallas y se construye el campo frisio y se cierra la puerta oeste.<\/li>\n\n\n\n<li>En la Fase II se abre la puerta norte y se construye el primer foso.<\/li>\n\n\n\n<li>En la Fase III se culmina el sistema defensivo de fosos inundables y se construye el pozo en el centro del poblado.<\/li>\n<\/ul>\n\n\n\n<p>Empezamos la visita bordeando la muralla, el campo frisio y el foso inundable. Aclarar que el campo frisio es una zona con piedras hincadas para dificultar el paso de los enemigos. Este triple sistema defensivo hizo del poblado un lugar inexpugnable.<\/p>\n\n\n\n<p><\/p>\n\n\n<div class=\"wp-block-image\">\n<figure class=\"aligncenter size-full is-resized\"><img loading=\"lazy\" decoding=\"async\" width=\"800\" height=\"529\" src=\"https:\/\/misviajes.rosaguijarro.com\/wp-content\/uploads\/2025\/01\/muralla-compo.jpg\" alt=\"\" class=\"wp-image-16631\" style=\"width:1098px;height:auto\" srcset=\"https:\/\/misviajes.rosaguijarro.com\/wp-content\/uploads\/2025\/01\/muralla-compo.jpg 800w, https:\/\/misviajes.rosaguijarro.com\/wp-content\/uploads\/2025\/01\/muralla-compo-300x198.jpg 300w, https:\/\/misviajes.rosaguijarro.com\/wp-content\/uploads\/2025\/01\/muralla-compo-768x508.jpg 768w\" sizes=\"(max-width: 800px) 100vw, 800px\" \/><\/figure>\n<\/div>\n\n\n<p><\/p>\n\n\n\n<p>Puerta de entrada<\/p>\n\n\n<div class=\"wp-block-image\">\n<figure class=\"aligncenter size-full\"><img loading=\"lazy\" decoding=\"async\" width=\"700\" height=\"445\" src=\"https:\/\/misviajes.rosaguijarro.com\/wp-content\/uploads\/2025\/01\/entrada1.jpg\" alt=\"\" class=\"wp-image-16634\" srcset=\"https:\/\/misviajes.rosaguijarro.com\/wp-content\/uploads\/2025\/01\/entrada1.jpg 700w, https:\/\/misviajes.rosaguijarro.com\/wp-content\/uploads\/2025\/01\/entrada1-300x191.jpg 300w\" sizes=\"(max-width: 700px) 100vw, 700px\" \/><\/figure>\n<\/div>\n\n\n<p><\/p>\n\n\n\n<p>Casas, entrada al poblado y foso inundable<\/p>\n\n\n<div class=\"wp-block-image\">\n<figure class=\"aligncenter size-full\"><img loading=\"lazy\" decoding=\"async\" width=\"700\" height=\"432\" src=\"https:\/\/misviajes.rosaguijarro.com\/wp-content\/uploads\/2025\/01\/entrada-1.jpg\" alt=\"\" class=\"wp-image-16632\" srcset=\"https:\/\/misviajes.rosaguijarro.com\/wp-content\/uploads\/2025\/01\/entrada-1.jpg 700w, https:\/\/misviajes.rosaguijarro.com\/wp-content\/uploads\/2025\/01\/entrada-1-300x185.jpg 300w\" sizes=\"(max-width: 700px) 100vw, 700px\" \/><\/figure>\n<\/div>\n\n\n<p><\/p>\n\n\n\n<p>Calle y casas<\/p>\n\n\n<div class=\"wp-block-image\">\n<figure class=\"aligncenter size-full\"><img loading=\"lazy\" decoding=\"async\" width=\"700\" height=\"458\" src=\"https:\/\/misviajes.rosaguijarro.com\/wp-content\/uploads\/2025\/01\/vista-general2.jpg\" alt=\"\" class=\"wp-image-16635\" srcset=\"https:\/\/misviajes.rosaguijarro.com\/wp-content\/uploads\/2025\/01\/vista-general2.jpg 700w, https:\/\/misviajes.rosaguijarro.com\/wp-content\/uploads\/2025\/01\/vista-general2-300x196.jpg 300w\" sizes=\"(max-width: 700px) 100vw, 700px\" \/><\/figure>\n<\/div>\n\n\n<p><\/p>\n\n\n\n<p>Pozo en el centro del poblado<\/p>\n\n\n<div class=\"wp-block-image\">\n<figure class=\"aligncenter size-full\"><img loading=\"lazy\" decoding=\"async\" width=\"700\" height=\"436\" src=\"https:\/\/misviajes.rosaguijarro.com\/wp-content\/uploads\/2025\/01\/pozo2.jpg\" alt=\"\" class=\"wp-image-16636\" srcset=\"https:\/\/misviajes.rosaguijarro.com\/wp-content\/uploads\/2025\/01\/pozo2.jpg 700w, https:\/\/misviajes.rosaguijarro.com\/wp-content\/uploads\/2025\/01\/pozo2-300x187.jpg 300w\" sizes=\"(max-width: 700px) 100vw, 700px\" \/><\/figure>\n<\/div>\n\n\n<p><\/p>\n\n\n\n<p>Este poblado me recuerda a la Motilla del Azuer (Ciudad Real) pero no s\u00e9 si tienen relaci\u00f3n.  Tambi\u00e9n me hace pensar en las nuragas de Cerde\u00f1a.<\/p>\n\n\n\n<p>Acabada la visita empezamos la vuelta a casa. Y como siempre, el mapa de la excursi\u00f3n.<\/p>\n\n\n<div class=\"wp-block-image\">\n<figure class=\"aligncenter size-full\"><a href=\"https:\/\/www.google.com\/maps\/d\/u\/0\/viewer?mid=1AHWKnqMe7yrv-JnpFZY6PSqcm7ouLaM&amp;ll=41.573342838722105%2C0.9000529999999696&amp;z=10\"><img loading=\"lazy\" decoding=\"async\" width=\"700\" height=\"379\" src=\"https:\/\/misviajes.rosaguijarro.com\/wp-content\/uploads\/2025\/01\/mapa.jpg\" alt=\"\" class=\"wp-image-16637\" srcset=\"https:\/\/misviajes.rosaguijarro.com\/wp-content\/uploads\/2025\/01\/mapa.jpg 700w, https:\/\/misviajes.rosaguijarro.com\/wp-content\/uploads\/2025\/01\/mapa-300x162.jpg 300w\" sizes=\"(max-width: 700px) 100vw, 700px\" \/><\/a><\/figure>\n<\/div>\n\n\n<p><\/p>\n\n\n\n<div class=\"wp-block-comments\">\n\n\n\n\n\n\t<div id=\"respond\" class=\"comment-respond wp-block-post-comments-form\">\n\t\t<h3 id=\"reply-title\" class=\"comment-reply-title\">Deja un comentario <small><a rel=\"nofollow\" id=\"cancel-comment-reply-link\" href=\"\/index.php\/wp-json\/wp\/v2\/pages\/16570#respond\" style=\"display:none;\">Cancelar la respuesta<\/a><\/small><\/h3><form action=\"https:\/\/misviajes.rosaguijarro.com\/wp-comments-post.php\" method=\"post\" id=\"commentform\" class=\"comment-form\"><p class=\"comment-form-comment\"><label for=\"comment\" class=\"screen-reader-text\">Comentario<\/label><textarea id=\"comment\" name=\"comment\" cols=\"45\" rows=\"8\" required><\/textarea><\/p><label for=\"author\" class=\"screen-reader-text\">Nombre<\/label><input placeholder=\"Nombre *\" id=\"author\" name=\"author\" type=\"text\" value=\"\" size=\"30\" required \/>\n<label for=\"email\" class=\"screen-reader-text\">Correo electr\u00f3nico<\/label><input placeholder=\"Correo electr\u00f3nico *\" id=\"email\" name=\"email\" type=\"email\" value=\"\" size=\"30\" required \/>\n<label for=\"url\" class=\"screen-reader-text\">Web<\/label><input placeholder=\"Web\" id=\"url\" name=\"url\" type=\"url\" value=\"\" size=\"30\" \/>\n<p class=\"comment-form-cookies-consent\"><input id=\"wp-comment-cookies-consent\" name=\"wp-comment-cookies-consent\" type=\"checkbox\" value=\"yes\" \/> <label for=\"wp-comment-cookies-consent\">Guarda mi nombre, correo electr\u00f3nico y web en este navegador para la pr\u00f3xima vez que comente.<\/label><\/p>\n<p class=\"form-submit\"><input name=\"submit\" type=\"submit\" id=\"submit\" class=\"submit\" value=\"Publicar comentario\" \/> <input type='hidden' name='comment_post_ID' value='16570' id='comment_post_ID' \/>\n<input type='hidden' name='comment_parent' id='comment_parent' value='0' \/>\n<\/p><p style=\"display: none;\"><input type=\"hidden\" id=\"akismet_comment_nonce\" name=\"akismet_comment_nonce\" value=\"d4a2fd26a0\" \/><\/p><p style=\"display: none !important;\" class=\"akismet-fields-container\" data-prefix=\"ak_\"><label>&#916;<textarea name=\"ak_hp_textarea\" cols=\"45\" rows=\"8\" maxlength=\"100\"><\/textarea><\/label><input type=\"hidden\" id=\"ak_js_1\" name=\"ak_js\" value=\"164\"\/><script>\ndocument.getElementById( \"ak_js_1\" ).setAttribute( \"value\", ( new Date() ).getTime() );\n<\/script>\n<\/p><\/form>\t<\/div><!-- #respond -->\n\t<\/div>\n","protected":false},"excerpt":{"rendered":"<p>Viernes 13 Toca mover la furgoneta porque ya lleva casi un mes parada. Esta vez, en lugar de dar el paseo habitual, decidimos pasar la noche fuera. Ponemos rumbo a Vallbona de les Monges. Vallbona de les Monges es un pueblo de la comarca de l&#8217;Urgell que tiene un curioso origen: su monasterio. El Monasterio &#8230; <a title=\"Excursi\u00f3n a Arbeca y Vallbona de les Monges (13 y 14 de diciembre 24)\" class=\"read-more\" href=\"https:\/\/misviajes.rosaguijarro.com\/index.php\/excursion-a-arbeca-y-vallbona-de-les-monges-13-y-14-de-diciembre-24\/\" aria-label=\"Leer m\u00e1s sobre Excursi\u00f3n a Arbeca y Vallbona de les Monges (13 y 14 de diciembre 24)\">Leer m\u00e1s<\/a><\/p>\n","protected":false},"author":2,"featured_media":0,"parent":0,"menu_order":0,"comment_status":"open","ping_status":"closed","template":"","meta":{"iawp_total_views":5,"footnotes":""},"class_list":["post-16570","page","type-page","status-publish"],"_links":{"self":[{"href":"https:\/\/misviajes.rosaguijarro.com\/index.php\/wp-json\/wp\/v2\/pages\/16570","targetHints":{"allow":["GET"]}}],"collection":[{"href":"https:\/\/misviajes.rosaguijarro.com\/index.php\/wp-json\/wp\/v2\/pages"}],"about":[{"href":"https:\/\/misviajes.rosaguijarro.com\/index.php\/wp-json\/wp\/v2\/types\/page"}],"author":[{"embeddable":true,"href":"https:\/\/misviajes.rosaguijarro.com\/index.php\/wp-json\/wp\/v2\/users\/2"}],"replies":[{"embeddable":true,"href":"https:\/\/misviajes.rosaguijarro.com\/index.php\/wp-json\/wp\/v2\/comments?post=16570"}],"version-history":[{"count":55,"href":"https:\/\/misviajes.rosaguijarro.com\/index.php\/wp-json\/wp\/v2\/pages\/16570\/revisions"}],"predecessor-version":[{"id":18496,"href":"https:\/\/misviajes.rosaguijarro.com\/index.php\/wp-json\/wp\/v2\/pages\/16570\/revisions\/18496"}],"wp:attachment":[{"href":"https:\/\/misviajes.rosaguijarro.com\/index.php\/wp-json\/wp\/v2\/media?parent=16570"}],"curies":[{"name":"wp","href":"https:\/\/api.w.org\/{rel}","templated":true}]}}