{"id":15830,"date":"2024-10-10T11:58:04","date_gmt":"2024-10-10T11:58:04","guid":{"rendered":"https:\/\/misviajes.rosaguijarro.com\/?page_id=15830"},"modified":"2025-05-10T21:14:20","modified_gmt":"2025-05-10T21:14:20","slug":"excursion-a-castellon-y-valencia-2024","status":"publish","type":"page","link":"https:\/\/misviajes.rosaguijarro.com\/index.php\/excursion-a-castellon-y-valencia-2024\/","title":{"rendered":"Excursi\u00f3n a Castell\u00f3n y Valencia (2024)"},"content":{"rendered":"\n<p><strong>11 de junio<\/strong><\/p>\n\n\n\n<p>Por fin tengo la furgoneta, ahora hay que hacerle el rodaje, aunque tengo pocos d\u00edas vamos a empezar con \u00e9l. Hace tiempo que no nos damos una vuelta por la provincia de Castell\u00f3n y, ahora, nos parece un buen momento para hacerlo. Ponemos rumbo a Pen\u00edscola. Vamos hasta el camping El Ed\u00e9n (tarjeta ACSI) y nos registramos. Salimos para dar un paseo por la parte antigua del pueblo<\/p>\n\n\n<div class=\"wp-block-image\">\n<figure class=\"aligncenter size-full\"><img fetchpriority=\"high\" decoding=\"async\" width=\"700\" height=\"467\" src=\"https:\/\/misviajes.rosaguijarro.com\/wp-content\/uploads\/2024\/10\/IMG_1546.jpg\" alt=\"\" class=\"wp-image-15832\" srcset=\"https:\/\/misviajes.rosaguijarro.com\/wp-content\/uploads\/2024\/10\/IMG_1546.jpg 700w, https:\/\/misviajes.rosaguijarro.com\/wp-content\/uploads\/2024\/10\/IMG_1546-300x200.jpg 300w\" sizes=\"(max-width: 700px) 100vw, 700px\" \/><\/figure>\n<\/div>\n\n\n<p><\/p>\n\n\n\n<p>El <em>bufador<\/em><\/p>\n\n\n<div class=\"wp-block-image\">\n<figure class=\"aligncenter size-full\"><img decoding=\"async\" width=\"700\" height=\"467\" src=\"https:\/\/misviajes.rosaguijarro.com\/wp-content\/uploads\/2024\/10\/IMG_1550.jpg\" alt=\"\" class=\"wp-image-15833\" srcset=\"https:\/\/misviajes.rosaguijarro.com\/wp-content\/uploads\/2024\/10\/IMG_1550.jpg 700w, https:\/\/misviajes.rosaguijarro.com\/wp-content\/uploads\/2024\/10\/IMG_1550-300x200.jpg 300w\" sizes=\"(max-width: 700px) 100vw, 700px\" \/><\/figure>\n<\/div>\n\n\n<p><\/p>\n\n\n<div class=\"wp-block-image\">\n<figure class=\"aligncenter size-full\"><img decoding=\"async\" width=\"400\" height=\"600\" src=\"https:\/\/misviajes.rosaguijarro.com\/wp-content\/uploads\/2024\/10\/IMG_1554.jpg\" alt=\"\" class=\"wp-image-15834\" srcset=\"https:\/\/misviajes.rosaguijarro.com\/wp-content\/uploads\/2024\/10\/IMG_1554.jpg 400w, https:\/\/misviajes.rosaguijarro.com\/wp-content\/uploads\/2024\/10\/IMG_1554-200x300.jpg 200w\" sizes=\"(max-width: 400px) 100vw, 400px\" \/><\/figure>\n<\/div>\n\n\n<p><\/p>\n\n\n<div class=\"wp-block-image\">\n<figure class=\"aligncenter size-full\"><img loading=\"lazy\" decoding=\"async\" width=\"700\" height=\"467\" src=\"https:\/\/misviajes.rosaguijarro.com\/wp-content\/uploads\/2024\/10\/IMG_1559.jpg\" alt=\"\" class=\"wp-image-15835\" srcset=\"https:\/\/misviajes.rosaguijarro.com\/wp-content\/uploads\/2024\/10\/IMG_1559.jpg 700w, https:\/\/misviajes.rosaguijarro.com\/wp-content\/uploads\/2024\/10\/IMG_1559-300x200.jpg 300w\" sizes=\"(max-width: 700px) 100vw, 700px\" \/><\/figure>\n<\/div>\n\n\n<p><\/p>\n\n\n\n<p><strong>12 de junio<\/strong><\/p>\n\n\n\n<p>Vamos a T\u00edrig, el <a href=\"https:\/\/museudelavalltorta.gva.es\/es\">Museo de la Valltorta<\/a> nos encanta y hace tiempo que no vamos por all\u00ed.<\/p>\n\n\n\n<p>Su objetivo es fomentar la conservaci\u00f3n y el conocimiento del arte rupestre de la Comunidad Valenciana. El conjunto del&nbsp;arte rupestre del arco mediterr\u00e1neo de la Pen\u00ednsula Ib\u00e9rica&nbsp;fue declarado Patrimonio de la Humanidad en el a\u00f1o 1998. Y en las salas del museo se hace un recorrido por el arte rupestre de la Comunidad. Es un museo peque\u00f1o, moderno, did\u00e1ctico y muy interesante.<\/p>\n\n\n<div class=\"wp-block-image\">\n<figure class=\"aligncenter size-full\"><img loading=\"lazy\" decoding=\"async\" width=\"700\" height=\"467\" src=\"https:\/\/misviajes.rosaguijarro.com\/wp-content\/uploads\/2024\/10\/IMG_1572.jpg\" alt=\"\" class=\"wp-image-15839\" srcset=\"https:\/\/misviajes.rosaguijarro.com\/wp-content\/uploads\/2024\/10\/IMG_1572.jpg 700w, https:\/\/misviajes.rosaguijarro.com\/wp-content\/uploads\/2024\/10\/IMG_1572-300x200.jpg 300w\" sizes=\"(max-width: 700px) 100vw, 700px\" \/><\/figure>\n<\/div>\n\n\n<p><\/p>\n\n\n<div class=\"wp-block-image\">\n<figure class=\"aligncenter size-full\"><img loading=\"lazy\" decoding=\"async\" width=\"700\" height=\"467\" src=\"https:\/\/misviajes.rosaguijarro.com\/wp-content\/uploads\/2024\/10\/IMG_1564.jpg\" alt=\"\" class=\"wp-image-15837\" srcset=\"https:\/\/misviajes.rosaguijarro.com\/wp-content\/uploads\/2024\/10\/IMG_1564.jpg 700w, https:\/\/misviajes.rosaguijarro.com\/wp-content\/uploads\/2024\/10\/IMG_1564-300x200.jpg 300w\" sizes=\"(max-width: 700px) 100vw, 700px\" \/><\/figure>\n<\/div>\n\n\n<p><\/p>\n\n\n\n<p>Hay reproducci\u00f3nes de abrigos y pinturas de otros lugares pero predominan, obviamente, las de los abrigos que tienen muy cerca los del Barranco de la Valltorta<\/p>\n\n\n<div class=\"wp-block-image\">\n<figure class=\"aligncenter size-full\"><img loading=\"lazy\" decoding=\"async\" width=\"700\" height=\"467\" src=\"https:\/\/misviajes.rosaguijarro.com\/wp-content\/uploads\/2024\/10\/IMG_1566.jpg\" alt=\"\" class=\"wp-image-15838\" srcset=\"https:\/\/misviajes.rosaguijarro.com\/wp-content\/uploads\/2024\/10\/IMG_1566.jpg 700w, https:\/\/misviajes.rosaguijarro.com\/wp-content\/uploads\/2024\/10\/IMG_1566-300x200.jpg 300w\" sizes=\"(max-width: 700px) 100vw, 700px\" \/><\/figure>\n<\/div>\n\n\n<p><\/p>\n\n\n<div class=\"wp-block-image\">\n<figure class=\"aligncenter size-full\"><img loading=\"lazy\" decoding=\"async\" width=\"400\" height=\"600\" src=\"https:\/\/misviajes.rosaguijarro.com\/wp-content\/uploads\/2024\/10\/IMG_1567.jpg\" alt=\"\" class=\"wp-image-15840\" srcset=\"https:\/\/misviajes.rosaguijarro.com\/wp-content\/uploads\/2024\/10\/IMG_1567.jpg 400w, https:\/\/misviajes.rosaguijarro.com\/wp-content\/uploads\/2024\/10\/IMG_1567-200x300.jpg 200w\" sizes=\"(max-width: 400px) 100vw, 400px\" \/><\/figure>\n<\/div>\n\n\n<p><\/p>\n\n\n<div class=\"wp-block-image\">\n<figure class=\"aligncenter size-full\"><img loading=\"lazy\" decoding=\"async\" width=\"700\" height=\"467\" src=\"https:\/\/misviajes.rosaguijarro.com\/wp-content\/uploads\/2024\/10\/IMG_1570.jpg\" alt=\"\" class=\"wp-image-15841\" srcset=\"https:\/\/misviajes.rosaguijarro.com\/wp-content\/uploads\/2024\/10\/IMG_1570.jpg 700w, https:\/\/misviajes.rosaguijarro.com\/wp-content\/uploads\/2024\/10\/IMG_1570-300x200.jpg 300w\" sizes=\"(max-width: 700px) 100vw, 700px\" \/><\/figure>\n<\/div>\n\n\n<p><\/p>\n\n\n<div class=\"wp-block-image\">\n<figure class=\"aligncenter size-full\"><img loading=\"lazy\" decoding=\"async\" width=\"700\" height=\"467\" src=\"https:\/\/misviajes.rosaguijarro.com\/wp-content\/uploads\/2024\/10\/IMG_1571.jpg\" alt=\"\" class=\"wp-image-15842\" srcset=\"https:\/\/misviajes.rosaguijarro.com\/wp-content\/uploads\/2024\/10\/IMG_1571.jpg 700w, https:\/\/misviajes.rosaguijarro.com\/wp-content\/uploads\/2024\/10\/IMG_1571-300x200.jpg 300w\" sizes=\"(max-width: 700px) 100vw, 700px\" \/><\/figure>\n<\/div>\n\n\n<p><\/p>\n\n\n\n<p>La entrada es gratuita y, desde el Museo, se organizan visitas guiadas a los abrigos del Barranco de la Valltorta y a otros de la provincia de Castell\u00f3n.<\/p>\n\n\n\n<p><\/p>\n\n\n\n<p>Ponemos rumbo hacia Alcal\u00e1 de Chivert y, en el camino encontramos una preciosa caba\u00f1a de <em>pedra seca<\/em> <\/p>\n\n\n\n<p><\/p>\n\n\n<div class=\"wp-block-image\">\n<figure class=\"aligncenter size-full\"><img loading=\"lazy\" decoding=\"async\" width=\"700\" height=\"467\" src=\"https:\/\/misviajes.rosaguijarro.com\/wp-content\/uploads\/2024\/10\/IMG_1573.jpg\" alt=\"\" class=\"wp-image-15849\" srcset=\"https:\/\/misviajes.rosaguijarro.com\/wp-content\/uploads\/2024\/10\/IMG_1573.jpg 700w, https:\/\/misviajes.rosaguijarro.com\/wp-content\/uploads\/2024\/10\/IMG_1573-300x200.jpg 300w\" sizes=\"(max-width: 700px) 100vw, 700px\" \/><\/figure>\n<\/div>\n\n\n<p><\/p>\n\n\n\n<p>La falsa b\u00f3veda desde el interior<\/p>\n\n\n<div class=\"wp-block-image\">\n<figure class=\"aligncenter size-full\"><img loading=\"lazy\" decoding=\"async\" width=\"700\" height=\"467\" src=\"https:\/\/misviajes.rosaguijarro.com\/wp-content\/uploads\/2024\/10\/IMG_1577.jpg\" alt=\"\" class=\"wp-image-15850\" srcset=\"https:\/\/misviajes.rosaguijarro.com\/wp-content\/uploads\/2024\/10\/IMG_1577.jpg 700w, https:\/\/misviajes.rosaguijarro.com\/wp-content\/uploads\/2024\/10\/IMG_1577-300x200.jpg 300w\" sizes=\"(max-width: 700px) 100vw, 700px\" \/><\/figure>\n<\/div>\n\n\n<p><\/p>\n\n\n\n<p>Llegamos al pueblo y primero vamos a ver la iglesia barroca del siglo XVIII que s\u00f3lo vemos por fuera porque, siguiendo la tradici\u00f3n, est\u00e1 cerrada. Antes de llegar ya vemos la magnifica torre-campanario, de 60 m. de altura<\/p>\n\n\n<div class=\"wp-block-image\">\n<figure class=\"aligncenter size-full\"><img loading=\"lazy\" decoding=\"async\" width=\"400\" height=\"600\" src=\"https:\/\/misviajes.rosaguijarro.com\/wp-content\/uploads\/2024\/10\/IMG_1580.jpg\" alt=\"\" class=\"wp-image-15845\" srcset=\"https:\/\/misviajes.rosaguijarro.com\/wp-content\/uploads\/2024\/10\/IMG_1580.jpg 400w, https:\/\/misviajes.rosaguijarro.com\/wp-content\/uploads\/2024\/10\/IMG_1580-200x300.jpg 200w\" sizes=\"(max-width: 400px) 100vw, 400px\" \/><\/figure>\n<\/div>\n\n\n<p><\/p>\n\n\n<div class=\"wp-block-image\">\n<figure class=\"aligncenter size-full\"><img loading=\"lazy\" decoding=\"async\" width=\"400\" height=\"600\" src=\"https:\/\/misviajes.rosaguijarro.com\/wp-content\/uploads\/2024\/10\/IMG_1582.jpg\" alt=\"\" class=\"wp-image-15846\" srcset=\"https:\/\/misviajes.rosaguijarro.com\/wp-content\/uploads\/2024\/10\/IMG_1582.jpg 400w, https:\/\/misviajes.rosaguijarro.com\/wp-content\/uploads\/2024\/10\/IMG_1582-200x300.jpg 200w\" sizes=\"(max-width: 400px) 100vw, 400px\" \/><\/figure>\n<\/div>\n\n\n<p><\/p>\n\n\n<div class=\"wp-block-image\">\n<figure class=\"aligncenter size-full\"><img loading=\"lazy\" decoding=\"async\" width=\"700\" height=\"467\" src=\"https:\/\/misviajes.rosaguijarro.com\/wp-content\/uploads\/2024\/10\/IMG_1584.jpg\" alt=\"\" class=\"wp-image-15847\" srcset=\"https:\/\/misviajes.rosaguijarro.com\/wp-content\/uploads\/2024\/10\/IMG_1584.jpg 700w, https:\/\/misviajes.rosaguijarro.com\/wp-content\/uploads\/2024\/10\/IMG_1584-300x200.jpg 300w\" sizes=\"(max-width: 700px) 100vw, 700px\" \/><\/figure>\n<\/div>\n\n\n<p><\/p>\n\n\n\n<p>Nos damos un paseo por el pueblo y vamos al camping Los Olivos de Xivert, que admite la tarjeta ACSI. Pero, las plazas destinadas al descuento de la tarjeta est\u00e1n a la entrada del camping, lejos del edificio de sanitarios, as\u00ed que pagamos la tarifa completa y nos instalamos cerca de \u00e9l.<\/p>\n\n\n\n<p><\/p>\n\n\n\n<p><strong>13 de junio<\/strong><\/p>\n\n\n\n<p>La verdad es que circular por estas carreteras estrechas y empinadas sin pasar de 2500 revoluciones se me est\u00e1 haciendo muy pesado, comentamos el asunto y decidimos dejar la provincia de Castell\u00f3n para otro rato y nos vamos a Valencia. Llamo al <strong>Valencia Camper Park<\/strong>, \u00e1rea con electricidad localizada en B\u00e9tera y muy bien comunicada con Valencia, para ver si tienen plazas. Las tienen, as\u00ed que reservo dos noches. En este \u00e1rea hemos estado muchas veces pero, alguna vez, cuando hemos llegado ya estaba lleno por lo que ahora siempre llamo antes. Vamos al \u00e1rea, nos instalamos y, despu\u00e9s de comer, nos llegamos a Valencia en transporte p\u00fablico.<\/p>\n\n\n\n<p>El objetivo es la Lonja de la Seda (la Llotja de la Seda) que, aunque parezca mentira, nunca he visto por el interior.<\/p>\n\n\n\n<p>La Lonja de la Seda es una obra maestra del g\u00f3tico civil valenciano (tambi\u00e9n Patrimonio de la Humanidad), construida en la segunda mitad del siglo XV.<\/p>\n\n\n\n<p>La fachada de la Plaza del Mercado, en la que podemos observar los tres cuerpos de la lonja. El de la derecha, que corresponde a la Sala de Contrataci\u00f3n (de un solo piso). El central (de tres pisos) donde se encuentra la capilla en el bajo y la prisi\u00f3n en los dos superiores. Y, a la izquierda, las tres plantas del Consulado del Mar.<\/p>\n\n\n\n<p><\/p>\n\n\n<div class=\"wp-block-image\">\n<figure class=\"aligncenter size-full\"><img loading=\"lazy\" decoding=\"async\" width=\"700\" height=\"467\" src=\"https:\/\/misviajes.rosaguijarro.com\/wp-content\/uploads\/2024\/10\/IMG_1598.jpg\" alt=\"\" class=\"wp-image-15857\" srcset=\"https:\/\/misviajes.rosaguijarro.com\/wp-content\/uploads\/2024\/10\/IMG_1598.jpg 700w, https:\/\/misviajes.rosaguijarro.com\/wp-content\/uploads\/2024\/10\/IMG_1598-300x200.jpg 300w\" sizes=\"(max-width: 700px) 100vw, 700px\" \/><\/figure>\n<\/div>\n\n\n<p><\/p>\n\n\n<div class=\"wp-block-image\">\n<figure class=\"aligncenter size-full\"><img loading=\"lazy\" decoding=\"async\" width=\"700\" height=\"467\" src=\"https:\/\/misviajes.rosaguijarro.com\/wp-content\/uploads\/2024\/10\/IMG_1599.jpg\" alt=\"\" class=\"wp-image-15858\" srcset=\"https:\/\/misviajes.rosaguijarro.com\/wp-content\/uploads\/2024\/10\/IMG_1599.jpg 700w, https:\/\/misviajes.rosaguijarro.com\/wp-content\/uploads\/2024\/10\/IMG_1599-300x200.jpg 300w\" sizes=\"(max-width: 700px) 100vw, 700px\" \/><\/figure>\n<\/div>\n\n\n<p>La Sala de Contrataci\u00f3n<\/p>\n\n\n<div class=\"wp-block-image\">\n<figure class=\"aligncenter size-full\"><img loading=\"lazy\" decoding=\"async\" width=\"700\" height=\"467\" src=\"https:\/\/misviajes.rosaguijarro.com\/wp-content\/uploads\/2024\/10\/IMG_1618.jpg\" alt=\"\" class=\"wp-image-15859\" srcset=\"https:\/\/misviajes.rosaguijarro.com\/wp-content\/uploads\/2024\/10\/IMG_1618.jpg 700w, https:\/\/misviajes.rosaguijarro.com\/wp-content\/uploads\/2024\/10\/IMG_1618-300x200.jpg 300w\" sizes=\"(max-width: 700px) 100vw, 700px\" \/><\/figure>\n<\/div>\n\n\n<p><\/p>\n\n\n<div class=\"wp-block-image\">\n<figure class=\"aligncenter size-full\"><img loading=\"lazy\" decoding=\"async\" width=\"400\" height=\"600\" src=\"https:\/\/misviajes.rosaguijarro.com\/wp-content\/uploads\/2024\/10\/IMG_1623.jpg\" alt=\"\" class=\"wp-image-15860\" srcset=\"https:\/\/misviajes.rosaguijarro.com\/wp-content\/uploads\/2024\/10\/IMG_1623.jpg 400w, https:\/\/misviajes.rosaguijarro.com\/wp-content\/uploads\/2024\/10\/IMG_1623-200x300.jpg 200w\" sizes=\"(max-width: 400px) 100vw, 400px\" \/><\/figure>\n<\/div>\n\n\n<p><\/p>\n\n\n<div class=\"wp-block-image\">\n<figure class=\"aligncenter size-full\"><img loading=\"lazy\" decoding=\"async\" width=\"700\" height=\"467\" src=\"https:\/\/misviajes.rosaguijarro.com\/wp-content\/uploads\/2024\/10\/IMG_1625.jpg\" alt=\"\" class=\"wp-image-15861\" srcset=\"https:\/\/misviajes.rosaguijarro.com\/wp-content\/uploads\/2024\/10\/IMG_1625.jpg 700w, https:\/\/misviajes.rosaguijarro.com\/wp-content\/uploads\/2024\/10\/IMG_1625-300x200.jpg 300w\" sizes=\"(max-width: 700px) 100vw, 700px\" \/><\/figure>\n<\/div>\n\n\n<p><\/p>\n\n\n\n<p>El artesonado de la C\u00e1mara dorada del Consulado del Mar<\/p>\n\n\n<div class=\"wp-block-image\">\n<figure class=\"aligncenter size-full\"><img loading=\"lazy\" decoding=\"async\" width=\"700\" height=\"467\" src=\"https:\/\/misviajes.rosaguijarro.com\/wp-content\/uploads\/2024\/10\/IMG_1641.jpg\" alt=\"\" class=\"wp-image-15862\" srcset=\"https:\/\/misviajes.rosaguijarro.com\/wp-content\/uploads\/2024\/10\/IMG_1641.jpg 700w, https:\/\/misviajes.rosaguijarro.com\/wp-content\/uploads\/2024\/10\/IMG_1641-300x200.jpg 300w\" sizes=\"(max-width: 700px) 100vw, 700px\" \/><\/figure>\n<\/div>\n\n\n<p><\/p>\n\n\n<div class=\"wp-block-image\">\n<figure class=\"aligncenter size-full\"><img loading=\"lazy\" decoding=\"async\" width=\"700\" height=\"467\" src=\"https:\/\/misviajes.rosaguijarro.com\/wp-content\/uploads\/2024\/10\/IMG_1645.jpg\" alt=\"\" class=\"wp-image-15863\" srcset=\"https:\/\/misviajes.rosaguijarro.com\/wp-content\/uploads\/2024\/10\/IMG_1645.jpg 700w, https:\/\/misviajes.rosaguijarro.com\/wp-content\/uploads\/2024\/10\/IMG_1645-300x200.jpg 300w\" sizes=\"(max-width: 700px) 100vw, 700px\" \/><\/figure>\n<\/div>\n\n\n<p><\/p>\n\n\n\n<p>La fachada de la calle de La Lonja desde el patio de los Naranjos <\/p>\n\n\n<div class=\"wp-block-image\">\n<figure class=\"aligncenter size-full\"><img loading=\"lazy\" decoding=\"async\" width=\"700\" height=\"467\" src=\"https:\/\/misviajes.rosaguijarro.com\/wp-content\/uploads\/2024\/10\/IMG_1649.jpg\" alt=\"\" class=\"wp-image-15864\" srcset=\"https:\/\/misviajes.rosaguijarro.com\/wp-content\/uploads\/2024\/10\/IMG_1649.jpg 700w, https:\/\/misviajes.rosaguijarro.com\/wp-content\/uploads\/2024\/10\/IMG_1649-300x200.jpg 300w\" sizes=\"(max-width: 700px) 100vw, 700px\" \/><\/figure>\n<\/div>\n\n\n<p><\/p>\n\n\n\n<p>Despu\u00e9s nos llegamos a la Iglesia de San Nicol\u00e1s de Bari y San Pedro M\u00e1rtir, conocida como la Capilla Sixtina valenciana. Se trata de una iglesia g\u00f3tica del siglo XV con una decoraci\u00f3n barroca del siglo XVII. El edificio g\u00f3tico se conserva perfectamente pero es dif\u00edcil apreciarlo debido a que los arcos apuntados g\u00f3ticos fueron cubiertos con arcos de medio punto y todo el interior est\u00e1 cubierto con esgrafiados, estucos, relieves y esculturas.<\/p>\n\n\n<div class=\"wp-block-image\">\n<figure class=\"aligncenter size-full\"><img loading=\"lazy\" decoding=\"async\" width=\"700\" height=\"467\" src=\"https:\/\/misviajes.rosaguijarro.com\/wp-content\/uploads\/2024\/10\/IMG_1658-1.jpg\" alt=\"\" class=\"wp-image-15885\" srcset=\"https:\/\/misviajes.rosaguijarro.com\/wp-content\/uploads\/2024\/10\/IMG_1658-1.jpg 700w, https:\/\/misviajes.rosaguijarro.com\/wp-content\/uploads\/2024\/10\/IMG_1658-1-300x200.jpg 300w\" sizes=\"(max-width: 700px) 100vw, 700px\" \/><\/figure>\n<\/div>\n\n\n<p><\/p>\n\n\n<div class=\"wp-block-image\">\n<figure class=\"aligncenter size-full\"><img loading=\"lazy\" decoding=\"async\" width=\"700\" height=\"467\" src=\"https:\/\/misviajes.rosaguijarro.com\/wp-content\/uploads\/2024\/10\/IMG_1663.jpg\" alt=\"\" class=\"wp-image-15880\" srcset=\"https:\/\/misviajes.rosaguijarro.com\/wp-content\/uploads\/2024\/10\/IMG_1663.jpg 700w, https:\/\/misviajes.rosaguijarro.com\/wp-content\/uploads\/2024\/10\/IMG_1663-300x200.jpg 300w\" sizes=\"(max-width: 700px) 100vw, 700px\" \/><\/figure>\n<\/div>\n\n\n<p><\/p>\n\n\n<div class=\"wp-block-image\">\n<figure class=\"aligncenter size-full\"><img loading=\"lazy\" decoding=\"async\" width=\"700\" height=\"467\" src=\"https:\/\/misviajes.rosaguijarro.com\/wp-content\/uploads\/2024\/10\/IMG_1666.jpg\" alt=\"\" class=\"wp-image-15881\" srcset=\"https:\/\/misviajes.rosaguijarro.com\/wp-content\/uploads\/2024\/10\/IMG_1666.jpg 700w, https:\/\/misviajes.rosaguijarro.com\/wp-content\/uploads\/2024\/10\/IMG_1666-300x200.jpg 300w\" sizes=\"(max-width: 700px) 100vw, 700px\" \/><\/figure>\n<\/div>\n\n\n<p><\/p>\n\n\n<div class=\"wp-block-image\">\n<figure class=\"aligncenter size-full\"><img loading=\"lazy\" decoding=\"async\" width=\"700\" height=\"467\" src=\"https:\/\/misviajes.rosaguijarro.com\/wp-content\/uploads\/2024\/10\/IMG_1672.jpg\" alt=\"\" class=\"wp-image-15882\" srcset=\"https:\/\/misviajes.rosaguijarro.com\/wp-content\/uploads\/2024\/10\/IMG_1672.jpg 700w, https:\/\/misviajes.rosaguijarro.com\/wp-content\/uploads\/2024\/10\/IMG_1672-300x200.jpg 300w\" sizes=\"(max-width: 700px) 100vw, 700px\" \/><\/figure>\n<\/div>\n\n\n<p><\/p>\n\n\n<div class=\"wp-block-image\">\n<figure class=\"aligncenter size-full\"><img loading=\"lazy\" decoding=\"async\" width=\"700\" height=\"467\" src=\"https:\/\/misviajes.rosaguijarro.com\/wp-content\/uploads\/2024\/10\/IMG_1676.jpg\" alt=\"\" class=\"wp-image-15883\" srcset=\"https:\/\/misviajes.rosaguijarro.com\/wp-content\/uploads\/2024\/10\/IMG_1676.jpg 700w, https:\/\/misviajes.rosaguijarro.com\/wp-content\/uploads\/2024\/10\/IMG_1676-300x200.jpg 300w\" sizes=\"(max-width: 700px) 100vw, 700px\" \/><\/figure>\n<\/div>\n\n\n<p><\/p>\n\n\n\n<p>Para celebrar estas magn\u00edficas visitas nos tomamos una horchata con fartons. Riqu\u00edsimo.<\/p>\n\n\n\n<p>Volvemos a B\u00e9tera a dormir.<\/p>\n\n\n\n<p><strong>14 de junio<\/strong><\/p>\n\n\n\n<p>Hoy no tengo ninguna foto porque no llev\u00e9 la c\u00e1mara. Fuimos al Bioparc, que ya hab\u00edamos visitado otras veces. Nos gust\u00f3 mucho, como siempre, a pesar de que el fosa, el mam\u00edfero carn\u00edvoro m\u00e1s grande de Madagascar, no se dej\u00f3 ver.<\/p>\n\n\n\n<p><strong>15 de junio<\/strong><\/p>\n\n\n\n<p>Y, sin m\u00e1s, volvemos a casa.<\/p>\n\n\n<div class=\"wp-block-image\">\n<figure class=\"aligncenter size-full\"><a href=\"https:\/\/www.google.com\/maps\/d\/u\/0\/viewer?mid=1IQVWiVBWKqCwU62oZLOb4tf4RH3WK4Y&amp;ll=39.750454396062246%2C-0.5019204999999882&amp;z=8\"><img loading=\"lazy\" decoding=\"async\" width=\"800\" height=\"483\" src=\"https:\/\/misviajes.rosaguijarro.com\/wp-content\/uploads\/2024\/10\/Blog-Castellon-Valencia-2024.jpg\" alt=\"\" class=\"wp-image-15868\" srcset=\"https:\/\/misviajes.rosaguijarro.com\/wp-content\/uploads\/2024\/10\/Blog-Castellon-Valencia-2024.jpg 800w, https:\/\/misviajes.rosaguijarro.com\/wp-content\/uploads\/2024\/10\/Blog-Castellon-Valencia-2024-300x181.jpg 300w, https:\/\/misviajes.rosaguijarro.com\/wp-content\/uploads\/2024\/10\/Blog-Castellon-Valencia-2024-768x464.jpg 768w\" sizes=\"(max-width: 800px) 100vw, 800px\" \/><\/a><\/figure>\n<\/div>\n\n\n<div class=\"wp-block-comments\">\n\n\n\n\n\n\t<div id=\"respond\" class=\"comment-respond wp-block-post-comments-form\">\n\t\t<h3 id=\"reply-title\" class=\"comment-reply-title\">Deja un comentario <small><a rel=\"nofollow\" id=\"cancel-comment-reply-link\" href=\"\/index.php\/wp-json\/wp\/v2\/pages\/15830#respond\" style=\"display:none;\">Cancelar la respuesta<\/a><\/small><\/h3><form action=\"https:\/\/misviajes.rosaguijarro.com\/wp-comments-post.php\" method=\"post\" id=\"commentform\" class=\"comment-form\"><p class=\"comment-form-comment\"><label for=\"comment\" class=\"screen-reader-text\">Comentario<\/label><textarea id=\"comment\" name=\"comment\" cols=\"45\" rows=\"8\" required><\/textarea><\/p><label for=\"author\" class=\"screen-reader-text\">Nombre<\/label><input placeholder=\"Nombre *\" id=\"author\" name=\"author\" type=\"text\" value=\"\" size=\"30\" required \/>\n<label for=\"email\" class=\"screen-reader-text\">Correo electr\u00f3nico<\/label><input placeholder=\"Correo electr\u00f3nico *\" id=\"email\" name=\"email\" type=\"email\" value=\"\" size=\"30\" required \/>\n<label for=\"url\" class=\"screen-reader-text\">Web<\/label><input placeholder=\"Web\" id=\"url\" name=\"url\" type=\"url\" value=\"\" size=\"30\" \/>\n<p class=\"comment-form-cookies-consent\"><input id=\"wp-comment-cookies-consent\" name=\"wp-comment-cookies-consent\" type=\"checkbox\" value=\"yes\" \/> <label for=\"wp-comment-cookies-consent\">Guarda mi nombre, correo electr\u00f3nico y web en este navegador para la pr\u00f3xima vez que comente.<\/label><\/p>\n<p class=\"form-submit\"><input name=\"submit\" type=\"submit\" id=\"submit\" class=\"submit\" value=\"Publicar comentario\" \/> <input type='hidden' name='comment_post_ID' value='15830' id='comment_post_ID' \/>\n<input type='hidden' name='comment_parent' id='comment_parent' value='0' \/>\n<\/p><p style=\"display: none;\"><input type=\"hidden\" id=\"akismet_comment_nonce\" name=\"akismet_comment_nonce\" value=\"fd25f5474e\" \/><\/p><p style=\"display: none !important;\" class=\"akismet-fields-container\" data-prefix=\"ak_\"><label>&#916;<textarea name=\"ak_hp_textarea\" cols=\"45\" rows=\"8\" maxlength=\"100\"><\/textarea><\/label><input type=\"hidden\" id=\"ak_js_1\" name=\"ak_js\" value=\"169\"\/><script>\ndocument.getElementById( \"ak_js_1\" ).setAttribute( \"value\", ( new Date() ).getTime() );\n<\/script>\n<\/p><\/form>\t<\/div><!-- #respond -->\n\t<\/div>\n","protected":false},"excerpt":{"rendered":"<p>11 de junio Por fin tengo la furgoneta, ahora hay que hacerle el rodaje, aunque tengo pocos d\u00edas vamos a empezar con \u00e9l. Hace tiempo que no nos damos una vuelta por la provincia de Castell\u00f3n y, ahora, nos parece un buen momento para hacerlo. Ponemos rumbo a Pen\u00edscola. Vamos hasta el camping El Ed\u00e9n &#8230; <a title=\"Excursi\u00f3n a Castell\u00f3n y Valencia (2024)\" class=\"read-more\" href=\"https:\/\/misviajes.rosaguijarro.com\/index.php\/excursion-a-castellon-y-valencia-2024\/\" aria-label=\"Leer m\u00e1s sobre Excursi\u00f3n a Castell\u00f3n y Valencia (2024)\">Leer m\u00e1s<\/a><\/p>\n","protected":false},"author":2,"featured_media":0,"parent":0,"menu_order":0,"comment_status":"open","ping_status":"closed","template":"","meta":{"iawp_total_views":4,"footnotes":""},"class_list":["post-15830","page","type-page","status-publish"],"_links":{"self":[{"href":"https:\/\/misviajes.rosaguijarro.com\/index.php\/wp-json\/wp\/v2\/pages\/15830","targetHints":{"allow":["GET"]}}],"collection":[{"href":"https:\/\/misviajes.rosaguijarro.com\/index.php\/wp-json\/wp\/v2\/pages"}],"about":[{"href":"https:\/\/misviajes.rosaguijarro.com\/index.php\/wp-json\/wp\/v2\/types\/page"}],"author":[{"embeddable":true,"href":"https:\/\/misviajes.rosaguijarro.com\/index.php\/wp-json\/wp\/v2\/users\/2"}],"replies":[{"embeddable":true,"href":"https:\/\/misviajes.rosaguijarro.com\/index.php\/wp-json\/wp\/v2\/comments?post=15830"}],"version-history":[{"count":24,"href":"https:\/\/misviajes.rosaguijarro.com\/index.php\/wp-json\/wp\/v2\/pages\/15830\/revisions"}],"predecessor-version":[{"id":17118,"href":"https:\/\/misviajes.rosaguijarro.com\/index.php\/wp-json\/wp\/v2\/pages\/15830\/revisions\/17118"}],"wp:attachment":[{"href":"https:\/\/misviajes.rosaguijarro.com\/index.php\/wp-json\/wp\/v2\/media?parent=15830"}],"curies":[{"name":"wp","href":"https:\/\/api.w.org\/{rel}","templated":true}]}}