{"id":13788,"date":"2024-01-30T12:16:32","date_gmt":"2024-01-30T12:16:32","guid":{"rendered":"https:\/\/misviajes.rosaguijarro.com\/?page_id=13788"},"modified":"2025-05-11T11:01:06","modified_gmt":"2025-05-11T11:01:06","slug":"excursion-al-pirineo-huyendo-del-calor-julio-2023","status":"publish","type":"page","link":"https:\/\/misviajes.rosaguijarro.com\/index.php\/excursion-al-pirineo-huyendo-del-calor-julio-2023\/","title":{"rendered":"Excursi\u00f3n al Pirineo huyendo del calor (julio 2023)"},"content":{"rendered":"<p>\n\n<\/p>\n<p style=\"text-align: left;\"><strong>13 de julio<\/strong><\/p>\n<p>\n\n<\/p>\n<p style=\"text-align: left;\">Este mes de julio estamos de dentistas y otros m\u00e9dicos y cuando no tiene cita uno la tiene el otro. As\u00ed que aqu\u00ed estamos, aguantando malamente la ola de calor, pero los astros se han alineado y nos han dejado una semana libre, as\u00ed que nos vamos a tomar el fresco, a ver si podemos dormir bien.\u00a0<\/p>\n<p style=\"text-align: left;\">\n\n<\/p>\n<p style=\"text-align: left;\">Salimos tranquilamente porque no haremos muchos km. Compramos, ponemos gasolina y seguimos. Vamos por la C37, pasamos por Querol, Igualada, Manresa, Vic. Nos instalamos en el Furgoperfecto de Camprod\u00f3n. Damos un paseo por el pueblo, la temperatura es ideal.\u00a0<\/p>\n<p>\u00a0<\/p>\n<p style=\"text-align: left;\">\n\n<\/p>\n<figure><img fetchpriority=\"high\" decoding=\"async\" src=\"https:\/\/misviajes750.files.wordpress.com\/2023\/08\/img_4730b.jpg?w=700\" alt=\"\" width=\"1038\" height=\"692\" \/><\/figure>\n<p style=\"text-align: left;\">\u00a0<\/p>\n<p style=\"text-align: left;\">\n\n<\/p>\n<figure><img decoding=\"async\" src=\"https:\/\/misviajes750.files.wordpress.com\/2023\/08\/img_4731b.jpg?w=700\" alt=\"\" width=\"1038\" height=\"667\" \/><\/figure>\n<p style=\"text-align: left;\">\u00a0<\/p>\n<p style=\"text-align: left;\">\n\n<\/p>\n<figure><img decoding=\"async\" src=\"https:\/\/misviajes750.files.wordpress.com\/2023\/08\/img_4733b.jpg?w=700\" alt=\"\" width=\"1038\" height=\"692\" \/><\/figure>\n<p style=\"text-align: left;\">\u00a0<\/p>\n<p style=\"text-align: left;\">\n\n<\/p>\n<figure><img loading=\"lazy\" decoding=\"async\" src=\"https:\/\/misviajes750.files.wordpress.com\/2023\/08\/img_4734.jpg?w=700\" alt=\"\" width=\"1038\" height=\"692\" \/><\/figure>\n<p style=\"text-align: left;\">\u00a0<\/p>\n<p style=\"text-align: left;\">\n\n<\/p>\n<figure><img loading=\"lazy\" decoding=\"async\" src=\"https:\/\/misviajes750.files.wordpress.com\/2023\/08\/img_4735b.jpg?w=700\" alt=\"\" width=\"1038\" height=\"666\" \/><\/figure>\n<p style=\"text-align: left;\">\u00a0<\/p>\n<p style=\"text-align: left;\">\n\n<\/p>\n<p style=\"text-align: left;\">Volvemos a la Furgo a cenar. De momento somos 2 autocaravanas, 1 furgo y nosotros. La noche promete ser tranquila.<\/p>\n<p>\u00a0<\/p>\n<p style=\"text-align: left;\">\n\n<\/p>\n<p style=\"text-align: left;\"><strong>14 de julio<\/strong><\/p>\n<p>\u00a0<\/p>\n<p style=\"text-align: left;\">\n\n<\/p>\n<p style=\"text-align: left;\">Hemos dormido muy bien. La noche ha sido muy tranquila. Despu\u00e9s de tomar un caf\u00e9 el pueblo empezamos la ruta. Vamos a Prats de Moll\u00f3. Aparcamos en el furgoperfecto, que es estupendo, tiene mucha sombra y mesas de madera.\u00a0<\/p>\n<p>\u00a0<\/p>\n<p style=\"text-align: left;\">\n\n<\/p>\n<figure><img loading=\"lazy\" decoding=\"async\" src=\"https:\/\/misviajes750.files.wordpress.com\/2023\/08\/img_4743.jpg?w=700\" alt=\"\" width=\"1038\" height=\"692\" \/><\/figure>\n<p style=\"text-align: left;\">\u00a0<\/p>\n<p style=\"text-align: left;\">\n\n<\/p>\n<p style=\"text-align: left;\">Damos una vuelta por el pueblo<\/p>\n<p>\u00a0<\/p>\n<p style=\"text-align: left;\">\n\n<\/p>\n<figure><img loading=\"lazy\" decoding=\"async\" src=\"https:\/\/misviajes750.files.wordpress.com\/2023\/08\/img_4748.jpg?w=700\" alt=\"\" width=\"1038\" height=\"692\" \/><\/figure>\n<p style=\"text-align: left;\">\u00a0<\/p>\n<p style=\"text-align: left;\">\n\n<\/p>\n<p style=\"text-align: left;\">y nos topamos, en la plaza, con el cortejo municipal que est\u00e0 haciendo un pasacalles.<\/p>\n<p style=\"text-align: left;\">\u00a0<\/p>\n<p style=\"text-align: left;\">\n\n<\/p>\n<figure><img loading=\"lazy\" decoding=\"async\" src=\"https:\/\/misviajes750.files.wordpress.com\/2023\/08\/cobla.jpg?w=700\" alt=\"\" width=\"1038\" height=\"555\" \/><\/figure>\n<p style=\"text-align: left;\">\u00a0<\/p>\n<p style=\"text-align: left;\">\n\n<\/p>\n<p style=\"text-align: left;\">La banda de m\u00fasica resulta ser una cobla. Aqu\u00ed apreciamos bien una \u00abtenora\u00bb<\/p>\n<p>\u00a0<\/p>\n<p style=\"text-align: left;\">\n\n\n<\/p>\n<figure><img loading=\"lazy\" decoding=\"async\" src=\"https:\/\/misviajes750.files.wordpress.com\/2023\/08\/img_4759.jpg?w=363\" alt=\"\" width=\"424\" height=\"700\" \/><\/figure>\n<p style=\"text-align: left;\">\u00a0<\/p>\n<p style=\"text-align: left;\">\n\n\n<\/p>\n<p style=\"text-align: left;\">Ya instalados en la plaza hacen una ofrenda floral y el alcalde empieza un discurso, un discurso muuuuy largo. Esperamos porque queremos volver a o\u00edr a la cobla, y lo hace, vuelve a tocar La Marsellesa, cre\u00edamos que seguir\u00eda con m\u00e1s m\u00fasica, quiz\u00e1s con sardanas pero no, el se\u00f1or alcalde empieza a hablar de nuevo y como nos tememos que vuelva a ser muuuuy largo, nos vamos.<\/p>\n<p style=\"text-align: left;\">\n\n<\/p>\n<p style=\"text-align: left;\">Seguimos por la carretera de curvas y paramos en Saint-Marsal porque vemos anunciada un \u00e1rea, comemos a la sombra de un \u00e1rbol estupendamente. Lo subir\u00e9 como fp.<\/p>\n<p>\u00a0<\/p>\n<p style=\"text-align: left;\">\n\n<\/p>\n<figure><img loading=\"lazy\" decoding=\"async\" src=\"https:\/\/misviajes750.files.wordpress.com\/2023\/08\/2-furgo-perfecto.jpg?w=700\" alt=\"\" width=\"1038\" height=\"692\" \/><\/figure>\n<p style=\"text-align: left;\">\u00a0<\/p>\n<p style=\"text-align: left;\">\n\n<\/p>\n<p style=\"text-align: left;\">Vamos a Villefranche de Conflent y damos una vuelta por el pueblo.\u00a0<\/p>\n<p>\u00a0<\/p>\n<p style=\"text-align: left;\">\n\n<\/p>\n<figure><img loading=\"lazy\" decoding=\"async\" src=\"https:\/\/misviajes750.files.wordpress.com\/2023\/08\/img_4773.jpg?w=700\" alt=\"\" width=\"1038\" height=\"692\" \/><\/figure>\n<p style=\"text-align: left;\">\u00a0<\/p>\n<p style=\"text-align: left;\">\n\n<\/p>\n<figure><img loading=\"lazy\" decoding=\"async\" src=\"https:\/\/misviajes750.files.wordpress.com\/2023\/08\/img_4774.jpg?w=700\" alt=\"\" width=\"1038\" height=\"692\" \/><\/figure>\n<p style=\"text-align: left;\">\u00a0<\/p>\n<p style=\"text-align: left;\">\n\n\n<\/p>\n<figure><img loading=\"lazy\" decoding=\"async\" src=\"https:\/\/misviajes750.files.wordpress.com\/2023\/08\/img_4775.jpg?w=700\" alt=\"\" width=\"1038\" height=\"692\" \/><\/figure>\n<p style=\"text-align: left;\">\u00a0<\/p>\n<p style=\"text-align: left;\">\n\n\n<\/p>\n<figure><img loading=\"lazy\" decoding=\"async\" src=\"https:\/\/misviajes750.files.wordpress.com\/2023\/08\/img_4778.jpg?w=700\" alt=\"\" width=\"1038\" height=\"692\" \/><\/figure>\n<p style=\"text-align: left;\">\u00a0<\/p>\n<p style=\"text-align: left;\">\n\n<\/p>\n<figure><img loading=\"lazy\" decoding=\"async\" src=\"https:\/\/misviajes750.files.wordpress.com\/2023\/08\/img_4783.jpg?w=700\" alt=\"\" width=\"1038\" height=\"692\" \/><\/figure>\n<p style=\"text-align: left;\">\u00a0<\/p>\n<p style=\"text-align: left;\">\n\n\n<\/p>\n<figure><img loading=\"lazy\" decoding=\"async\" src=\"https:\/\/misviajes750.files.wordpress.com\/2023\/08\/img_4786.jpg?w=700\" alt=\"\" width=\"1038\" height=\"692\" \/><\/figure>\n<p style=\"text-align: left;\">\u00a0<\/p>\n<p style=\"text-align: left;\">\n\n\n<\/p>\n<p style=\"text-align: left;\">Pensaba dormir aqu\u00ed pero hace mucho calor as\u00ed que vamos a Mont-Louis. El camping est\u00e1 lleno. Vamos al \u00e1rea de Matemale y tambi\u00e9n est\u00e1 llena, retrocedemos hasta el camping y lo mismo. Nos aconsejan el area de Les Angles. Subimos hasta all\u00ed y s\u00ed que hay sitio y tambi\u00e9n electricidad, estupendo porque necesito cargar un mont\u00f3n de aparatos. Vale 11\u20ac las 24 horas. Llegan varias AC que se van porque les parece caro. A m\u00ed me parece estupendo.<\/p>\n<p>\u00a0<\/p>\n<p style=\"text-align: left;\">\n\n<\/p>\n<p style=\"text-align: left;\"><strong>15 de julio<\/strong><\/p>\n<p>\u00a0<\/p>\n<p style=\"text-align: left;\">\n\n<\/p>\n<p style=\"text-align: left;\">Hemos dormido muy bien, el \u00e1rea es muy tranquila. Vamos al Parc animalier, (30\u20ac los dos) pasamos la ma\u00f1ana,\u00a0<\/p>\n<p>\u00a0<\/p>\n<p style=\"text-align: left;\">\n\n<\/p>\n<figure><img loading=\"lazy\" decoding=\"async\" src=\"https:\/\/misviajes.rosaguijarro.com\/wp-content\/uploads\/2024\/01\/01-ciervo-300x183.jpg\" alt=\"\" width=\"1038\" height=\"635\" \/><\/figure>\n<p style=\"text-align: left;\">\u00a0<\/p>\n<p style=\"text-align: left;\">\n\n<\/p>\n<figure><img loading=\"lazy\" decoding=\"async\" src=\"https:\/\/misviajes750.files.wordpress.com\/2023\/08\/02-jabali-2.jpg?w=700\" alt=\"\" width=\"1038\" height=\"734\" \/><\/figure>\n<p style=\"text-align: left;\">\u00a0<\/p>\n<p style=\"text-align: left;\">\n\n<\/p>\n<figure><img loading=\"lazy\" decoding=\"async\" src=\"https:\/\/misviajes750.files.wordpress.com\/2023\/08\/02-jabali.jpg?w=700\" alt=\"\" width=\"1038\" height=\"733\" \/><\/figure>\n<p style=\"text-align: left;\">\u00a0<\/p>\n<p style=\"text-align: left;\">\n\n<\/p>\n<figure><img loading=\"lazy\" decoding=\"async\" src=\"https:\/\/misviajes750.files.wordpress.com\/2023\/08\/03-muflon-2.jpg?w=700\" alt=\"\" width=\"1038\" height=\"687\" \/><\/figure>\n<p style=\"text-align: left;\">\u00a0<\/p>\n<p style=\"text-align: left;\">\n\n<\/p>\n<figure><img loading=\"lazy\" decoding=\"async\" src=\"https:\/\/misviajes750.files.wordpress.com\/2023\/08\/04-cabra-1.jpg?w=700\" alt=\"\" width=\"1038\" height=\"670\" \/><\/figure>\n<p style=\"text-align: left;\">\u00a0<\/p>\n<p style=\"text-align: left;\">\n\n<figure><img loading=\"lazy\" decoding=\"async\" class=\"aligncenter\" src=\"https:\/\/misviajes750.files.wordpress.com\/2023\/08\/04-cabra-3.jpg?w=267\" alt=\"\" width=\"467\" height=\"700\" \/><\/figure>\n<p style=\"text-align: left;\">\u00a0<\/p>\n<p style=\"text-align: left;\">\u00a0<\/p>\n\n<\/p>\n<figure><img loading=\"lazy\" decoding=\"async\" src=\"https:\/\/misviajes750.files.wordpress.com\/2023\/08\/04-cabra.jpg?w=700\" alt=\"\" width=\"1038\" height=\"692\" \/><\/figure>\n<p style=\"text-align: left;\">\u00a0<\/p>\n<p style=\"text-align: left;\">\n\n<\/p>\n<figure><img loading=\"lazy\" decoding=\"async\" src=\"https:\/\/misviajes750.files.wordpress.com\/2023\/08\/05-rebeco.jpg?w=700\" alt=\"\" width=\"1038\" height=\"694\" \/><\/figure>\n<p style=\"text-align: left;\">\u00a0<\/p>\n<p style=\"text-align: left;\">\n\n<\/p>\n<figure><img loading=\"lazy\" decoding=\"async\" src=\"https:\/\/misviajes750.files.wordpress.com\/2023\/08\/07-marmotas.jpg?w=700\" alt=\"\" width=\"1038\" height=\"692\" \/><\/figure>\n<p style=\"text-align: left;\">\u00a0<\/p>\n<p style=\"text-align: left;\">\n\n<\/p>\n<figure><img loading=\"lazy\" decoding=\"async\" src=\"https:\/\/misviajes750.files.wordpress.com\/2023\/08\/07-marmotas-2.jpg?w=700\" alt=\"\" width=\"1038\" height=\"692\" \/><\/figure>\n<p style=\"text-align: left;\">\u00a0<\/p>\n<p style=\"text-align: left;\">\n\n<\/p>\n<figure><img loading=\"lazy\" decoding=\"async\" src=\"https:\/\/misviajes750.files.wordpress.com\/2023\/08\/07-marmotas-3.jpg?w=700\" alt=\"\" width=\"1038\" height=\"692\" \/><\/figure>\n<p style=\"text-align: left;\">\u00a0<\/p>\n<p style=\"text-align: left;\">\n\n\n<\/p>\n<figure><img loading=\"lazy\" decoding=\"async\" src=\"https:\/\/misviajes750.files.wordpress.com\/2023\/08\/07-marmotas-4.jpg?w=700\" alt=\"\" width=\"1038\" height=\"638\" \/><\/figure>\n<p style=\"text-align: left;\">\u00a0<\/p>\n<p style=\"text-align: left;\">\n\n\n<\/p>\n<figure><img loading=\"lazy\" decoding=\"async\" src=\"https:\/\/misviajes750.files.wordpress.com\/2023\/08\/08-lobo-2.jpg?w=700\" alt=\"\" width=\"1038\" height=\"692\" \/><\/figure>\n<p style=\"text-align: left;\">\u00a0<\/p>\n<p style=\"text-align: left;\">\n\n<\/p>\n<figure><img loading=\"lazy\" decoding=\"async\" src=\"https:\/\/misviajes750.files.wordpress.com\/2023\/08\/08-lobo-3.jpg?w=700\" alt=\"\" width=\"1038\" height=\"678\" \/><\/figure>\n<p style=\"text-align: left;\">\u00a0<\/p>\n<p style=\"text-align: left;\">\n\n<\/p>\n<figure><img loading=\"lazy\" decoding=\"async\" src=\"https:\/\/misviajes750.files.wordpress.com\/2023\/08\/08-lobo.jpg?w=700\" alt=\"\" width=\"1038\" height=\"692\" \/><\/figure>\n<p style=\"text-align: left;\">\u00a0<\/p>\n<p style=\"text-align: left;\">\n\n<\/p>\n<figure><img loading=\"lazy\" decoding=\"async\" src=\"https:\/\/misviajes750.files.wordpress.com\/2023\/08\/09-bisonte.jpg?w=700\" alt=\"\" width=\"1038\" height=\"692\" \/><\/figure>\n<p style=\"text-align: left;\">\u00a0<\/p>\n<p style=\"text-align: left;\">\n\n<\/p>\n<figure><img loading=\"lazy\" decoding=\"async\" src=\"https:\/\/misviajes750.files.wordpress.com\/2023\/08\/10-oso-3.jpg?w=700\" alt=\"\" width=\"1038\" height=\"692\" \/><\/figure>\n<p style=\"text-align: left;\">\u00a0<\/p>\n<p style=\"text-align: left;\">\n\n<\/p>\n<figure><img loading=\"lazy\" decoding=\"async\" src=\"https:\/\/misviajes750.files.wordpress.com\/2023\/08\/10-oso-2.jpg?w=700\" alt=\"\" width=\"1038\" height=\"692\" \/><\/figure>\n<p style=\"text-align: left;\">\u00a0<\/p>\n<p style=\"text-align: left;\">\n\n<\/p>\n<figure><img loading=\"lazy\" decoding=\"async\" src=\"https:\/\/misviajes750.files.wordpress.com\/2023\/08\/10-oso.jpg?w=700\" alt=\"\" width=\"1038\" height=\"692\" \/><\/figure>\n<p style=\"text-align: left;\">\u00a0<\/p>\n<p style=\"text-align: left;\">\n\n\n<\/p>\n<p style=\"text-align: left;\">Volvemos a la furgo y tomamos un gazpacho muy fresquito. Es un gusto tener electricidad para que la nevera funcione a tope. Pasamos la tarde tranquilamente en el \u00e1rea. Voy varias veces al wc que hay junto a la entrada al parque, parece que estar\u00e1 abierto toda la noche. A eso de las siete empieza a caer la niebla por lo que empieza a bajar la temperatura.\u00a0 Cojo otro ticket de 24 horas, son otros 11\u20ac.<\/p>\n<p>\u00a0<\/p>\n<p style=\"text-align: left;\">\n\n\n<\/p>\n<p style=\"text-align: left;\"><strong>16 de julio<\/strong><\/p>\n<p>\u00a0<\/p>\n<p style=\"text-align: left;\">\n\n<\/p>\n<p style=\"text-align: left;\">La noche ha sido fr\u00eda, la niebla, ya se sabe. Despu\u00e9s de desayunar vamos a comprar al supermercado Casino de Bolqu\u00e8re. De all\u00ed a Mont-Louis. Aparcamos al lado de la muralla, se puede dormir aqu\u00ed pero no nos gusta.\u00a0<\/p>\n<p>\u00a0<\/p>\n<p style=\"text-align: left;\">\n\n<\/p>\n<figure><img loading=\"lazy\" decoding=\"async\" src=\"https:\/\/misviajes750.files.wordpress.com\/2023\/08\/img_5095.jpg?w=700\" alt=\"\" width=\"1038\" height=\"692\" \/><\/figure>\n<p style=\"text-align: left;\">\u00a0<\/p>\n<p style=\"text-align: left;\">\n\n<\/p>\n<figure><img loading=\"lazy\" decoding=\"async\" src=\"https:\/\/misviajes750.files.wordpress.com\/2023\/08\/img_5096.jpg?w=700\" alt=\"\" width=\"1038\" height=\"692\" \/><\/figure>\n<p style=\"text-align: left;\">\u00a0<\/p>\n<p style=\"text-align: left;\">\n\n<\/p>\n<p style=\"text-align: left;\">Damos una vuelta por la fortaleza de Vauban.<\/p>\n<p style=\"text-align: left;\">\n\n<\/p>\n<p style=\"text-align: left;\">Para comer vamos al parking (42.57771, 2.09508) que hay al lado del \u00e1rea AC de Matemale porque esperamos encontrar un lugar con sombra. Cuando llegamos est\u00e1 muy lleno pero s\u00ed encontramos una buena sombra. Este parking es de pago 3\u20ac de 9 a 19h. Pero tienen una hora gratis, as\u00ed que cojo esta opci\u00f3n. Comemos y nos vamos. Volvemos al \u00e1rea AC de Les Angles porque el c\u00e1mping de Mont-Louis sigue teniendo un cartel de completo y ese \u00e1rea nos parece la mejor opci\u00f3n. Pasamos la tarde leyendo y disfrutando de la temperatura.<\/p>\n<p>\u00a0<\/p>\n<p style=\"text-align: left;\">\n\n<\/p>\n<p style=\"text-align: left;\"><strong>17 de julio<\/strong><\/p>\n<p>\u00a0<\/p>\n<p style=\"text-align: left;\">\n\n\n<\/p>\n<p style=\"text-align: left;\">En este \u00e1rea se est\u00e1 muy bien pero si no vienes a caminar por la monta\u00f1a, y no hemos venido a eso, no hay nada que hacer. Decidimos ir a N\u00faria, para ello vamos a Ribes de Freser pasando por Ll\u00edvia. Hacemos tambi\u00e9n la Collada de Toses. Nos instalamos en el c\u00e1mping. Cuesta 33\u20ac. No tiene mucha sombra y nos da el sol toda la tarde. Llegamos a 34 grados. Luego baja la temperatura y dormimos muy bien, incluso con una mantita.<\/p>\n<p style=\"text-align: left;\">\n\n\n<\/p>\n<p style=\"text-align: left;\">Estudiamos la jugada porque del camping a la estaci\u00f3n del cremallera hay poco m\u00e1s de 1 km pero la vuelta ser\u00e1 cuesta arriba y con mucho calor, estudiamos dejar la Furgo en el parking pero no parece muy grande. Al final, y viendo que ma\u00f1ana har\u00e1 todav\u00eda m\u00e1s calor, decidimos que volveremos a casa.<\/p>\n<p>\u00a0<\/p>\n<p style=\"text-align: left;\">\n\n<\/p>\n<p style=\"text-align: left;\"><strong>18 de julio<\/strong><\/p>\n<p>\u00a0<\/p>\n<p style=\"text-align: left;\">\n\n<\/p>\n<p style=\"text-align: left;\">Despu\u00e9s de desayunar tranquilamente y vaciar todos los dep\u00f3sitos de la furgo, empezamos la vuelta a casa. Volvemos por donde vinimos pero nos desviamos a Santas Creus para comer donde, por suerte, encontramos una buena sombra. Llegamos a casa sobre las cuatro y pico de la tarde.<\/p>\n<p>\u00a0<\/p>\n<p style=\"text-align: left;\">\n\n<\/p>\n<figure><a href=\"https:\/\/www.google.com\/maps\/d\/u\/0\/edit?mid=1z-EDuLYlpbbXTjRMI4TRoVUU2F9U5c4&amp;usp=sharing\"><img loading=\"lazy\" decoding=\"async\" src=\"https:\/\/misviajes750.files.wordpress.com\/2023\/08\/ruta-.jpg?w=700\" alt=\"\" width=\"1038\" height=\"595\" \/><\/a><\/figure>\n<p>\n\n<\/p>\n\n\n<p><\/p>\n\n\n\n<div class=\"wp-block-comments\">\n\n\n\n\n\n\t<div id=\"respond\" class=\"comment-respond wp-block-post-comments-form\">\n\t\t<h3 id=\"reply-title\" class=\"comment-reply-title\">Deja un comentario <small><a rel=\"nofollow\" id=\"cancel-comment-reply-link\" href=\"\/index.php\/wp-json\/wp\/v2\/pages\/13788#respond\" style=\"display:none;\">Cancelar la respuesta<\/a><\/small><\/h3><form action=\"https:\/\/misviajes.rosaguijarro.com\/wp-comments-post.php\" method=\"post\" id=\"commentform\" class=\"comment-form\"><p class=\"comment-form-comment\"><label for=\"comment\" class=\"screen-reader-text\">Comentario<\/label><textarea id=\"comment\" name=\"comment\" cols=\"45\" rows=\"8\" required><\/textarea><\/p><label for=\"author\" class=\"screen-reader-text\">Nombre<\/label><input placeholder=\"Nombre *\" id=\"author\" name=\"author\" type=\"text\" value=\"\" size=\"30\" required \/>\n<label for=\"email\" class=\"screen-reader-text\">Correo electr\u00f3nico<\/label><input placeholder=\"Correo electr\u00f3nico *\" id=\"email\" name=\"email\" type=\"email\" value=\"\" size=\"30\" required \/>\n<label for=\"url\" class=\"screen-reader-text\">Web<\/label><input placeholder=\"Web\" id=\"url\" name=\"url\" type=\"url\" value=\"\" size=\"30\" \/>\n<p class=\"comment-form-cookies-consent\"><input id=\"wp-comment-cookies-consent\" name=\"wp-comment-cookies-consent\" type=\"checkbox\" value=\"yes\" \/> <label for=\"wp-comment-cookies-consent\">Guarda mi nombre, correo electr\u00f3nico y web en este navegador para la pr\u00f3xima vez que comente.<\/label><\/p>\n<p class=\"form-submit\"><input name=\"submit\" type=\"submit\" id=\"submit\" class=\"submit\" value=\"Publicar comentario\" \/> <input type='hidden' name='comment_post_ID' value='13788' id='comment_post_ID' \/>\n<input type='hidden' name='comment_parent' id='comment_parent' value='0' \/>\n<\/p><p style=\"display: none;\"><input type=\"hidden\" id=\"akismet_comment_nonce\" name=\"akismet_comment_nonce\" value=\"5115e36f82\" \/><\/p><p style=\"display: none !important;\" class=\"akismet-fields-container\" data-prefix=\"ak_\"><label>&#916;<textarea name=\"ak_hp_textarea\" cols=\"45\" rows=\"8\" maxlength=\"100\"><\/textarea><\/label><input type=\"hidden\" id=\"ak_js_1\" name=\"ak_js\" value=\"216\"\/><script>\ndocument.getElementById( \"ak_js_1\" ).setAttribute( \"value\", ( new Date() ).getTime() );\n<\/script>\n<\/p><\/form>\t<\/div><!-- #respond -->\n\t<\/div>\n","protected":false},"excerpt":{"rendered":"<p>13 de julio Este mes de julio estamos de dentistas y otros m\u00e9dicos y cuando no tiene cita uno la tiene el otro. As\u00ed que aqu\u00ed estamos, aguantando malamente la ola de calor, pero los astros se han alineado y nos han dejado una semana libre, as\u00ed que nos vamos a tomar el fresco, a &#8230; <a title=\"Excursi\u00f3n al Pirineo huyendo del calor (julio 2023)\" class=\"read-more\" href=\"https:\/\/misviajes.rosaguijarro.com\/index.php\/excursion-al-pirineo-huyendo-del-calor-julio-2023\/\" aria-label=\"Leer m\u00e1s sobre Excursi\u00f3n al Pirineo huyendo del calor (julio 2023)\">Leer m\u00e1s<\/a><\/p>\n","protected":false},"author":2,"featured_media":0,"parent":0,"menu_order":0,"comment_status":"open","ping_status":"closed","template":"","meta":{"iawp_total_views":1,"footnotes":""},"class_list":["post-13788","page","type-page","status-publish"],"_links":{"self":[{"href":"https:\/\/misviajes.rosaguijarro.com\/index.php\/wp-json\/wp\/v2\/pages\/13788","targetHints":{"allow":["GET"]}}],"collection":[{"href":"https:\/\/misviajes.rosaguijarro.com\/index.php\/wp-json\/wp\/v2\/pages"}],"about":[{"href":"https:\/\/misviajes.rosaguijarro.com\/index.php\/wp-json\/wp\/v2\/types\/page"}],"author":[{"embeddable":true,"href":"https:\/\/misviajes.rosaguijarro.com\/index.php\/wp-json\/wp\/v2\/users\/2"}],"replies":[{"embeddable":true,"href":"https:\/\/misviajes.rosaguijarro.com\/index.php\/wp-json\/wp\/v2\/comments?post=13788"}],"version-history":[{"count":12,"href":"https:\/\/misviajes.rosaguijarro.com\/index.php\/wp-json\/wp\/v2\/pages\/13788\/revisions"}],"predecessor-version":[{"id":17134,"href":"https:\/\/misviajes.rosaguijarro.com\/index.php\/wp-json\/wp\/v2\/pages\/13788\/revisions\/17134"}],"wp:attachment":[{"href":"https:\/\/misviajes.rosaguijarro.com\/index.php\/wp-json\/wp\/v2\/media?parent=13788"}],"curies":[{"name":"wp","href":"https:\/\/api.w.org\/{rel}","templated":true}]}}